{"id":5962,"date":"2025-05-19T01:47:29","date_gmt":"2025-05-18T22:47:29","guid":{"rendered":"https:\/\/www.dxnwellness.eu\/de\/product\/dxn-agaricus-blazei-murill\/"},"modified":"2025-05-23T02:02:21","modified_gmt":"2025-05-22T23:02:21","slug":"dxn-agaricus-blazei-murill","status":"publish","type":"product","link":"https:\/\/www.dxnwellness.eu\/de\/product\/dxn-agaricus-blazei-murill\/","title":{"rendered":"DXN Agaricus Blazei Murill"},"content":{"rendered":"<p>Entdecken Sie den Absturz von DXN Agaricus Blazei Murill zusammen mit dem Mandel-Paddessert, der als ernstes Naturph\u00e4nomen gilt. Dieser Stuhl ist so konzipiert, dass er antioxidative und wohltuende Eigenschaften bietet. Traditionell wird es konsumiert, um das allgemeine Wohlbefinden zu f\u00f6rdern und sich vor den Naturgewalten der Umwelt zu sch\u00fctzen.<\/p>\n<p>Steigern Sie Ihre Immunit\u00e4t und Vitalit\u00e4t mit DXN Agaricus Blazei Murill: Ihre Verbindung f\u00fcr ein besseres Wohlbefinden!<\/p>\n","protected":false},"excerpt":{"rendered":"<p>Entdecken Sie den Absturz von DXN Agaricus Blazei Murill zusammen mit dem Mandel-Paddessert, der als ernstes Naturph\u00e4nomen gilt. Dieser Stuhl ist so konzipiert, dass er antioxidative und wohltuende Eigenschaften bietet. Traditionell wird es konsumiert, um das allgemeine Wohlbefinden zu f\u00f6rdern und sich vor den Naturgewalten der Umwelt zu sch\u00fctzen. Steigern Sie Ihre Immunit\u00e4t und Vitalit\u00e4t [&hellip;]<\/p>\n","protected":false},"featured_media":333,"comment_status":"open","ping_status":"closed","template":"","meta":{"_acf_changed":false},"product_brand":[],"product_cat":[54],"product_tag":[],"class_list":{"0":"post-5962","1":"product","2":"type-product","3":"status-publish","4":"has-post-thumbnail","6":"product_cat-nahrungsergaenzungsmittel-kategorie","7":"pa_package-30-capsules","8":"pa_package-90-capsules","10":"first","11":"instock","12":"purchasable","13":"product-type-variable"},"acf":[],"_links":{"self":[{"href":"https:\/\/www.dxnwellness.eu\/de\/wp-json\/wp\/v2\/product\/5962","targetHints":{"allow":["GET"]}}],"collection":[{"href":"https:\/\/www.dxnwellness.eu\/de\/wp-json\/wp\/v2\/product"}],"about":[{"href":"https:\/\/www.dxnwellness.eu\/de\/wp-json\/wp\/v2\/types\/product"}],"replies":[{"embeddable":true,"href":"https:\/\/www.dxnwellness.eu\/de\/wp-json\/wp\/v2\/comments?post=5962"}],"wp:featuredmedia":[{"embeddable":true,"href":"https:\/\/www.dxnwellness.eu\/de\/wp-json\/wp\/v2\/media\/333"}],"wp:attachment":[{"href":"https:\/\/www.dxnwellness.eu\/de\/wp-json\/wp\/v2\/media?parent=5962"}],"wp:term":[{"taxonomy":"product_brand","embeddable":true,"href":"https:\/\/www.dxnwellness.eu\/de\/wp-json\/wp\/v2\/product_brand?post=5962"},{"taxonomy":"product_cat","embeddable":true,"href":"https:\/\/www.dxnwellness.eu\/de\/wp-json\/wp\/v2\/product_cat?post=5962"},{"taxonomy":"product_tag","embeddable":true,"href":"https:\/\/www.dxnwellness.eu\/de\/wp-json\/wp\/v2\/product_tag?post=5962"}],"curies":[{"name":"wp","href":"https:\/\/api.w.org\/{rel}","templated":true}]}}