{"id":5959,"date":"2025-05-19T01:47:29","date_gmt":"2025-05-18T22:47:29","guid":{"rendered":"https:\/\/www.dxnwellness.eu\/de\/product\/dxn-mengkudu\/"},"modified":"2025-05-23T02:02:21","modified_gmt":"2025-05-22T23:02:21","slug":"dxn-mengkudu","status":"publish","type":"product","link":"https:\/\/www.dxnwellness.eu\/de\/product\/dxn-mengkudu\/","title":{"rendered":"DXN Mengkudu"},"content":{"rendered":"<p>Entdecken Sie die Vorteile von Mengkudu (Noni) mit DXN Mengkudu-Kapseln. Achten Sie auf das richtige Nahrungsangebot. Dieses Erg\u00e4nzungsmittel wirkt sich positiv auf die geistige und k\u00f6rperliche Leistungsf\u00e4higkeit aus, f\u00f6rdert die Immunfunktion, verbessert die Stimmung und st\u00e4rkt die Immunit\u00e4t.<\/p>\n<p>Diese Kapseln sind eine praktische Alternative f\u00fcr Menschen, die den starken Geruch von Noni-Saft nicht m\u00f6gen.<\/p>\n","protected":false},"excerpt":{"rendered":"<p>Entdecken Sie die Vorteile von Mengkudu (Noni) mit DXN Mengkudu-Kapseln. Achten Sie auf das richtige Nahrungsangebot. Dieses Erg\u00e4nzungsmittel wirkt sich positiv auf die geistige und k\u00f6rperliche Leistungsf\u00e4higkeit aus, f\u00f6rdert die Immunfunktion, verbessert die Stimmung und st\u00e4rkt die Immunit\u00e4t. Diese Kapseln sind eine praktische Alternative f\u00fcr Menschen, die den starken Geruch von Noni-Saft nicht m\u00f6gen.<\/p>\n","protected":false},"featured_media":331,"comment_status":"open","ping_status":"closed","template":"","meta":{"_acf_changed":false},"product_brand":[],"product_cat":[54],"product_tag":[],"class_list":{"0":"post-5959","1":"product","2":"type-product","3":"status-publish","4":"has-post-thumbnail","6":"product_cat-nahrungsergaenzungsmittel-kategorie","7":"pa_package-30-capsules","8":"pa_package-90-capsules","10":"first","11":"instock","12":"purchasable","13":"product-type-variable"},"acf":[],"_links":{"self":[{"href":"https:\/\/www.dxnwellness.eu\/de\/wp-json\/wp\/v2\/product\/5959","targetHints":{"allow":["GET"]}}],"collection":[{"href":"https:\/\/www.dxnwellness.eu\/de\/wp-json\/wp\/v2\/product"}],"about":[{"href":"https:\/\/www.dxnwellness.eu\/de\/wp-json\/wp\/v2\/types\/product"}],"replies":[{"embeddable":true,"href":"https:\/\/www.dxnwellness.eu\/de\/wp-json\/wp\/v2\/comments?post=5959"}],"wp:featuredmedia":[{"embeddable":true,"href":"https:\/\/www.dxnwellness.eu\/de\/wp-json\/wp\/v2\/media\/331"}],"wp:attachment":[{"href":"https:\/\/www.dxnwellness.eu\/de\/wp-json\/wp\/v2\/media?parent=5959"}],"wp:term":[{"taxonomy":"product_brand","embeddable":true,"href":"https:\/\/www.dxnwellness.eu\/de\/wp-json\/wp\/v2\/product_brand?post=5959"},{"taxonomy":"product_cat","embeddable":true,"href":"https:\/\/www.dxnwellness.eu\/de\/wp-json\/wp\/v2\/product_cat?post=5959"},{"taxonomy":"product_tag","embeddable":true,"href":"https:\/\/www.dxnwellness.eu\/de\/wp-json\/wp\/v2\/product_tag?post=5959"}],"curies":[{"name":"wp","href":"https:\/\/api.w.org\/{rel}","templated":true}]}}