{"id":5957,"date":"2025-05-19T01:47:29","date_gmt":"2025-05-18T22:47:29","guid":{"rendered":"https:\/\/www.dxnwellness.eu\/de\/product\/dxn-roselle-tablets\/"},"modified":"2025-05-23T02:02:19","modified_gmt":"2025-05-22T23:02:19","slug":"dxn-roselle-tablets","status":"publish","type":"product","link":"https:\/\/www.dxnwellness.eu\/de\/product\/dxn-roselle-tablets\/","title":{"rendered":"DXN Roselle Tablets"},"content":{"rendered":"<p>Geben Sie Ihrem Getr\u00e4nk DXN Roselle-Tabletten hinzu, die aus dem Extrakt der Hibiskuspflanze (Hibiscus sabdariffa) hergestellt werden. Unterst\u00fctzen Sie die Gesundheit des Magen-Darm-Kanals. Unterst\u00fctzung beim Spucketausch. Verantwortung f\u00fcr die Dunkelfunktion. Unterst\u00fctzen Sie einen besseren Sitz und einen normalen Sitz. Hilft Ihnen, optimalen Bel\u00fcftungskomfort zu erreichen. Ziehen Sie R\u00fccksicht auf das k\u00f6rperliche Wohlbefinden.<\/p>\n<p>Unterst\u00fctzen Sie Ihr allgemeines Wohlbefinden mit DXN Roselle-Tabletten!<\/p>\n","protected":false},"excerpt":{"rendered":"<p>Geben Sie Ihrem Getr\u00e4nk DXN Roselle-Tabletten hinzu, die aus dem Extrakt der Hibiskuspflanze (Hibiscus sabdariffa) hergestellt werden. Unterst\u00fctzen Sie die Gesundheit des Magen-Darm-Kanals. Unterst\u00fctzung beim Spucketausch. Verantwortung f\u00fcr die Dunkelfunktion. Unterst\u00fctzen Sie einen besseren Sitz und einen normalen Sitz. Hilft Ihnen, optimalen Bel\u00fcftungskomfort zu erreichen. Ziehen Sie R\u00fccksicht auf das k\u00f6rperliche Wohlbefinden. Unterst\u00fctzen Sie Ihr [&hellip;]<\/p>\n","protected":false},"featured_media":330,"comment_status":"open","ping_status":"closed","template":"","meta":{"_acf_changed":false},"product_brand":[],"product_cat":[54],"product_tag":[],"class_list":{"0":"post-5957","1":"product","2":"type-product","3":"status-publish","4":"has-post-thumbnail","6":"product_cat-nahrungsergaenzungsmittel-kategorie","7":"pa_package-120-tablets","9":"first","10":"instock","11":"purchasable","12":"product-type-simple"},"acf":[],"_links":{"self":[{"href":"https:\/\/www.dxnwellness.eu\/de\/wp-json\/wp\/v2\/product\/5957","targetHints":{"allow":["GET"]}}],"collection":[{"href":"https:\/\/www.dxnwellness.eu\/de\/wp-json\/wp\/v2\/product"}],"about":[{"href":"https:\/\/www.dxnwellness.eu\/de\/wp-json\/wp\/v2\/types\/product"}],"replies":[{"embeddable":true,"href":"https:\/\/www.dxnwellness.eu\/de\/wp-json\/wp\/v2\/comments?post=5957"}],"wp:featuredmedia":[{"embeddable":true,"href":"https:\/\/www.dxnwellness.eu\/de\/wp-json\/wp\/v2\/media\/330"}],"wp:attachment":[{"href":"https:\/\/www.dxnwellness.eu\/de\/wp-json\/wp\/v2\/media?parent=5957"}],"wp:term":[{"taxonomy":"product_brand","embeddable":true,"href":"https:\/\/www.dxnwellness.eu\/de\/wp-json\/wp\/v2\/product_brand?post=5957"},{"taxonomy":"product_cat","embeddable":true,"href":"https:\/\/www.dxnwellness.eu\/de\/wp-json\/wp\/v2\/product_cat?post=5957"},{"taxonomy":"product_tag","embeddable":true,"href":"https:\/\/www.dxnwellness.eu\/de\/wp-json\/wp\/v2\/product_tag?post=5957"}],"curies":[{"name":"wp","href":"https:\/\/api.w.org\/{rel}","templated":true}]}}