{"id":5954,"date":"2025-05-19T01:47:29","date_gmt":"2025-05-18T22:47:29","guid":{"rendered":"https:\/\/www.dxnwellness.eu\/de\/product\/dxn-black-cumin-plus\/"},"modified":"2025-05-23T02:02:21","modified_gmt":"2025-05-22T23:02:21","slug":"dxn-black-cumin-plus","status":"publish","type":"product","link":"https:\/\/www.dxnwellness.eu\/de\/product\/dxn-black-cumin-plus\/","title":{"rendered":"DXN Black Cumin Plus"},"content":{"rendered":"<p>Entdecken Sie die nat\u00fcrlichen Inhaltsstoffe von DXN Black Cumin Plus, einer einzigartigen Mischung aus Schwarzk\u00fcmmel (Nigella sativa), schwarzem Pfeffer und Kreuzk\u00fcmmel. Diese Kombination basiert traditionell auf der Unterst\u00fctzung des Allgemeinwohls, dem Bed\u00fcrfnis nach Komfort w\u00e4hrend der Isolation und dem Nutzen einer sozialen Sicherung.<\/p>\n<p>Befeuchten Sie Ihren Licheam mit dieser aromatischen Kr\u00e4utermischung und lassen Sie ihn abk\u00fchlen!<\/p>\n","protected":false},"excerpt":{"rendered":"<p>Entdecken Sie die nat\u00fcrlichen Inhaltsstoffe von DXN Black Cumin Plus, einer einzigartigen Mischung aus Schwarzk\u00fcmmel (Nigella sativa), schwarzem Pfeffer und Kreuzk\u00fcmmel. Diese Kombination basiert traditionell auf der Unterst\u00fctzung des Allgemeinwohls, dem Bed\u00fcrfnis nach Komfort w\u00e4hrend der Isolation und dem Nutzen einer sozialen Sicherung. Befeuchten Sie Ihren Licheam mit dieser aromatischen Kr\u00e4utermischung und lassen Sie ihn [&hellip;]<\/p>\n","protected":false},"featured_media":328,"comment_status":"open","ping_status":"closed","template":"","meta":{"_acf_changed":false},"product_brand":[],"product_cat":[54],"product_tag":[],"class_list":{"0":"post-5954","1":"product","2":"type-product","3":"status-publish","4":"has-post-thumbnail","6":"product_cat-nahrungsergaenzungsmittel-kategorie","7":"pa_package-30-capsules","8":"pa_package-90-capsules","10":"first","11":"instock","12":"purchasable","13":"product-type-variable"},"acf":[],"_links":{"self":[{"href":"https:\/\/www.dxnwellness.eu\/de\/wp-json\/wp\/v2\/product\/5954","targetHints":{"allow":["GET"]}}],"collection":[{"href":"https:\/\/www.dxnwellness.eu\/de\/wp-json\/wp\/v2\/product"}],"about":[{"href":"https:\/\/www.dxnwellness.eu\/de\/wp-json\/wp\/v2\/types\/product"}],"replies":[{"embeddable":true,"href":"https:\/\/www.dxnwellness.eu\/de\/wp-json\/wp\/v2\/comments?post=5954"}],"wp:featuredmedia":[{"embeddable":true,"href":"https:\/\/www.dxnwellness.eu\/de\/wp-json\/wp\/v2\/media\/328"}],"wp:attachment":[{"href":"https:\/\/www.dxnwellness.eu\/de\/wp-json\/wp\/v2\/media?parent=5954"}],"wp:term":[{"taxonomy":"product_brand","embeddable":true,"href":"https:\/\/www.dxnwellness.eu\/de\/wp-json\/wp\/v2\/product_brand?post=5954"},{"taxonomy":"product_cat","embeddable":true,"href":"https:\/\/www.dxnwellness.eu\/de\/wp-json\/wp\/v2\/product_cat?post=5954"},{"taxonomy":"product_tag","embeddable":true,"href":"https:\/\/www.dxnwellness.eu\/de\/wp-json\/wp\/v2\/product_tag?post=5954"}],"curies":[{"name":"wp","href":"https:\/\/api.w.org\/{rel}","templated":true}]}}