{"id":5951,"date":"2025-05-19T01:47:29","date_gmt":"2025-05-18T22:47:29","guid":{"rendered":"https:\/\/www.dxnwellness.eu\/de\/product\/dxn-andro-g\/"},"modified":"2025-05-23T02:02:21","modified_gmt":"2025-05-22T23:02:21","slug":"dxn-andro-g","status":"publish","type":"product","link":"https:\/\/www.dxnwellness.eu\/de\/product\/dxn-andro-g\/","title":{"rendered":"DXN Andro-G"},"content":{"rendered":"<p>Entdecken Sie den Absturz von DXN Andro-G, einem Joint der Pflanze Andrographis paniculata, der w\u00e4hrend seiner Reise auch als \u201eK\u00f6nig der Bitter\u201c bekannt ist. Dieses Erg\u00e4nzungsmittel f\u00fcr kaltes Wetter wird traditionell verwendet, um den Komfort bei h\u00f6chstem Luftstrom zu unterst\u00fctzen, eine normale Temperatur aufrechtzuerhalten, die Hitze zu reduzieren und die Temperatur und die Durchflussrate zu erh\u00f6hen.<\/p>\n<p>Lassen Sie den \u201eK\u00f6nig der Bitterstoffe\u201c Ihr nat\u00fcrliches Wohlbefinden unterst\u00fctzen und Ihnen helfen, das zu sehen, was Sie wollen!<\/p>\n","protected":false},"excerpt":{"rendered":"<p>Entdecken Sie den Absturz von DXN Andro-G, einem Joint der Pflanze Andrographis paniculata, der w\u00e4hrend seiner Reise auch als \u201eK\u00f6nig der Bitter\u201c bekannt ist. Dieses Erg\u00e4nzungsmittel f\u00fcr kaltes Wetter wird traditionell verwendet, um den Komfort bei h\u00f6chstem Luftstrom zu unterst\u00fctzen, eine normale Temperatur aufrechtzuerhalten, die Hitze zu reduzieren und die Temperatur und die Durchflussrate zu [&hellip;]<\/p>\n","protected":false},"featured_media":326,"comment_status":"open","ping_status":"closed","template":"","meta":{"_acf_changed":false},"product_brand":[],"product_cat":[54],"product_tag":[],"class_list":{"0":"post-5951","1":"product","2":"type-product","3":"status-publish","4":"has-post-thumbnail","6":"product_cat-nahrungsergaenzungsmittel-kategorie","7":"pa_package-30-capsules","8":"pa_package-90-capsules","10":"first","11":"instock","12":"purchasable","13":"product-type-variable"},"acf":[],"_links":{"self":[{"href":"https:\/\/www.dxnwellness.eu\/de\/wp-json\/wp\/v2\/product\/5951","targetHints":{"allow":["GET"]}}],"collection":[{"href":"https:\/\/www.dxnwellness.eu\/de\/wp-json\/wp\/v2\/product"}],"about":[{"href":"https:\/\/www.dxnwellness.eu\/de\/wp-json\/wp\/v2\/types\/product"}],"replies":[{"embeddable":true,"href":"https:\/\/www.dxnwellness.eu\/de\/wp-json\/wp\/v2\/comments?post=5951"}],"wp:featuredmedia":[{"embeddable":true,"href":"https:\/\/www.dxnwellness.eu\/de\/wp-json\/wp\/v2\/media\/326"}],"wp:attachment":[{"href":"https:\/\/www.dxnwellness.eu\/de\/wp-json\/wp\/v2\/media?parent=5951"}],"wp:term":[{"taxonomy":"product_brand","embeddable":true,"href":"https:\/\/www.dxnwellness.eu\/de\/wp-json\/wp\/v2\/product_brand?post=5951"},{"taxonomy":"product_cat","embeddable":true,"href":"https:\/\/www.dxnwellness.eu\/de\/wp-json\/wp\/v2\/product_cat?post=5951"},{"taxonomy":"product_tag","embeddable":true,"href":"https:\/\/www.dxnwellness.eu\/de\/wp-json\/wp\/v2\/product_tag?post=5951"}],"curies":[{"name":"wp","href":"https:\/\/api.w.org\/{rel}","templated":true}]}}