{"id":5949,"date":"2025-05-19T01:47:29","date_gmt":"2025-05-18T22:47:29","guid":{"rendered":"https:\/\/www.dxnwellness.eu\/de\/product\/dxn-lions-mane\/"},"modified":"2025-05-23T02:02:19","modified_gmt":"2025-05-22T23:02:19","slug":"dxn-lions-mane","status":"publish","type":"product","link":"https:\/\/www.dxnwellness.eu\/de\/product\/dxn-lions-mane\/","title":{"rendered":"DXN Lion\u2019s Mane"},"content":{"rendered":"<p>Entdecken Sie das Potenzial von DXN Lion\u2018s Mane, das aus dem t\u00f6dlichen L\u00f6wenm\u00e4hnen-Pflanzenstamm (Hericium erinaceus) besteht. Dieses nat\u00fcrliche Nahrungserg\u00e4nzungsmittel basiert auf den Prinzipien und Grunds\u00e4tzen des Geistes und bietet eine Skala f\u00fcr Ihr Wohlbefinden. Igelstachelbart ist eine wunderbare M\u00f6glichkeit, Ihren Alltag zu unterst\u00fctzen.<\/p>\n<p>Igelstachelbart ist eine wertvolle Unterst\u00fctzung f\u00fcr Ihren Alltag und unterst\u00fctzt die kognitiven Funktionen, die geistige Entwicklung und die pers\u00f6nliche Vitalit\u00e4t.<\/p>\n","protected":false},"excerpt":{"rendered":"<p>Entdecken Sie das Potenzial von DXN Lion\u2018s Mane, das aus dem t\u00f6dlichen L\u00f6wenm\u00e4hnen-Pflanzenstamm (Hericium erinaceus) besteht. Dieses nat\u00fcrliche Nahrungserg\u00e4nzungsmittel basiert auf den Prinzipien und Grunds\u00e4tzen des Geistes und bietet eine Skala f\u00fcr Ihr Wohlbefinden. Igelstachelbart ist eine wunderbare M\u00f6glichkeit, Ihren Alltag zu unterst\u00fctzen. Igelstachelbart ist eine wertvolle Unterst\u00fctzung f\u00fcr Ihren Alltag und unterst\u00fctzt die kognitiven [&hellip;]<\/p>\n","protected":false},"featured_media":325,"comment_status":"open","ping_status":"closed","template":"","meta":{"_acf_changed":false},"product_brand":[],"product_cat":[54],"product_tag":[],"class_list":{"0":"post-5949","1":"product","2":"type-product","3":"status-publish","4":"has-post-thumbnail","6":"product_cat-nahrungsergaenzungsmittel-kategorie","7":"pa_package-120-tablets","9":"first","10":"instock","11":"purchasable","12":"product-type-simple"},"acf":[],"_links":{"self":[{"href":"https:\/\/www.dxnwellness.eu\/de\/wp-json\/wp\/v2\/product\/5949","targetHints":{"allow":["GET"]}}],"collection":[{"href":"https:\/\/www.dxnwellness.eu\/de\/wp-json\/wp\/v2\/product"}],"about":[{"href":"https:\/\/www.dxnwellness.eu\/de\/wp-json\/wp\/v2\/types\/product"}],"replies":[{"embeddable":true,"href":"https:\/\/www.dxnwellness.eu\/de\/wp-json\/wp\/v2\/comments?post=5949"}],"wp:featuredmedia":[{"embeddable":true,"href":"https:\/\/www.dxnwellness.eu\/de\/wp-json\/wp\/v2\/media\/325"}],"wp:attachment":[{"href":"https:\/\/www.dxnwellness.eu\/de\/wp-json\/wp\/v2\/media?parent=5949"}],"wp:term":[{"taxonomy":"product_brand","embeddable":true,"href":"https:\/\/www.dxnwellness.eu\/de\/wp-json\/wp\/v2\/product_brand?post=5949"},{"taxonomy":"product_cat","embeddable":true,"href":"https:\/\/www.dxnwellness.eu\/de\/wp-json\/wp\/v2\/product_cat?post=5949"},{"taxonomy":"product_tag","embeddable":true,"href":"https:\/\/www.dxnwellness.eu\/de\/wp-json\/wp\/v2\/product_tag?post=5949"}],"curies":[{"name":"wp","href":"https:\/\/api.w.org\/{rel}","templated":true}]}}