{"id":5947,"date":"2025-05-19T01:47:27","date_gmt":"2025-05-18T22:47:27","guid":{"rendered":"https:\/\/www.dxnwellness.eu\/de\/product\/dxn-poria-s\/"},"modified":"2025-05-23T02:02:19","modified_gmt":"2025-05-22T23:02:19","slug":"dxn-poria-s","status":"publish","type":"product","link":"https:\/\/www.dxnwellness.eu\/de\/product\/dxn-poria-s\/","title":{"rendered":"DXN Poria S"},"content":{"rendered":"<p>Entdecken Sie die nat\u00fcrlichen Eigenschaften von DXN Poria S, bestehend aus dem Myzel des Pferdefu\u00dfes (Wolfiporia extensa \/ Syn. Poria cocos). \u00dcberlegen Sie, wie Sie wichtige Mineralien und Polysaccharide erhalten. Poria cocos ist eine wichtige Erg\u00e4nzung zur Unterst\u00fctzung und F\u00f6rderung Ihres allgemeinen Wohlbefindens.<\/p>\n<p>Steigern Sie Ihre Vitalit\u00e4t und genie\u00dfen Sie einen Lebensstil mit ausgeglichenem Gewicht mit DXN Poria S!<\/p>\n","protected":false},"excerpt":{"rendered":"<p>Entdecken Sie die nat\u00fcrlichen Eigenschaften von DXN Poria S, bestehend aus dem Myzel des Pferdefu\u00dfes (Wolfiporia extensa \/ Syn. Poria cocos). \u00dcberlegen Sie, wie Sie wichtige Mineralien und Polysaccharide erhalten. Poria cocos ist eine wichtige Erg\u00e4nzung zur Unterst\u00fctzung und F\u00f6rderung Ihres allgemeinen Wohlbefindens. Steigern Sie Ihre Vitalit\u00e4t und genie\u00dfen Sie einen Lebensstil mit ausgeglichenem Gewicht [&hellip;]<\/p>\n","protected":false},"featured_media":324,"comment_status":"open","ping_status":"closed","template":"","meta":{"_acf_changed":false},"product_brand":[],"product_cat":[54],"product_tag":[],"class_list":{"0":"post-5947","1":"product","2":"type-product","3":"status-publish","4":"has-post-thumbnail","6":"product_cat-nahrungsergaenzungsmittel-kategorie","7":"pa_package-30g","9":"first","10":"instock","11":"purchasable","12":"product-type-simple"},"acf":[],"_links":{"self":[{"href":"https:\/\/www.dxnwellness.eu\/de\/wp-json\/wp\/v2\/product\/5947","targetHints":{"allow":["GET"]}}],"collection":[{"href":"https:\/\/www.dxnwellness.eu\/de\/wp-json\/wp\/v2\/product"}],"about":[{"href":"https:\/\/www.dxnwellness.eu\/de\/wp-json\/wp\/v2\/types\/product"}],"replies":[{"embeddable":true,"href":"https:\/\/www.dxnwellness.eu\/de\/wp-json\/wp\/v2\/comments?post=5947"}],"wp:featuredmedia":[{"embeddable":true,"href":"https:\/\/www.dxnwellness.eu\/de\/wp-json\/wp\/v2\/media\/324"}],"wp:attachment":[{"href":"https:\/\/www.dxnwellness.eu\/de\/wp-json\/wp\/v2\/media?parent=5947"}],"wp:term":[{"taxonomy":"product_brand","embeddable":true,"href":"https:\/\/www.dxnwellness.eu\/de\/wp-json\/wp\/v2\/product_brand?post=5947"},{"taxonomy":"product_cat","embeddable":true,"href":"https:\/\/www.dxnwellness.eu\/de\/wp-json\/wp\/v2\/product_cat?post=5947"},{"taxonomy":"product_tag","embeddable":true,"href":"https:\/\/www.dxnwellness.eu\/de\/wp-json\/wp\/v2\/product_tag?post=5947"}],"curies":[{"name":"wp","href":"https:\/\/api.w.org\/{rel}","templated":true}]}}