{"id":5943,"date":"2025-05-19T01:47:27","date_gmt":"2025-05-18T22:47:27","guid":{"rendered":"https:\/\/www.dxnwellness.eu\/de\/product\/dxn-spirulina\/"},"modified":"2025-05-23T02:02:21","modified_gmt":"2025-05-22T23:02:21","slug":"dxn-spirulina","status":"publish","type":"product","link":"https:\/\/www.dxnwellness.eu\/de\/product\/dxn-spirulina\/","title":{"rendered":"DXN Spirulina"},"content":{"rendered":"<p>Profitieren Sie vom nat\u00fcrlichen Effekt von Spirulina platensis, einer Blaualge, die f\u00fcr die Aufrechterhaltung der Algenfunktion Ihrer Pflanze unerl\u00e4sslich ist. DXN Spirulina enth\u00e4lt keine Chemikalien, Farbstoffe, Konservierungsmittel oder k\u00fcnstlichen oder synthetischen Inhaltsstoffe. Hier handelt es sich um eine reine, nat\u00fcrliche Nahrungsquelle. Sehr empfehlenswert. Es dient der Verhaltens\u00fcberwachung eines normalen Rauchers, der F\u00f6rderung der Gesundheit sowie der Unterst\u00fctzung des Immunsystems und der Vitalit\u00e4t des K\u00f6rpers. Spirulina unterst\u00fctzt Sie bei der Energieversorgung und kann beim Abnehmen helfen. Zetmeel-Ver\u00f6ffentlichung an der Haust\u00fcr. Das Fleisch wird durch den W\u00e4rmetauscher gef\u00fchrt und durch die W\u00e4rmetauscherfunktion beeinflusst. Es wird empfohlen, zur Aufzeichnung des Punktestands ein separates Konto zu haben. Spirulina ist ein Superfood, das das Energiesystem unterst\u00fctzt, seine k\u00f6rperliche Aktivit\u00e4t steigert und eine gro\u00dfartige Quelle des Wohlbefindens darstellt.<\/p>\n<p>Sehen Sie es mit Hilfe dieses bemerkenswerten Superfoods voller N\u00e4hrstoffe!<\/p>\n","protected":false},"excerpt":{"rendered":"<p>Profitieren Sie vom nat\u00fcrlichen Effekt von Spirulina platensis, einer Blaualge, die f\u00fcr die Aufrechterhaltung der Algenfunktion Ihrer Pflanze unerl\u00e4sslich ist. DXN Spirulina enth\u00e4lt keine Chemikalien, Farbstoffe, Konservierungsmittel oder k\u00fcnstlichen oder synthetischen Inhaltsstoffe. Hier handelt es sich um eine reine, nat\u00fcrliche Nahrungsquelle. Sehr empfehlenswert. Es dient der Verhaltens\u00fcberwachung eines normalen Rauchers, der F\u00f6rderung der Gesundheit sowie [&hellip;]<\/p>\n","protected":false},"featured_media":321,"comment_status":"open","ping_status":"closed","template":"","meta":{"_acf_changed":false},"product_brand":[],"product_cat":[54],"product_tag":[],"class_list":{"0":"post-5943","1":"product","2":"type-product","3":"status-publish","4":"has-post-thumbnail","6":"product_cat-nahrungsergaenzungsmittel-kategorie","7":"pa_package-120-tablets","8":"pa_package-500-tablets","9":"pa_package-50g","11":"first","12":"instock","13":"purchasable","14":"product-type-variable"},"acf":[],"_links":{"self":[{"href":"https:\/\/www.dxnwellness.eu\/de\/wp-json\/wp\/v2\/product\/5943","targetHints":{"allow":["GET"]}}],"collection":[{"href":"https:\/\/www.dxnwellness.eu\/de\/wp-json\/wp\/v2\/product"}],"about":[{"href":"https:\/\/www.dxnwellness.eu\/de\/wp-json\/wp\/v2\/types\/product"}],"replies":[{"embeddable":true,"href":"https:\/\/www.dxnwellness.eu\/de\/wp-json\/wp\/v2\/comments?post=5943"}],"wp:featuredmedia":[{"embeddable":true,"href":"https:\/\/www.dxnwellness.eu\/de\/wp-json\/wp\/v2\/media\/321"}],"wp:attachment":[{"href":"https:\/\/www.dxnwellness.eu\/de\/wp-json\/wp\/v2\/media?parent=5943"}],"wp:term":[{"taxonomy":"product_brand","embeddable":true,"href":"https:\/\/www.dxnwellness.eu\/de\/wp-json\/wp\/v2\/product_brand?post=5943"},{"taxonomy":"product_cat","embeddable":true,"href":"https:\/\/www.dxnwellness.eu\/de\/wp-json\/wp\/v2\/product_cat?post=5943"},{"taxonomy":"product_tag","embeddable":true,"href":"https:\/\/www.dxnwellness.eu\/de\/wp-json\/wp\/v2\/product_tag?post=5943"}],"curies":[{"name":"wp","href":"https:\/\/api.w.org\/{rel}","templated":true}]}}