{"id":5940,"date":"2025-05-19T01:47:27","date_gmt":"2025-05-18T22:47:27","guid":{"rendered":"https:\/\/www.dxnwellness.eu\/de\/product\/dxn-cordyceps\/"},"modified":"2025-05-23T02:02:21","modified_gmt":"2025-05-22T23:02:21","slug":"dxn-cordyceps","status":"publish","type":"product","link":"https:\/\/www.dxnwellness.eu\/de\/product\/dxn-cordyceps\/","title":{"rendered":"DXN Cordyceps"},"content":{"rendered":"<p>Entdecken Sie die nat\u00fcrliche Vitalit\u00e4t von DXN Cordyceps, kombiniert mit der alternden Cordyceps sinensis-Wurzel. Cordyceps ist f\u00fcr seine langj\u00e4hrige Anwendung in der traditionellen chinesischen Medizin bekannt und unterst\u00fctzt das Energieniveau und sorgt f\u00fcr einen aktiven, gesunden Lebensstil.<\/p>\n<p>Omar der Cordyceps-Crash \u2013 der Polsterstuhl f\u00fcr ein gesundes und energiegeladenes Leben!<\/p>\n","protected":false},"excerpt":{"rendered":"<p>Entdecken Sie die nat\u00fcrliche Vitalit\u00e4t von DXN Cordyceps, kombiniert mit der alternden Cordyceps sinensis-Wurzel. Cordyceps ist f\u00fcr seine langj\u00e4hrige Anwendung in der traditionellen chinesischen Medizin bekannt und unterst\u00fctzt das Energieniveau und sorgt f\u00fcr einen aktiven, gesunden Lebensstil. Omar der Cordyceps-Crash \u2013 der Polsterstuhl f\u00fcr ein gesundes und energiegeladenes Leben!<\/p>\n","protected":false},"featured_media":319,"comment_status":"open","ping_status":"closed","template":"","meta":{"_acf_changed":false},"product_brand":[],"product_cat":[54],"product_tag":[],"class_list":{"0":"post-5940","1":"product","2":"type-product","3":"status-publish","4":"has-post-thumbnail","6":"product_cat-nahrungsergaenzungsmittel-kategorie","7":"pa_package-30g","8":"pa_package-60-tablets","10":"first","11":"instock","12":"purchasable","13":"product-type-variable"},"acf":[],"_links":{"self":[{"href":"https:\/\/www.dxnwellness.eu\/de\/wp-json\/wp\/v2\/product\/5940","targetHints":{"allow":["GET"]}}],"collection":[{"href":"https:\/\/www.dxnwellness.eu\/de\/wp-json\/wp\/v2\/product"}],"about":[{"href":"https:\/\/www.dxnwellness.eu\/de\/wp-json\/wp\/v2\/types\/product"}],"replies":[{"embeddable":true,"href":"https:\/\/www.dxnwellness.eu\/de\/wp-json\/wp\/v2\/comments?post=5940"}],"wp:featuredmedia":[{"embeddable":true,"href":"https:\/\/www.dxnwellness.eu\/de\/wp-json\/wp\/v2\/media\/319"}],"wp:attachment":[{"href":"https:\/\/www.dxnwellness.eu\/de\/wp-json\/wp\/v2\/media?parent=5940"}],"wp:term":[{"taxonomy":"product_brand","embeddable":true,"href":"https:\/\/www.dxnwellness.eu\/de\/wp-json\/wp\/v2\/product_brand?post=5940"},{"taxonomy":"product_cat","embeddable":true,"href":"https:\/\/www.dxnwellness.eu\/de\/wp-json\/wp\/v2\/product_cat?post=5940"},{"taxonomy":"product_tag","embeddable":true,"href":"https:\/\/www.dxnwellness.eu\/de\/wp-json\/wp\/v2\/product_tag?post=5940"}],"curies":[{"name":"wp","href":"https:\/\/api.w.org\/{rel}","templated":true}]}}