{"id":5937,"date":"2025-05-19T01:47:27","date_gmt":"2025-05-18T22:47:27","guid":{"rendered":"https:\/\/www.dxnwellness.eu\/de\/product\/dxn-reishi-mushroom-powder\/"},"modified":"2025-05-23T02:02:21","modified_gmt":"2025-05-22T23:02:21","slug":"dxn-reishi-mushroom-powder","status":"publish","type":"product","link":"https:\/\/www.dxnwellness.eu\/de\/product\/dxn-reishi-mushroom-powder\/","title":{"rendered":"DXN Reishi Mushroom Powder"},"content":{"rendered":"<p>Heben Sie das volle Potenzial von Ganoderma lucidum mit DXN Reishi-Pilzpulver hervor, einer kraftvollen Mischung aus RG- und GL-Pulvern. Dieses nat\u00fcrliche Nahrungserg\u00e4nzungsmittel kombiniert die Vorteile beider essentiellen N\u00e4hrstoffe, um Ihr Wohlbefinden und Ihre Vitalit\u00e4t zu unterst\u00fctzen. Es ist auch ein notwendiger Teil Ihrer t\u00e4glichen Routine.<\/p>\n<p>Sie m\u00f6chten bei Ihrem t\u00e4glichen Wellness-Trip Energie mit der einzigartigen Kombination aus Reishi und Schwefeldioxid tanken!<\/p>\n","protected":false},"excerpt":{"rendered":"<p>Heben Sie das volle Potenzial von Ganoderma lucidum mit DXN Reishi-Pilzpulver hervor, einer kraftvollen Mischung aus RG- und GL-Pulvern. Dieses nat\u00fcrliche Nahrungserg\u00e4nzungsmittel kombiniert die Vorteile beider essentiellen N\u00e4hrstoffe, um Ihr Wohlbefinden und Ihre Vitalit\u00e4t zu unterst\u00fctzen. Es ist auch ein notwendiger Teil Ihrer t\u00e4glichen Routine. Sie m\u00f6chten bei Ihrem t\u00e4glichen Wellness-Trip Energie mit der einzigartigen [&hellip;]<\/p>\n","protected":false},"featured_media":317,"comment_status":"open","ping_status":"closed","template":"","meta":{"_acf_changed":false},"product_brand":[],"product_cat":[54],"product_tag":[],"class_list":{"0":"post-5937","1":"product","2":"type-product","3":"status-publish","4":"has-post-thumbnail","6":"product_cat-nahrungsergaenzungsmittel-kategorie","7":"pa_package-22g","8":"pa_package-70g","10":"first","11":"instock","12":"purchasable","13":"product-type-variable"},"acf":[],"_links":{"self":[{"href":"https:\/\/www.dxnwellness.eu\/de\/wp-json\/wp\/v2\/product\/5937","targetHints":{"allow":["GET"]}}],"collection":[{"href":"https:\/\/www.dxnwellness.eu\/de\/wp-json\/wp\/v2\/product"}],"about":[{"href":"https:\/\/www.dxnwellness.eu\/de\/wp-json\/wp\/v2\/types\/product"}],"replies":[{"embeddable":true,"href":"https:\/\/www.dxnwellness.eu\/de\/wp-json\/wp\/v2\/comments?post=5937"}],"wp:featuredmedia":[{"embeddable":true,"href":"https:\/\/www.dxnwellness.eu\/de\/wp-json\/wp\/v2\/media\/317"}],"wp:attachment":[{"href":"https:\/\/www.dxnwellness.eu\/de\/wp-json\/wp\/v2\/media?parent=5937"}],"wp:term":[{"taxonomy":"product_brand","embeddable":true,"href":"https:\/\/www.dxnwellness.eu\/de\/wp-json\/wp\/v2\/product_brand?post=5937"},{"taxonomy":"product_cat","embeddable":true,"href":"https:\/\/www.dxnwellness.eu\/de\/wp-json\/wp\/v2\/product_cat?post=5937"},{"taxonomy":"product_tag","embeddable":true,"href":"https:\/\/www.dxnwellness.eu\/de\/wp-json\/wp\/v2\/product_tag?post=5937"}],"curies":[{"name":"wp","href":"https:\/\/api.w.org\/{rel}","templated":true}]}}