{"id":5932,"date":"2025-05-19T01:47:27","date_gmt":"2025-05-18T22:47:27","guid":{"rendered":"https:\/\/www.dxnwellness.eu\/de\/product\/dxn-ganocelium-gl\/"},"modified":"2025-05-23T02:02:22","modified_gmt":"2025-05-22T23:02:22","slug":"dxn-ganocelium-gl","status":"publish","type":"product","link":"https:\/\/www.dxnwellness.eu\/de\/product\/dxn-ganocelium-gl\/","title":{"rendered":"DXN Ganocelium (GL)"},"content":{"rendered":"<p>Entdecken Sie die nat\u00fcrliche Wirkung von DXN Ganocelium, hergestellt aus dem Myzel von 14 Tage altem Ganoderma lucidum. Dieses Nahrungserg\u00e4nzungsmittel besteht aus Polysacchariden und \u00e4therischen \u00d6len und kann eine n\u00fctzliche Erg\u00e4nzung Ihrer t\u00e4glichen Routine sein. Es unterst\u00fctzt Ihr allgemeines Wohlbefinden und hilft Ihnen, Ihr nat\u00fcrliches Umfeld im Gleichgewicht zu halten.<\/p>\n<p>Entdecken Sie, wie nat\u00fcrliche N\u00e4hrstoffe Ihnen mit DXN Ganocelium zu einer besseren Gesundheit verhelfen k\u00f6nnen!<\/p>\n","protected":false},"excerpt":{"rendered":"<p>Entdecken Sie die nat\u00fcrliche Wirkung von DXN Ganocelium, hergestellt aus dem Myzel von 14 Tage altem Ganoderma lucidum. Dieses Nahrungserg\u00e4nzungsmittel besteht aus Polysacchariden und \u00e4therischen \u00d6len und kann eine n\u00fctzliche Erg\u00e4nzung Ihrer t\u00e4glichen Routine sein. Es unterst\u00fctzt Ihr allgemeines Wohlbefinden und hilft Ihnen, Ihr nat\u00fcrliches Umfeld im Gleichgewicht zu halten. Entdecken Sie, wie nat\u00fcrliche N\u00e4hrstoffe [&hellip;]<\/p>\n","protected":false},"featured_media":313,"comment_status":"open","ping_status":"closed","template":"","meta":{"_acf_changed":false},"product_brand":[],"product_cat":[54],"product_tag":[],"class_list":{"0":"post-5932","1":"product","2":"type-product","3":"status-publish","4":"has-post-thumbnail","6":"product_cat-nahrungsergaenzungsmittel-kategorie","7":"pa_package-30-capsules","8":"pa_package-30g","9":"pa_package-360-capsules","10":"pa_package-90-capsules","12":"first","13":"instock","14":"purchasable","15":"product-type-variable"},"acf":[],"_links":{"self":[{"href":"https:\/\/www.dxnwellness.eu\/de\/wp-json\/wp\/v2\/product\/5932","targetHints":{"allow":["GET"]}}],"collection":[{"href":"https:\/\/www.dxnwellness.eu\/de\/wp-json\/wp\/v2\/product"}],"about":[{"href":"https:\/\/www.dxnwellness.eu\/de\/wp-json\/wp\/v2\/types\/product"}],"replies":[{"embeddable":true,"href":"https:\/\/www.dxnwellness.eu\/de\/wp-json\/wp\/v2\/comments?post=5932"}],"wp:featuredmedia":[{"embeddable":true,"href":"https:\/\/www.dxnwellness.eu\/de\/wp-json\/wp\/v2\/media\/313"}],"wp:attachment":[{"href":"https:\/\/www.dxnwellness.eu\/de\/wp-json\/wp\/v2\/media?parent=5932"}],"wp:term":[{"taxonomy":"product_brand","embeddable":true,"href":"https:\/\/www.dxnwellness.eu\/de\/wp-json\/wp\/v2\/product_brand?post=5932"},{"taxonomy":"product_cat","embeddable":true,"href":"https:\/\/www.dxnwellness.eu\/de\/wp-json\/wp\/v2\/product_cat?post=5932"},{"taxonomy":"product_tag","embeddable":true,"href":"https:\/\/www.dxnwellness.eu\/de\/wp-json\/wp\/v2\/product_tag?post=5932"}],"curies":[{"name":"wp","href":"https:\/\/api.w.org\/{rel}","templated":true}]}}