{"id":5927,"date":"2025-05-19T01:47:27","date_gmt":"2025-05-18T22:47:27","guid":{"rendered":"https:\/\/www.dxnwellness.eu\/de\/product\/dxn-reishi-gano-rg\/"},"modified":"2025-05-23T02:02:22","modified_gmt":"2025-05-22T23:02:22","slug":"dxn-reishi-gano-rg","status":"publish","type":"product","link":"https:\/\/www.dxnwellness.eu\/de\/product\/dxn-reishi-gano-rg\/","title":{"rendered":"DXN Reishi Gano (RG)"},"content":{"rendered":"<p>Entdecken Sie die Kraft von DXN Reishi Ganoderma (RG), einem hochwertigen Nahrungserg\u00e4nzungsmittel aus 90 Tage altem Ganoderma lucidum. Dieser nat\u00fcrliche Inhaltsstoff ist f\u00fcr die Langzeitanwendung geeignet und kann Ihre t\u00e4gliche Routine perfekt erg\u00e4nzen. Es hilft Ihnen, Ihr allgemeines Wohlbefinden zu steigern und nat\u00fcrliche Gaben zu unterst\u00fctzen. Integrieren Sie DXN Reishi Gano in Ihre t\u00e4gliche Routine und sorgen Sie f\u00fcr ein nat\u00fcrliches Paket, das Ihr Wohlbefinden und Ihre Vitalit\u00e4t f\u00f6rdert.<\/p>\n<p>Integrieren Sie DXN Reishi Gano in Ihre t\u00e4gliche Routine und sorgen Sie f\u00fcr ein nat\u00fcrliches Paket, das Ihr Wohlbefinden und Ihre Vitalit\u00e4t f\u00f6rdert.<\/p>\n","protected":false},"excerpt":{"rendered":"<p>Entdecken Sie die Kraft von DXN Reishi Ganoderma (RG), einem hochwertigen Nahrungserg\u00e4nzungsmittel aus 90 Tage altem Ganoderma lucidum. Dieser nat\u00fcrliche Inhaltsstoff ist f\u00fcr die Langzeitanwendung geeignet und kann Ihre t\u00e4gliche Routine perfekt erg\u00e4nzen. Es hilft Ihnen, Ihr allgemeines Wohlbefinden zu steigern und nat\u00fcrliche Gaben zu unterst\u00fctzen. Integrieren Sie DXN Reishi Gano in Ihre t\u00e4gliche Routine [&hellip;]<\/p>\n","protected":false},"featured_media":387,"comment_status":"open","ping_status":"closed","template":"","meta":{"_acf_changed":false},"product_brand":[],"product_cat":[54],"product_tag":[],"class_list":{"0":"post-5927","1":"product","2":"type-product","3":"status-publish","4":"has-post-thumbnail","6":"product_cat-nahrungsergaenzungsmittel-kategorie","7":"pa_package-15g","8":"pa_package-30-capsules","9":"pa_package-360-capsules","10":"pa_package-90-capsules","12":"first","13":"instock","14":"purchasable","15":"product-type-variable"},"acf":[],"_links":{"self":[{"href":"https:\/\/www.dxnwellness.eu\/de\/wp-json\/wp\/v2\/product\/5927","targetHints":{"allow":["GET"]}}],"collection":[{"href":"https:\/\/www.dxnwellness.eu\/de\/wp-json\/wp\/v2\/product"}],"about":[{"href":"https:\/\/www.dxnwellness.eu\/de\/wp-json\/wp\/v2\/types\/product"}],"replies":[{"embeddable":true,"href":"https:\/\/www.dxnwellness.eu\/de\/wp-json\/wp\/v2\/comments?post=5927"}],"wp:featuredmedia":[{"embeddable":true,"href":"https:\/\/www.dxnwellness.eu\/de\/wp-json\/wp\/v2\/media\/387"}],"wp:attachment":[{"href":"https:\/\/www.dxnwellness.eu\/de\/wp-json\/wp\/v2\/media?parent=5927"}],"wp:term":[{"taxonomy":"product_brand","embeddable":true,"href":"https:\/\/www.dxnwellness.eu\/de\/wp-json\/wp\/v2\/product_brand?post=5927"},{"taxonomy":"product_cat","embeddable":true,"href":"https:\/\/www.dxnwellness.eu\/de\/wp-json\/wp\/v2\/product_cat?post=5927"},{"taxonomy":"product_tag","embeddable":true,"href":"https:\/\/www.dxnwellness.eu\/de\/wp-json\/wp\/v2\/product_tag?post=5927"}],"curies":[{"name":"wp","href":"https:\/\/api.w.org\/{rel}","templated":true}]}}