{"id":5925,"date":"2025-05-19T01:47:27","date_gmt":"2025-05-18T22:47:27","guid":{"rendered":"https:\/\/www.dxnwellness.eu\/de\/product\/dxn-himalayan-salt\/"},"modified":"2025-05-23T02:02:19","modified_gmt":"2025-05-22T23:02:19","slug":"dxn-himalayan-salt","status":"publish","type":"product","link":"https:\/\/www.dxnwellness.eu\/de\/product\/dxn-himalayan-salt\/","title":{"rendered":"DXN Himalayan Salt"},"content":{"rendered":"<p>DXN-Himalaya-Salz ist ein hochwertiges, raffiniertes Salz, das geologisch aus den entlegensten Bergen des Himalaya gewonnen wird. Dieser nat\u00fcrliche Zustand ist auf seine Nachhaltigkeit und die Zuverl\u00e4ssigkeit der Bodensch\u00e4tze ausgerichtet. Es handelt sich um eine sehr beliebte, beliebte und sehr kleine Kristallkugel zur Sicherstellung der Qualit\u00e4t des Au\u00dfenbereichs. Die einfarbige rosa Farbe entsteht durch die enthaltenen Mineralien und verleiht Ihren Augen einen dezenten Farbton. Nat\u00fcrliches Rosa, nat\u00fcrliches Rot mit Mineralien, nat\u00fcrliche S\u00fc\u00dfe!<\/p>\n<p>Aus der Natur zu den Mineralien: Dieses n\u00e4hrstoffreiche und n\u00e4hrstoffreiche Lebensmittel enth\u00e4lt lebenswichtige Mineralien wie Eisen, Magnesium und Kalzium, die zu Ihrem allgemeinen Wohlbefinden beitragen. Raffiniert und veredelt: Die Sonne kommt direkt aus dem Himalaya-Gebirge und ist veredelt, innerhalb der nat\u00fcrlichen Qualit\u00e4t der Sonne. Opaleszierende rosa Farbe: Die nat\u00fcrliche rosa Farbe verleiht Ihrem Gesicht eine sch\u00f6ne Note und ist mit Mineralwasser bedruckt. Ideal f\u00fcr den t\u00e4glichen Gebrauch: Perfekt zum R\u00e4uchern von Fleisch aller Art, Gem\u00fcse oder zum Kochen, Backen oder Selbermachen.<\/p>\n","protected":false},"excerpt":{"rendered":"<p>DXN-Himalaya-Salz ist ein hochwertiges, raffiniertes Salz, das geologisch aus den entlegensten Bergen des Himalaya gewonnen wird. Dieser nat\u00fcrliche Zustand ist auf seine Nachhaltigkeit und die Zuverl\u00e4ssigkeit der Bodensch\u00e4tze ausgerichtet. Es handelt sich um eine sehr beliebte, beliebte und sehr kleine Kristallkugel zur Sicherstellung der Qualit\u00e4t des Au\u00dfenbereichs. Die einfarbige rosa Farbe entsteht durch die enthaltenen [&hellip;]<\/p>\n","protected":false},"featured_media":312,"comment_status":"open","ping_status":"closed","template":"","meta":{"_acf_changed":false},"product_brand":[],"product_cat":[42],"product_tag":[],"class_list":{"0":"post-5925","1":"product","2":"type-product","3":"status-publish","4":"has-post-thumbnail","6":"product_cat-lebensmittel-kategorie","7":"pa_package-650-g","9":"first","10":"instock","11":"purchasable","12":"product-type-simple"},"acf":[],"_links":{"self":[{"href":"https:\/\/www.dxnwellness.eu\/de\/wp-json\/wp\/v2\/product\/5925","targetHints":{"allow":["GET"]}}],"collection":[{"href":"https:\/\/www.dxnwellness.eu\/de\/wp-json\/wp\/v2\/product"}],"about":[{"href":"https:\/\/www.dxnwellness.eu\/de\/wp-json\/wp\/v2\/types\/product"}],"replies":[{"embeddable":true,"href":"https:\/\/www.dxnwellness.eu\/de\/wp-json\/wp\/v2\/comments?post=5925"}],"wp:featuredmedia":[{"embeddable":true,"href":"https:\/\/www.dxnwellness.eu\/de\/wp-json\/wp\/v2\/media\/312"}],"wp:attachment":[{"href":"https:\/\/www.dxnwellness.eu\/de\/wp-json\/wp\/v2\/media?parent=5925"}],"wp:term":[{"taxonomy":"product_brand","embeddable":true,"href":"https:\/\/www.dxnwellness.eu\/de\/wp-json\/wp\/v2\/product_brand?post=5925"},{"taxonomy":"product_cat","embeddable":true,"href":"https:\/\/www.dxnwellness.eu\/de\/wp-json\/wp\/v2\/product_cat?post=5925"},{"taxonomy":"product_tag","embeddable":true,"href":"https:\/\/www.dxnwellness.eu\/de\/wp-json\/wp\/v2\/product_tag?post=5925"}],"curies":[{"name":"wp","href":"https:\/\/api.w.org\/{rel}","templated":true}]}}