{"id":5923,"date":"2025-05-19T01:47:27","date_gmt":"2025-05-18T22:47:27","guid":{"rendered":"https:\/\/www.dxnwellness.eu\/de\/product\/dxn-sugar\/"},"modified":"2025-05-23T02:02:19","modified_gmt":"2025-05-22T23:02:19","slug":"dxn-sugar","status":"publish","type":"product","link":"https:\/\/www.dxnwellness.eu\/de\/product\/dxn-sugar\/","title":{"rendered":"DXN Sugar"},"content":{"rendered":"<p>DXN-Zucker ist ein Zucker von h\u00f6chster Qualit\u00e4t, geeignet f\u00fcr die am h\u00e4ufigsten verwendeten zuckerfreien Pflanzen. Der Staat ist sich bewusst, dass es hier Frieden und nat\u00fcrliche Sch\u00f6nheit gibt und dass dies die perfekte L\u00f6sung f\u00fcr Ihr Alkoholproblem ist, weshalb es so wichtig ist. Mit DXN Sugar k\u00f6nnen Sie den reichen, authentischen Geruch von Zucker genie\u00dfen, ohne dass Sie daf\u00fcr weniger bezahlen m\u00fcssen als f\u00fcr die Qualit\u00e4t. Die reine und nat\u00fcrliche Wahl, um Ihr Leben einfacher zu machen!<\/p>\n<p>Der hochwertige Zuckergehalt ist klar definiert: Er wird pr\u00e4zise nach Gewicht ausgew\u00e4hlt, sodass er die beste Zuckerquelle darstellt und liefert. Pur und nat\u00fcrlich: Getreu den k\u00fcnstlerischen Einfl\u00fcssen, f\u00fcr eine reine und ausgewogene Ern\u00e4hrung mit Ihren Lieblingsspeisen und -getr\u00e4nken. Sehr lecker und schmackhaft: Perfekt f\u00fcr warme und kalte Getr\u00e4nke, Desserts und Backwaren.<\/p>\n","protected":false},"excerpt":{"rendered":"<p>DXN-Zucker ist ein Zucker von h\u00f6chster Qualit\u00e4t, geeignet f\u00fcr die am h\u00e4ufigsten verwendeten zuckerfreien Pflanzen. Der Staat ist sich bewusst, dass es hier Frieden und nat\u00fcrliche Sch\u00f6nheit gibt und dass dies die perfekte L\u00f6sung f\u00fcr Ihr Alkoholproblem ist, weshalb es so wichtig ist. Mit DXN Sugar k\u00f6nnen Sie den reichen, authentischen Geruch von Zucker genie\u00dfen, [&hellip;]<\/p>\n","protected":false},"featured_media":311,"comment_status":"open","ping_status":"closed","template":"","meta":{"_acf_changed":false},"product_brand":[],"product_cat":[42],"product_tag":[],"class_list":{"0":"post-5923","1":"product","2":"type-product","3":"status-publish","4":"has-post-thumbnail","6":"product_cat-lebensmittel-kategorie","7":"pa_package-30-x5-g","9":"first","10":"instock","11":"purchasable","12":"product-type-simple"},"acf":[],"_links":{"self":[{"href":"https:\/\/www.dxnwellness.eu\/de\/wp-json\/wp\/v2\/product\/5923","targetHints":{"allow":["GET"]}}],"collection":[{"href":"https:\/\/www.dxnwellness.eu\/de\/wp-json\/wp\/v2\/product"}],"about":[{"href":"https:\/\/www.dxnwellness.eu\/de\/wp-json\/wp\/v2\/types\/product"}],"replies":[{"embeddable":true,"href":"https:\/\/www.dxnwellness.eu\/de\/wp-json\/wp\/v2\/comments?post=5923"}],"wp:featuredmedia":[{"embeddable":true,"href":"https:\/\/www.dxnwellness.eu\/de\/wp-json\/wp\/v2\/media\/311"}],"wp:attachment":[{"href":"https:\/\/www.dxnwellness.eu\/de\/wp-json\/wp\/v2\/media?parent=5923"}],"wp:term":[{"taxonomy":"product_brand","embeddable":true,"href":"https:\/\/www.dxnwellness.eu\/de\/wp-json\/wp\/v2\/product_brand?post=5923"},{"taxonomy":"product_cat","embeddable":true,"href":"https:\/\/www.dxnwellness.eu\/de\/wp-json\/wp\/v2\/product_cat?post=5923"},{"taxonomy":"product_tag","embeddable":true,"href":"https:\/\/www.dxnwellness.eu\/de\/wp-json\/wp\/v2\/product_tag?post=5923"}],"curies":[{"name":"wp","href":"https:\/\/api.w.org\/{rel}","templated":true}]}}