{"id":5921,"date":"2025-05-19T01:47:27","date_gmt":"2025-05-18T22:47:27","guid":{"rendered":"https:\/\/www.dxnwellness.eu\/de\/product\/dxn-goji-berries\/"},"modified":"2025-05-23T02:02:19","modified_gmt":"2025-05-22T23:02:19","slug":"dxn-goji-berries","status":"publish","type":"product","link":"https:\/\/www.dxnwellness.eu\/de\/product\/dxn-goji-berries\/","title":{"rendered":"DXN Goji Berries"},"content":{"rendered":"<p>DXN Goji-Beeren, die nahrhaften Beeren von Lycium barbarum, enthalten viele Kalorien und sind reich an Zucker. Dieser schicksalshafte Verlust gilt als \u201eGunst des Kindes\u201c und wird daher im Zuge seiner lebensnotwendigen Ern\u00e4hrungs- und Gesundheitsma\u00dfnahmen ber\u00fccksichtigt. Nat\u00fcrlich ist es nicht nur Ihr Lieblingsessen, sondern DXN Goji Berry verleiht Ihrer Ern\u00e4hrung einen gesunden, ausgewogenen Schub.<\/p>\n<p>Risiko lebensmittelbedingter Erkrankungen: Enth\u00e4lt Antioxidantien. Das Board ist voller Gedanken und Hinweise, welche Rassenskala f\u00fcr Ihr allgemeines Wohlbefinden sorgt. Antioxidatives Risiko: Es ist wichtig, die Zellen vor freien Radikalen zu sch\u00fctzen, da Ihre Zellen und Zellen vor Oxidation gesch\u00fctzt sind und somit zur gesamten antioxidativen Kapazit\u00e4t der Zelle beitragen k\u00f6nnen. Aus der \u201eTugend der Jugend\u201c: Gojibessen steht f\u00fcr das Bed\u00fcrfnis nach kontrollierter Vitalit\u00e4t und einem langen Leben. Es ist eine perfekte M\u00f6glichkeit, Ihre Ern\u00e4hrung f\u00fcr ein junges und energiegeladenes Leben zu unterst\u00fctzen.<\/p>\n","protected":false},"excerpt":{"rendered":"<p>DXN Goji-Beeren, die nahrhaften Beeren von Lycium barbarum, enthalten viele Kalorien und sind reich an Zucker. Dieser schicksalshafte Verlust gilt als \u201eGunst des Kindes\u201c und wird daher im Zuge seiner lebensnotwendigen Ern\u00e4hrungs- und Gesundheitsma\u00dfnahmen ber\u00fccksichtigt. Nat\u00fcrlich ist es nicht nur Ihr Lieblingsessen, sondern DXN Goji Berry verleiht Ihrer Ern\u00e4hrung einen gesunden, ausgewogenen Schub. Risiko lebensmittelbedingter [&hellip;]<\/p>\n","protected":false},"featured_media":310,"comment_status":"open","ping_status":"closed","template":"","meta":{"_acf_changed":false},"product_brand":[],"product_cat":[42],"product_tag":[],"class_list":{"0":"post-5921","1":"product","2":"type-product","3":"status-publish","4":"has-post-thumbnail","6":"product_cat-lebensmittel-kategorie","7":"pa_package-350-g","9":"first","10":"instock","11":"purchasable","12":"product-type-simple"},"acf":[],"_links":{"self":[{"href":"https:\/\/www.dxnwellness.eu\/de\/wp-json\/wp\/v2\/product\/5921","targetHints":{"allow":["GET"]}}],"collection":[{"href":"https:\/\/www.dxnwellness.eu\/de\/wp-json\/wp\/v2\/product"}],"about":[{"href":"https:\/\/www.dxnwellness.eu\/de\/wp-json\/wp\/v2\/types\/product"}],"replies":[{"embeddable":true,"href":"https:\/\/www.dxnwellness.eu\/de\/wp-json\/wp\/v2\/comments?post=5921"}],"wp:featuredmedia":[{"embeddable":true,"href":"https:\/\/www.dxnwellness.eu\/de\/wp-json\/wp\/v2\/media\/310"}],"wp:attachment":[{"href":"https:\/\/www.dxnwellness.eu\/de\/wp-json\/wp\/v2\/media?parent=5921"}],"wp:term":[{"taxonomy":"product_brand","embeddable":true,"href":"https:\/\/www.dxnwellness.eu\/de\/wp-json\/wp\/v2\/product_brand?post=5921"},{"taxonomy":"product_cat","embeddable":true,"href":"https:\/\/www.dxnwellness.eu\/de\/wp-json\/wp\/v2\/product_cat?post=5921"},{"taxonomy":"product_tag","embeddable":true,"href":"https:\/\/www.dxnwellness.eu\/de\/wp-json\/wp\/v2\/product_tag?post=5921"}],"curies":[{"name":"wp","href":"https:\/\/api.w.org\/{rel}","templated":true}]}}