{"id":5919,"date":"2025-05-19T01:47:27","date_gmt":"2025-05-18T22:47:27","guid":{"rendered":"https:\/\/www.dxnwellness.eu\/de\/product\/dxn-jujube-fruits\/"},"modified":"2025-05-23T02:02:19","modified_gmt":"2025-05-22T23:02:19","slug":"dxn-jujube-fruits","status":"publish","type":"product","link":"https:\/\/www.dxnwellness.eu\/de\/product\/dxn-jujube-fruits\/","title":{"rendered":"DXN Jujube Fruits"},"content":{"rendered":"<p>DXN Jujube-Duschen, ebenfalls bekannte chinesische Tees, sind pflegende und sehr trockene Duschen, die wichtige Mineralien enthalten. Dieser Traum ist nicht nur geschmacklos, sondern bietet auch gro\u00dfe gesundheitliche Vorteile. DXN Jujube-S\u00e4fte sind vielseitig einsetzbar und eignen sich hervorragend als Snack oder Zwischenmahlzeit auf dem Teller.<\/p>\n<p>Reich an Taschen: Gro\u00dfe Taschen. Jujube ist ein k\u00f6stlicher, leckerer Snack. Wichtig: Es dient als Snack, wird mit Vollkorn oder Fleisch hergestellt, dient zum Trinken und sorgt f\u00fcr einen nat\u00fcrlichen, nat\u00fcrlichen Energieschub. Ein k\u00f6stlicher, gesunder Snack, reich an Mineralien, perfekt f\u00fcr Ihre Ern\u00e4hrung auf nat\u00fcrliche Weise<\/p>\n","protected":false},"excerpt":{"rendered":"<p>DXN Jujube-Duschen, ebenfalls bekannte chinesische Tees, sind pflegende und sehr trockene Duschen, die wichtige Mineralien enthalten. Dieser Traum ist nicht nur geschmacklos, sondern bietet auch gro\u00dfe gesundheitliche Vorteile. DXN Jujube-S\u00e4fte sind vielseitig einsetzbar und eignen sich hervorragend als Snack oder Zwischenmahlzeit auf dem Teller. Reich an Taschen: Gro\u00dfe Taschen. Jujube ist ein k\u00f6stlicher, leckerer Snack. [&hellip;]<\/p>\n","protected":false},"featured_media":309,"comment_status":"open","ping_status":"closed","template":"","meta":{"_acf_changed":false},"product_brand":[],"product_cat":[42],"product_tag":[],"class_list":{"0":"post-5919","1":"product","2":"type-product","3":"status-publish","4":"has-post-thumbnail","6":"product_cat-lebensmittel-kategorie","7":"pa_package-300-g","9":"first","10":"instock","11":"purchasable","12":"product-type-simple"},"acf":[],"_links":{"self":[{"href":"https:\/\/www.dxnwellness.eu\/de\/wp-json\/wp\/v2\/product\/5919","targetHints":{"allow":["GET"]}}],"collection":[{"href":"https:\/\/www.dxnwellness.eu\/de\/wp-json\/wp\/v2\/product"}],"about":[{"href":"https:\/\/www.dxnwellness.eu\/de\/wp-json\/wp\/v2\/types\/product"}],"replies":[{"embeddable":true,"href":"https:\/\/www.dxnwellness.eu\/de\/wp-json\/wp\/v2\/comments?post=5919"}],"wp:featuredmedia":[{"embeddable":true,"href":"https:\/\/www.dxnwellness.eu\/de\/wp-json\/wp\/v2\/media\/309"}],"wp:attachment":[{"href":"https:\/\/www.dxnwellness.eu\/de\/wp-json\/wp\/v2\/media?parent=5919"}],"wp:term":[{"taxonomy":"product_brand","embeddable":true,"href":"https:\/\/www.dxnwellness.eu\/de\/wp-json\/wp\/v2\/product_brand?post=5919"},{"taxonomy":"product_cat","embeddable":true,"href":"https:\/\/www.dxnwellness.eu\/de\/wp-json\/wp\/v2\/product_cat?post=5919"},{"taxonomy":"product_tag","embeddable":true,"href":"https:\/\/www.dxnwellness.eu\/de\/wp-json\/wp\/v2\/product_tag?post=5919"}],"curies":[{"name":"wp","href":"https:\/\/api.w.org\/{rel}","templated":true}]}}