{"id":5916,"date":"2025-05-19T01:47:25","date_gmt":"2025-05-18T22:47:25","guid":{"rendered":"https:\/\/www.dxnwellness.eu\/de\/product\/dxn-oocha-noodle\/"},"modified":"2025-05-23T02:02:21","modified_gmt":"2025-05-22T23:02:21","slug":"dxn-oocha-noodle","status":"publish","type":"product","link":"https:\/\/www.dxnwellness.eu\/de\/product\/dxn-oocha-noodle\/","title":{"rendered":"DXN Oocha Noodle"},"content":{"rendered":"<p>DXN Oocha Noodles ist ein k\u00f6stlicher und einzigartiger Nudelladen aus dunklen Schokoladennudeln mit Oolong-Teepulver, der sich ideal f\u00fcr einen leckeren Snack eignet. Diese Knoten sind in den Sorten Natursmelt und Tom Yam erh\u00e4ltlich und verleihen Ihrem Tee eine gute Portion Oolong-Tee. DXN Oocha-Knoten werden zum Lufttrocknen verwendet (nicht in \u00d6l gebacken) und nicht mit Kunststofffarben \u00fcberzogen. Hier ist eine tolle Option f\u00fcr Ihre Ern\u00e4hrung.<\/p>\n<p>Oolong-Tee-Aufguss: eine perfekte Balance aus gut fermentiertem Oolong-Teepulver, das ein einzigartiges Aroma und die Vorteile des Tees bietet. Nat\u00fcrlich und nat\u00fcrlich: Ohne k\u00fcnstlerische Farben und klimatisierte Luft kombiniert f\u00fcr eine andere Alternative zu gebratenen Knoten. Schnell und einfach: Das haben Sie sich verdient, perfekt f\u00fcr eine schnelle Mahlzeit und dank Ihrer kulinarischen Kreativit\u00e4t ganz unterschiedlich einsetzbar.<\/p>\n","protected":false},"excerpt":{"rendered":"<p>DXN Oocha Noodles ist ein k\u00f6stlicher und einzigartiger Nudelladen aus dunklen Schokoladennudeln mit Oolong-Teepulver, der sich ideal f\u00fcr einen leckeren Snack eignet. Diese Knoten sind in den Sorten Natursmelt und Tom Yam erh\u00e4ltlich und verleihen Ihrem Tee eine gute Portion Oolong-Tee. DXN Oocha-Knoten werden zum Lufttrocknen verwendet (nicht in \u00d6l gebacken) und nicht mit Kunststofffarben [&hellip;]<\/p>\n","protected":false},"featured_media":307,"comment_status":"open","ping_status":"closed","template":"","meta":{"_acf_changed":false},"product_brand":[],"product_cat":[42],"product_tag":[],"class_list":{"0":"post-5916","1":"product","2":"type-product","3":"status-publish","4":"has-post-thumbnail","6":"product_cat-lebensmittel-kategorie","7":"pa_package-4x75-g","8":"pa_package-4x85-g","10":"first","11":"instock","12":"purchasable","13":"product-type-variable"},"acf":[],"_links":{"self":[{"href":"https:\/\/www.dxnwellness.eu\/de\/wp-json\/wp\/v2\/product\/5916","targetHints":{"allow":["GET"]}}],"collection":[{"href":"https:\/\/www.dxnwellness.eu\/de\/wp-json\/wp\/v2\/product"}],"about":[{"href":"https:\/\/www.dxnwellness.eu\/de\/wp-json\/wp\/v2\/types\/product"}],"replies":[{"embeddable":true,"href":"https:\/\/www.dxnwellness.eu\/de\/wp-json\/wp\/v2\/comments?post=5916"}],"wp:featuredmedia":[{"embeddable":true,"href":"https:\/\/www.dxnwellness.eu\/de\/wp-json\/wp\/v2\/media\/307"}],"wp:attachment":[{"href":"https:\/\/www.dxnwellness.eu\/de\/wp-json\/wp\/v2\/media?parent=5916"}],"wp:term":[{"taxonomy":"product_brand","embeddable":true,"href":"https:\/\/www.dxnwellness.eu\/de\/wp-json\/wp\/v2\/product_brand?post=5916"},{"taxonomy":"product_cat","embeddable":true,"href":"https:\/\/www.dxnwellness.eu\/de\/wp-json\/wp\/v2\/product_cat?post=5916"},{"taxonomy":"product_tag","embeddable":true,"href":"https:\/\/www.dxnwellness.eu\/de\/wp-json\/wp\/v2\/product_tag?post=5916"}],"curies":[{"name":"wp","href":"https:\/\/api.w.org\/{rel}","templated":true}]}}