{"id":5913,"date":"2025-05-19T01:47:25","date_gmt":"2025-05-18T22:47:25","guid":{"rendered":"https:\/\/www.dxnwellness.eu\/de\/product\/dxn-spirudle\/"},"modified":"2025-05-23T02:02:21","modified_gmt":"2025-05-22T23:02:21","slug":"dxn-spirudle","status":"publish","type":"product","link":"https:\/\/www.dxnwellness.eu\/de\/product\/dxn-spirudle\/","title":{"rendered":"DXN Spirudle"},"content":{"rendered":"<p>DXN Spirudle bietet eine gesunde und n\u00e4hrende Formel aus Kurkuma kombiniert mit Spirulina, einem wirkungsvollen Superfood. Diese Knoten sind in zwei verschiedenen Varianten erh\u00e4ltlich: Natur und Tom Yam. Sie sind willkommen und erf\u00fcllen einen Zweck f\u00fcr ein langes und gl\u00fcckliches Leben. DXN Spirudle wird luftgetrocknet, nicht in \u00d6l frittiert und enth\u00e4lt keine Kunststofffarbstoffe. Dies ergibt eine riesige und leckere Auswahl. DXN Spirudle \u2013 Eine schnelle, einfache und gesunde Wahl mit dem Kick von Spirulina, erh\u00e4ltlich in zwei Open-Air-Smudges f\u00fcr jeden Smudge-Maker!<\/p>\n<p>Spirulina Power: Kombiniert mit Spirulina Power, einem Superfood voller N\u00e4hrstoffe und Mineralien. Nat\u00fcrliche Zutaten: Ohne k\u00fcnstliche Farb- oder Konservierungsstoffe, ein reines und gesundes Lebensmittel. Schnell und einfach: Sie ben\u00f6tigen eine schnelle und einfache M\u00f6glichkeit. Luftgetrocknet: umgeben von frittierten Knoten, unter nat\u00fcrlichen Bedingungen ohne \u00fcberm\u00e4\u00dfiges \u00d6l.<\/p>\n","protected":false},"excerpt":{"rendered":"<p>DXN Spirudle bietet eine gesunde und n\u00e4hrende Formel aus Kurkuma kombiniert mit Spirulina, einem wirkungsvollen Superfood. Diese Knoten sind in zwei verschiedenen Varianten erh\u00e4ltlich: Natur und Tom Yam. Sie sind willkommen und erf\u00fcllen einen Zweck f\u00fcr ein langes und gl\u00fcckliches Leben. DXN Spirudle wird luftgetrocknet, nicht in \u00d6l frittiert und enth\u00e4lt keine Kunststofffarbstoffe. Dies ergibt [&hellip;]<\/p>\n","protected":false},"featured_media":305,"comment_status":"open","ping_status":"closed","template":"","meta":{"_acf_changed":false},"product_brand":[],"product_cat":[42],"product_tag":[],"class_list":{"0":"post-5913","1":"product","2":"type-product","3":"status-publish","4":"has-post-thumbnail","6":"product_cat-lebensmittel-kategorie","7":"pa_package-4x75-g","8":"pa_package-4x85-g","10":"first","11":"instock","12":"purchasable","13":"product-type-variable"},"acf":[],"_links":{"self":[{"href":"https:\/\/www.dxnwellness.eu\/de\/wp-json\/wp\/v2\/product\/5913","targetHints":{"allow":["GET"]}}],"collection":[{"href":"https:\/\/www.dxnwellness.eu\/de\/wp-json\/wp\/v2\/product"}],"about":[{"href":"https:\/\/www.dxnwellness.eu\/de\/wp-json\/wp\/v2\/types\/product"}],"replies":[{"embeddable":true,"href":"https:\/\/www.dxnwellness.eu\/de\/wp-json\/wp\/v2\/comments?post=5913"}],"wp:featuredmedia":[{"embeddable":true,"href":"https:\/\/www.dxnwellness.eu\/de\/wp-json\/wp\/v2\/media\/305"}],"wp:attachment":[{"href":"https:\/\/www.dxnwellness.eu\/de\/wp-json\/wp\/v2\/media?parent=5913"}],"wp:term":[{"taxonomy":"product_brand","embeddable":true,"href":"https:\/\/www.dxnwellness.eu\/de\/wp-json\/wp\/v2\/product_brand?post=5913"},{"taxonomy":"product_cat","embeddable":true,"href":"https:\/\/www.dxnwellness.eu\/de\/wp-json\/wp\/v2\/product_cat?post=5913"},{"taxonomy":"product_tag","embeddable":true,"href":"https:\/\/www.dxnwellness.eu\/de\/wp-json\/wp\/v2\/product_tag?post=5913"}],"curies":[{"name":"wp","href":"https:\/\/api.w.org\/{rel}","templated":true}]}}