{"id":5911,"date":"2025-05-19T01:47:25","date_gmt":"2025-05-18T22:47:25","guid":{"rendered":"https:\/\/www.dxnwellness.eu\/de\/product\/dxn-apple-fermented-jam\/"},"modified":"2025-05-23T02:02:18","modified_gmt":"2025-05-22T23:02:18","slug":"dxn-apple-fermented-jam","status":"publish","type":"product","link":"https:\/\/www.dxnwellness.eu\/de\/product\/dxn-apple-fermented-jam\/","title":{"rendered":"DXN Apple Fermented Jam"},"content":{"rendered":"<p>Die fermentierte Marmelade \u201eSweet &amp; Tangy Delight DXN\u201c ist ein einzigartiger Snack, der in Ihrer K\u00fcche zum Liebling wird. Diese Marmelade wird aus vergorenen \u00c4pfeln hergestellt und eignet sich hervorragend zum Backen, f\u00fcr Pfannkuchen oder zum Aufbacken. Sie k\u00f6nnen Wasser auch f\u00fcr ein erfrischendes Getr\u00e4nk verwenden. Nat\u00fcrlich schmeckt es auch als Brot oder Getr\u00e4nk und wird durch den Spirituosenaustausch unterst\u00fctzt. DXN Appel Fermented Jam \u2013 Eine herzhafte, ausgewogene Mahlzeit auf Ihrem vorderen Tablett, die sowohl Ihre Rauchknospen als auch Ihre Gew\u00fcrzverteilung unterst\u00fctzt!<\/p>\n<p>Sehr lecker und herzhaft: Er l\u00e4sst sich sowohl als Fisch, im Backofen oder als Getr\u00e4nk zu einer herzhaften Mahlzeit genie\u00dfen. Unterst\u00fctzung f\u00fcr die Gew\u00fcrzmischung: Vielen Dank f\u00fcr die fermentierte Gew\u00fcrzmischung, diese Pasta wird mit der Gew\u00fcrzmischung serviert und mit Ihren rauchigen Papillen serviert. Praktisch und lecker: Perfekt f\u00fcr die schnelle, t\u00e4gliche Anwendung in verschiedenen Speisen und Snacks.<\/p>\n","protected":false},"excerpt":{"rendered":"<p>Die fermentierte Marmelade \u201eSweet &amp; Tangy Delight DXN\u201c ist ein einzigartiger Snack, der in Ihrer K\u00fcche zum Liebling wird. Diese Marmelade wird aus vergorenen \u00c4pfeln hergestellt und eignet sich hervorragend zum Backen, f\u00fcr Pfannkuchen oder zum Aufbacken. Sie k\u00f6nnen Wasser auch f\u00fcr ein erfrischendes Getr\u00e4nk verwenden. Nat\u00fcrlich schmeckt es auch als Brot oder Getr\u00e4nk und [&hellip;]<\/p>\n","protected":false},"featured_media":304,"comment_status":"open","ping_status":"closed","template":"","meta":{"_acf_changed":false},"product_brand":[],"product_cat":[42],"product_tag":[],"class_list":{"0":"post-5911","1":"product","2":"type-product","3":"status-publish","4":"has-post-thumbnail","6":"product_cat-lebensmittel-kategorie","7":"pa_package-20-packs-x-15-g","9":"first","10":"instock","11":"purchasable","12":"product-type-simple"},"acf":[],"_links":{"self":[{"href":"https:\/\/www.dxnwellness.eu\/de\/wp-json\/wp\/v2\/product\/5911","targetHints":{"allow":["GET"]}}],"collection":[{"href":"https:\/\/www.dxnwellness.eu\/de\/wp-json\/wp\/v2\/product"}],"about":[{"href":"https:\/\/www.dxnwellness.eu\/de\/wp-json\/wp\/v2\/types\/product"}],"replies":[{"embeddable":true,"href":"https:\/\/www.dxnwellness.eu\/de\/wp-json\/wp\/v2\/comments?post=5911"}],"wp:featuredmedia":[{"embeddable":true,"href":"https:\/\/www.dxnwellness.eu\/de\/wp-json\/wp\/v2\/media\/304"}],"wp:attachment":[{"href":"https:\/\/www.dxnwellness.eu\/de\/wp-json\/wp\/v2\/media?parent=5911"}],"wp:term":[{"taxonomy":"product_brand","embeddable":true,"href":"https:\/\/www.dxnwellness.eu\/de\/wp-json\/wp\/v2\/product_brand?post=5911"},{"taxonomy":"product_cat","embeddable":true,"href":"https:\/\/www.dxnwellness.eu\/de\/wp-json\/wp\/v2\/product_cat?post=5911"},{"taxonomy":"product_tag","embeddable":true,"href":"https:\/\/www.dxnwellness.eu\/de\/wp-json\/wp\/v2\/product_tag?post=5911"}],"curies":[{"name":"wp","href":"https:\/\/api.w.org\/{rel}","templated":true}]}}