{"id":5909,"date":"2025-05-19T01:47:25","date_gmt":"2025-05-18T22:47:25","guid":{"rendered":"https:\/\/www.dxnwellness.eu\/de\/product\/dxn-organic-virgin-coconut-oil-bio\/"},"modified":"2025-05-23T02:02:18","modified_gmt":"2025-05-22T23:02:18","slug":"dxn-organic-virgin-coconut-oil-bio","status":"publish","type":"product","link":"https:\/\/www.dxnwellness.eu\/de\/product\/dxn-organic-virgin-coconut-oil-bio\/","title":{"rendered":"DXN Organic Virgin Coconut Oil -BIO"},"content":{"rendered":"<p>BIO \u2013 Reines und nat\u00fcrliches Kokosnuss\u00f6l DXN Organic Extra Virgin Coconut Oil ist ein hochwertiges, 100 % natives Kokosnuss\u00f6l extra, das aus Reis hergestellt und aus \u00f6kologisch gewonnenem Kokosnuss\u00f6l gewonnen wird. Dieses raffinierte, cremige \u00d6l enth\u00e4lt nat\u00fcrliche, biologische Inhaltsstoffe und eignet sich daher ideal f\u00fcr verschiedene Anwendungen, insbesondere in der K\u00fcche zur K\u00f6rperhygiene. DXN Bio-Kokosnuss\u00f6l Extra Vergine \u2013 BIO \u2013 Erleben Sie die reinen, nat\u00fcrlichen Inhaltsstoffe des Kokosnuss\u00f6ls in jedem Tropfen!<\/p>\n<p>100 % nat\u00fcrlich und rein: Dieses \u00d6l wird aus den besten Kokosn\u00fcssen hergestellt, raffiniert und verarbeitet, um N\u00e4hrstoffe und bioaktive Inhaltsstoffe zu enthalten. Anwendungsgebiete: Ideal zum Backen, Braten und Einbrennen oder zur h\u00e4ufigen Anwendung auf Haar und Haar f\u00fcr eine feuchtigkeitsspendende, pflegende Wirkung. Umweltfreundlich und gut f\u00fcr die Umwelt: v\u00f6llig nat\u00fcrlich und biologisch, ein sicheres, chemisches Produkt zum Kochen und f\u00fcr die pers\u00f6nliche Hygiene.<\/p>\n","protected":false},"excerpt":{"rendered":"<p>BIO \u2013 Reines und nat\u00fcrliches Kokosnuss\u00f6l DXN Organic Extra Virgin Coconut Oil ist ein hochwertiges, 100 % natives Kokosnuss\u00f6l extra, das aus Reis hergestellt und aus \u00f6kologisch gewonnenem Kokosnuss\u00f6l gewonnen wird. Dieses raffinierte, cremige \u00d6l enth\u00e4lt nat\u00fcrliche, biologische Inhaltsstoffe und eignet sich daher ideal f\u00fcr verschiedene Anwendungen, insbesondere in der K\u00fcche zur K\u00f6rperhygiene. DXN Bio-Kokosnuss\u00f6l [&hellip;]<\/p>\n","protected":false},"featured_media":303,"comment_status":"open","ping_status":"closed","template":"","meta":{"_acf_changed":false},"product_brand":[],"product_cat":[42],"product_tag":[],"class_list":{"0":"post-5909","1":"product","2":"type-product","3":"status-publish","4":"has-post-thumbnail","6":"product_cat-lebensmittel-kategorie","7":"pa_package-500-ml","9":"first","10":"instock","11":"purchasable","12":"product-type-simple"},"acf":[],"_links":{"self":[{"href":"https:\/\/www.dxnwellness.eu\/de\/wp-json\/wp\/v2\/product\/5909","targetHints":{"allow":["GET"]}}],"collection":[{"href":"https:\/\/www.dxnwellness.eu\/de\/wp-json\/wp\/v2\/product"}],"about":[{"href":"https:\/\/www.dxnwellness.eu\/de\/wp-json\/wp\/v2\/types\/product"}],"replies":[{"embeddable":true,"href":"https:\/\/www.dxnwellness.eu\/de\/wp-json\/wp\/v2\/comments?post=5909"}],"wp:featuredmedia":[{"embeddable":true,"href":"https:\/\/www.dxnwellness.eu\/de\/wp-json\/wp\/v2\/media\/303"}],"wp:attachment":[{"href":"https:\/\/www.dxnwellness.eu\/de\/wp-json\/wp\/v2\/media?parent=5909"}],"wp:term":[{"taxonomy":"product_brand","embeddable":true,"href":"https:\/\/www.dxnwellness.eu\/de\/wp-json\/wp\/v2\/product_brand?post=5909"},{"taxonomy":"product_cat","embeddable":true,"href":"https:\/\/www.dxnwellness.eu\/de\/wp-json\/wp\/v2\/product_cat?post=5909"},{"taxonomy":"product_tag","embeddable":true,"href":"https:\/\/www.dxnwellness.eu\/de\/wp-json\/wp\/v2\/product_tag?post=5909"}],"curies":[{"name":"wp","href":"https:\/\/api.w.org\/{rel}","templated":true}]}}