{"id":5907,"date":"2025-05-19T01:47:25","date_gmt":"2025-05-18T22:47:25","guid":{"rendered":"https:\/\/www.dxnwellness.eu\/de\/product\/dxn-spirulina-cereal\/"},"modified":"2025-05-23T02:02:18","modified_gmt":"2025-05-22T23:02:18","slug":"dxn-spirulina-cereal","status":"publish","type":"product","link":"https:\/\/www.dxnwellness.eu\/de\/product\/dxn-spirulina-cereal\/","title":{"rendered":"DXN Spirulina Cereal"},"content":{"rendered":"<p>DXN Spirulina Cereal ist eine grobk\u00f6rnige Mischung, die speziell als Nahrungsquelle mit Spirulina-Mikroalgen entwickelt wurde. Diese gro\u00dfz\u00fcgige Portion enth\u00e4lt ein spezielles Fisch\u00f6l und \u00e4therische \u00d6le sowie Mineralien, mit denen Sie vom ersten Tag an gut durchstarten k\u00f6nnen. Es wird aus nat\u00fcrlicher Spirulina hergestellt, kann hell gef\u00e4rbt und mit anderen Chargen gemischt werden, die aus reinen, nat\u00fcrlichen Zutaten hergestellt werden.<\/p>\n<p>Hauptbestandteile: Hergestellt aus einer gro\u00dfen Menge an essentiellen Zutaten, einschlie\u00dflich Vitaminen und Mineralien, basierend auf Spirulina, einem Superfood. Nat\u00fcrliche Inhaltsstoffe: Kombiniert mit reinen Spirulina-Mikroalgen f\u00fcr einen nat\u00fcrlichen und ausgewogenen Boost. Sie haben es verdient: eine schnelle, ausgewogene Ern\u00e4hrung f\u00fcr Ihren Alltagsstress. Anwendung: Den Verpackungsinhalt in eine Sch\u00fcssel geben, 200 ml warmes Wasser hinzuf\u00fcgen und servieren.<\/p>\n","protected":false},"excerpt":{"rendered":"<p>DXN Spirulina Cereal ist eine grobk\u00f6rnige Mischung, die speziell als Nahrungsquelle mit Spirulina-Mikroalgen entwickelt wurde. Diese gro\u00dfz\u00fcgige Portion enth\u00e4lt ein spezielles Fisch\u00f6l und \u00e4therische \u00d6le sowie Mineralien, mit denen Sie vom ersten Tag an gut durchstarten k\u00f6nnen. Es wird aus nat\u00fcrlicher Spirulina hergestellt, kann hell gef\u00e4rbt und mit anderen Chargen gemischt werden, die aus reinen, [&hellip;]<\/p>\n","protected":false},"featured_media":302,"comment_status":"open","ping_status":"closed","template":"","meta":{"_acf_changed":false},"product_brand":[],"product_cat":[42],"product_tag":[],"class_list":{"0":"post-5907","1":"product","2":"type-product","3":"status-publish","4":"has-post-thumbnail","6":"product_cat-lebensmittel-kategorie","7":"pa_package-30-packs-x-30-g","9":"first","10":"instock","11":"purchasable","12":"product-type-simple"},"acf":[],"_links":{"self":[{"href":"https:\/\/www.dxnwellness.eu\/de\/wp-json\/wp\/v2\/product\/5907","targetHints":{"allow":["GET"]}}],"collection":[{"href":"https:\/\/www.dxnwellness.eu\/de\/wp-json\/wp\/v2\/product"}],"about":[{"href":"https:\/\/www.dxnwellness.eu\/de\/wp-json\/wp\/v2\/types\/product"}],"replies":[{"embeddable":true,"href":"https:\/\/www.dxnwellness.eu\/de\/wp-json\/wp\/v2\/comments?post=5907"}],"wp:featuredmedia":[{"embeddable":true,"href":"https:\/\/www.dxnwellness.eu\/de\/wp-json\/wp\/v2\/media\/302"}],"wp:attachment":[{"href":"https:\/\/www.dxnwellness.eu\/de\/wp-json\/wp\/v2\/media?parent=5907"}],"wp:term":[{"taxonomy":"product_brand","embeddable":true,"href":"https:\/\/www.dxnwellness.eu\/de\/wp-json\/wp\/v2\/product_brand?post=5907"},{"taxonomy":"product_cat","embeddable":true,"href":"https:\/\/www.dxnwellness.eu\/de\/wp-json\/wp\/v2\/product_cat?post=5907"},{"taxonomy":"product_tag","embeddable":true,"href":"https:\/\/www.dxnwellness.eu\/de\/wp-json\/wp\/v2\/product_tag?post=5907"}],"curies":[{"name":"wp","href":"https:\/\/api.w.org\/{rel}","templated":true}]}}