{"id":5905,"date":"2025-05-19T01:47:25","date_gmt":"2025-05-18T22:47:25","guid":{"rendered":"https:\/\/www.dxnwellness.eu\/de\/product\/dxn-zhi-mint-plus\/"},"modified":"2025-05-23T02:02:18","modified_gmt":"2025-05-22T23:02:18","slug":"dxn-zhi-mint-plus","status":"publish","type":"product","link":"https:\/\/www.dxnwellness.eu\/de\/product\/dxn-zhi-mint-plus\/","title":{"rendered":"DXN Zhi Mint Plus"},"content":{"rendered":"<p>Erfrischende Minz-Snoepjes mit Ganoderma DXN Zhi Mint Plus sind erfrischende Minz-Snoepjes mit Maulbeere und Ganoderma lucidum (Reishi-Pilz)-Pulver. Diese erfrischenden Snacks sind bei Erk\u00e4ltung und K\u00e4lte f\u00fcr lange Zeit geeignet, da sie eine k\u00fchlende Wirkung haben und kalt bleiben. Egal ob Sie einen schnellen Snack oder eine Peperoni-Pizza m\u00f6chten, Zhi Mint Plus ist die perfekte L\u00f6sung. DXN Zhi Mint Plus \u2013 Sorgen Sie f\u00fcr einen Wellness-Schub mit dem zus\u00e4tzlichen Wohlbefinden von Ganoderma in Ihrem Mund!<\/p>\n<p>Abk\u00fchlung f\u00fcr Sie: Diese Snacks eignen sich ideal, um Ihre Freunde abzuk\u00fchlen und einen kalten, einfach zu verwendenden Snack zur\u00fcckzulassen. Extra W\u00e4rme: Kombiniert mit den nat\u00fcrlichen Inhaltsstoffen von Ganoderma lucidum sorgt es f\u00fcr einen kr\u00e4ftigen Energieschub und h\u00e4lt straff. Perfekt f\u00fcr jeden Moment: Bewahren Sie es in Ihrer Tasche oder Ihrem Autostapel auf, um sich schnell und angenehm etwas zu g\u00f6nnen, wenn Sie es brauchen.<\/p>\n","protected":false},"excerpt":{"rendered":"<p>Erfrischende Minz-Snoepjes mit Ganoderma DXN Zhi Mint Plus sind erfrischende Minz-Snoepjes mit Maulbeere und Ganoderma lucidum (Reishi-Pilz)-Pulver. Diese erfrischenden Snacks sind bei Erk\u00e4ltung und K\u00e4lte f\u00fcr lange Zeit geeignet, da sie eine k\u00fchlende Wirkung haben und kalt bleiben. Egal ob Sie einen schnellen Snack oder eine Peperoni-Pizza m\u00f6chten, Zhi Mint Plus ist die perfekte L\u00f6sung. [&hellip;]<\/p>\n","protected":false},"featured_media":301,"comment_status":"open","ping_status":"closed","template":"","meta":{"_acf_changed":false},"product_brand":[],"product_cat":[42],"product_tag":[],"class_list":{"0":"post-5905","1":"product","2":"type-product","3":"status-publish","4":"has-post-thumbnail","6":"product_cat-lebensmittel-kategorie","7":"pa_package-12-packs-x-25-g","9":"first","10":"instock","11":"purchasable","12":"product-type-simple"},"acf":[],"_links":{"self":[{"href":"https:\/\/www.dxnwellness.eu\/de\/wp-json\/wp\/v2\/product\/5905","targetHints":{"allow":["GET"]}}],"collection":[{"href":"https:\/\/www.dxnwellness.eu\/de\/wp-json\/wp\/v2\/product"}],"about":[{"href":"https:\/\/www.dxnwellness.eu\/de\/wp-json\/wp\/v2\/types\/product"}],"replies":[{"embeddable":true,"href":"https:\/\/www.dxnwellness.eu\/de\/wp-json\/wp\/v2\/comments?post=5905"}],"wp:featuredmedia":[{"embeddable":true,"href":"https:\/\/www.dxnwellness.eu\/de\/wp-json\/wp\/v2\/media\/301"}],"wp:attachment":[{"href":"https:\/\/www.dxnwellness.eu\/de\/wp-json\/wp\/v2\/media?parent=5905"}],"wp:term":[{"taxonomy":"product_brand","embeddable":true,"href":"https:\/\/www.dxnwellness.eu\/de\/wp-json\/wp\/v2\/product_brand?post=5905"},{"taxonomy":"product_cat","embeddable":true,"href":"https:\/\/www.dxnwellness.eu\/de\/wp-json\/wp\/v2\/product_cat?post=5905"},{"taxonomy":"product_tag","embeddable":true,"href":"https:\/\/www.dxnwellness.eu\/de\/wp-json\/wp\/v2\/product_tag?post=5905"}],"curies":[{"name":"wp","href":"https:\/\/api.w.org\/{rel}","templated":true}]}}