{"id":5901,"date":"2025-05-19T01:47:25","date_gmt":"2025-05-18T22:47:25","guid":{"rendered":"https:\/\/www.dxnwellness.eu\/de\/product\/dxn-lions-mane-lemon-tea\/"},"modified":"2025-05-23T02:02:18","modified_gmt":"2025-05-22T23:02:18","slug":"dxn-lions-mane-lemon-tea","status":"publish","type":"product","link":"https:\/\/www.dxnwellness.eu\/de\/product\/dxn-lions-mane-lemon-tea\/","title":{"rendered":"DXN Lion&#8217;s Mane Lemon Tea"},"content":{"rendered":"<p>Eine erfrischende Mischung aus Tee und L\u00f6wenm\u00e4hne DXN L\u00f6wenm\u00e4hne-Zitronentee kombiniert den starken Duft von schwarzem Tee und Oolong-Tee mit dem erfrischenden Duft von Zitrone und den nat\u00fcrlichen Zutaten des L\u00f6wenm\u00e4hne-Zitronentees (Hericium erinaceus). Dieser gesunde Mix unterst\u00fctzt Ihr allgemeines Wohlbefinden und sorgt f\u00fcr Ihr Wohlbefinden. Ob Sie ein warmes Getr\u00e4nk zum Aufw\u00e4rmen oder Abk\u00fchlen suchen, der DXN Lion\u2018s Mane Lemon Tea ist das perfekte Getr\u00e4nk f\u00fcr Sie. Genie\u00dfe eine erfrischende Teemischung mit einem Tropfen Citro\u00ebn und einer willkommenen Dosis DXN Lion\u2018s Mane Lemon Tea im Kopf!<\/p>\n<p>K\u00fchl und locker: So schmeckt dieser Tee, warm wie kalt. Die einzigartige Kombination aus Tee und Citro\u00ebn stimuliert Ihre Geschmacksnerven. Das Wohlbefinden wird beschrieben: Dieser Tee wird mit der Gaze umh\u00fcllt und unterst\u00fctzt auf nat\u00fcrliche Weise Ihr allgemeines Wohlbefinden. Ideal f\u00fcr den Winter: Ob an einem warmen oder einem kalten Tag, dieser Tee ist f\u00fcr jeden perfekt.<\/p>\n","protected":false},"excerpt":{"rendered":"<p>Eine erfrischende Mischung aus Tee und L\u00f6wenm\u00e4hne DXN L\u00f6wenm\u00e4hne-Zitronentee kombiniert den starken Duft von schwarzem Tee und Oolong-Tee mit dem erfrischenden Duft von Zitrone und den nat\u00fcrlichen Zutaten des L\u00f6wenm\u00e4hne-Zitronentees (Hericium erinaceus). Dieser gesunde Mix unterst\u00fctzt Ihr allgemeines Wohlbefinden und sorgt f\u00fcr Ihr Wohlbefinden. Ob Sie ein warmes Getr\u00e4nk zum Aufw\u00e4rmen oder Abk\u00fchlen suchen, der [&hellip;]<\/p>\n","protected":false},"featured_media":299,"comment_status":"open","ping_status":"closed","template":"","meta":{"_acf_changed":false},"product_brand":[],"product_cat":[400],"product_tag":[],"class_list":{"0":"post-5901","1":"product","2":"type-product","3":"status-publish","4":"has-post-thumbnail","6":"product_cat-tee","7":"pa_package-20-sachets-x-22-g","9":"first","10":"instock","11":"purchasable","12":"product-type-simple"},"acf":[],"_links":{"self":[{"href":"https:\/\/www.dxnwellness.eu\/de\/wp-json\/wp\/v2\/product\/5901","targetHints":{"allow":["GET"]}}],"collection":[{"href":"https:\/\/www.dxnwellness.eu\/de\/wp-json\/wp\/v2\/product"}],"about":[{"href":"https:\/\/www.dxnwellness.eu\/de\/wp-json\/wp\/v2\/types\/product"}],"replies":[{"embeddable":true,"href":"https:\/\/www.dxnwellness.eu\/de\/wp-json\/wp\/v2\/comments?post=5901"}],"wp:featuredmedia":[{"embeddable":true,"href":"https:\/\/www.dxnwellness.eu\/de\/wp-json\/wp\/v2\/media\/299"}],"wp:attachment":[{"href":"https:\/\/www.dxnwellness.eu\/de\/wp-json\/wp\/v2\/media?parent=5901"}],"wp:term":[{"taxonomy":"product_brand","embeddable":true,"href":"https:\/\/www.dxnwellness.eu\/de\/wp-json\/wp\/v2\/product_brand?post=5901"},{"taxonomy":"product_cat","embeddable":true,"href":"https:\/\/www.dxnwellness.eu\/de\/wp-json\/wp\/v2\/product_cat?post=5901"},{"taxonomy":"product_tag","embeddable":true,"href":"https:\/\/www.dxnwellness.eu\/de\/wp-json\/wp\/v2\/product_tag?post=5901"}],"curies":[{"name":"wp","href":"https:\/\/api.w.org\/{rel}","templated":true}]}}