{"id":5899,"date":"2025-05-19T01:47:25","date_gmt":"2025-05-18T22:47:25","guid":{"rendered":"https:\/\/www.dxnwellness.eu\/de\/product\/dxn-lemonzhi\/"},"modified":"2025-05-23T02:02:18","modified_gmt":"2025-05-22T23:02:18","slug":"dxn-lemonzhi","status":"publish","type":"product","link":"https:\/\/www.dxnwellness.eu\/de\/product\/dxn-lemonzhi\/","title":{"rendered":"DXN Lemonzhi"},"content":{"rendered":"<p>Eine erfrischende Mischung aus schwarzem Tee, Zitrone und Ganoderma. DXN Lemonzhi ist ein k\u00f6stliches Getr\u00e4nk, das den k\u00f6stlichen Duft von schwarzem Tee, den erfrischenden Duft von Zitronenpulver und die nat\u00fcrlichen Konservierungsstoffe von Ganoderma lucidum (Reishi-Pilz)-Pulver vereint. Dieses gro\u00dfz\u00fcgige Getr\u00e4nk kann diesen Sommer warm oder kalt genossen werden. Es liegt an der Geschichte, die viele Jahre zur\u00fcckliegt. Ein Getr\u00e4nk, wo Sie und Ihre Kinder auf Sie warten! Versprechen Sie dem Chef von DXN Lemonzhi die gesundheitlichen Vorteile von Ganoderma und den erfrischenden Duft von Citro\u00ebn!<\/p>\n<p>Erfrischend und erfrischend: Der Genuss dieses Getr\u00e4nks ist so warm, dass er kalt ist. An jeder Ecke erwartet Sie ein erfrischender Zitrusduft. Eine tolle Mischung: Dieses Getr\u00e4nk ist mit Ganoderma lucidum versetzt und bietet alle Inhaltsstoffe dieses nat\u00fcrlichen Polsterstuhls, kombiniert mit einer gesunden Zitrusfrucht. Perfekt f\u00fcr alle Gelegenheiten: Ein Getr\u00e4nk, bei dem man es genie\u00dfen kann und das zu allen Gelegenheiten passt, oder bei dem man an einem warmen Tag die Seele baumeln l\u00e4sst oder k\u00fchlt.<\/p>\n","protected":false},"excerpt":{"rendered":"<p>Eine erfrischende Mischung aus schwarzem Tee, Zitrone und Ganoderma. DXN Lemonzhi ist ein k\u00f6stliches Getr\u00e4nk, das den k\u00f6stlichen Duft von schwarzem Tee, den erfrischenden Duft von Zitronenpulver und die nat\u00fcrlichen Konservierungsstoffe von Ganoderma lucidum (Reishi-Pilz)-Pulver vereint. Dieses gro\u00dfz\u00fcgige Getr\u00e4nk kann diesen Sommer warm oder kalt genossen werden. Es liegt an der Geschichte, die viele Jahre [&hellip;]<\/p>\n","protected":false},"featured_media":298,"comment_status":"open","ping_status":"closed","template":"","meta":{"_acf_changed":false},"product_brand":[],"product_cat":[400],"product_tag":[],"class_list":{"0":"post-5899","1":"product","2":"type-product","3":"status-publish","4":"has-post-thumbnail","6":"product_cat-tee","7":"pa_package-20-sachets-x-22-g","9":"first","10":"instock","11":"purchasable","12":"product-type-simple"},"acf":[],"_links":{"self":[{"href":"https:\/\/www.dxnwellness.eu\/de\/wp-json\/wp\/v2\/product\/5899","targetHints":{"allow":["GET"]}}],"collection":[{"href":"https:\/\/www.dxnwellness.eu\/de\/wp-json\/wp\/v2\/product"}],"about":[{"href":"https:\/\/www.dxnwellness.eu\/de\/wp-json\/wp\/v2\/types\/product"}],"replies":[{"embeddable":true,"href":"https:\/\/www.dxnwellness.eu\/de\/wp-json\/wp\/v2\/comments?post=5899"}],"wp:featuredmedia":[{"embeddable":true,"href":"https:\/\/www.dxnwellness.eu\/de\/wp-json\/wp\/v2\/media\/298"}],"wp:attachment":[{"href":"https:\/\/www.dxnwellness.eu\/de\/wp-json\/wp\/v2\/media?parent=5899"}],"wp:term":[{"taxonomy":"product_brand","embeddable":true,"href":"https:\/\/www.dxnwellness.eu\/de\/wp-json\/wp\/v2\/product_brand?post=5899"},{"taxonomy":"product_cat","embeddable":true,"href":"https:\/\/www.dxnwellness.eu\/de\/wp-json\/wp\/v2\/product_cat?post=5899"},{"taxonomy":"product_tag","embeddable":true,"href":"https:\/\/www.dxnwellness.eu\/de\/wp-json\/wp\/v2\/product_tag?post=5899"}],"curies":[{"name":"wp","href":"https:\/\/api.w.org\/{rel}","templated":true}]}}