{"id":5895,"date":"2025-05-19T01:47:25","date_gmt":"2025-05-18T22:47:25","guid":{"rendered":"https:\/\/www.dxnwellness.eu\/de\/product\/dxn-lions-mane-oocha\/"},"modified":"2025-05-23T02:02:18","modified_gmt":"2025-05-22T23:02:18","slug":"dxn-lions-mane-oocha","status":"publish","type":"product","link":"https:\/\/www.dxnwellness.eu\/de\/product\/dxn-lions-mane-oocha\/","title":{"rendered":"DXN Lion&#8217;s Mane Oocha"},"content":{"rendered":"<p>Eine erfrischende Mischung aus Oolong-Tee und L\u00f6wenm\u00e4hne DXN Lion\u2018s Mane Oocha bietet eine harmonische Mischung aus Oolong-Tee, L\u00f6wenm\u00e4hnen-St\u00e4ngelpulver (Hericium erinaceus), Kr\u00e4uterkaffee und Zucker, die f\u00fcr ein wirklich einzigartiges Teeerlebnis geeignet ist. Dank des bemerkenswerten Aromas und des rost\u00e4hnlichen Geruchs bietet dieser nicht-traditionelle Tee einen perfekten Rostmoment, der es Ihnen erm\u00f6glicht, sich zu entspannen, Energie zum Schaffen zu haben und Ihre Sinne abzuk\u00fchlen. Geniessen Sie die beruhigende Wirkung des Oolong-Tees in Kombination mit den nat\u00fcrlichen Inhaltsstoffen des Igelstachelbarts, ein Getr\u00e4nk, das Ihre Stimmung und Ihr Wohlbefinden steigert. Das Geniale an der wunderbaren Kombination aus Oolong-Tee und L\u00f6wenm\u00e4hne ist der Elkhead DXN Lion\u2018s Mane Oolong-Tee, der f\u00fcr die perfekte Balance aus Rauch und W\u00e4rme sorgt.<\/p>\n<p>Einzigartige Mischung: Die k\u00f6stliche Oolong-Teemischung mit Igelstachelbart-Fu\u00dfpulver eignet sich hervorragend f\u00fcr einen vollmundigen, erfrischenden Tee, der dann in die Mischung gegeben wird, wenn Sie auf der Suche nach einem unkonventionellen Tee sind, der aber dennoch ein erfrischendes Getr\u00e4nk bietet. Kraft tanken und aufladen: Dieser Tee eignet sich perfekt, um neue Energie zu tanken. Die L\u00f6wenm\u00e4hne ist das Hauptmerkmal des L\u00f6wenm\u00e4hnenkopfes. Ein erfrischendes Teeerlebnis: DXN Lion\u2018s Mane Oocha ist ideal f\u00fcr Momente, in denen Sie eine Pause brauchen. Damit ist Ihnen ein abwechslungsreicher Teegenuss m\u00f6glich.<\/p>\n","protected":false},"excerpt":{"rendered":"<p>Eine erfrischende Mischung aus Oolong-Tee und L\u00f6wenm\u00e4hne DXN Lion\u2018s Mane Oocha bietet eine harmonische Mischung aus Oolong-Tee, L\u00f6wenm\u00e4hnen-St\u00e4ngelpulver (Hericium erinaceus), Kr\u00e4uterkaffee und Zucker, die f\u00fcr ein wirklich einzigartiges Teeerlebnis geeignet ist. Dank des bemerkenswerten Aromas und des rost\u00e4hnlichen Geruchs bietet dieser nicht-traditionelle Tee einen perfekten Rostmoment, der es Ihnen erm\u00f6glicht, sich zu entspannen, Energie zum [&hellip;]<\/p>\n","protected":false},"featured_media":296,"comment_status":"open","ping_status":"closed","template":"","meta":{"_acf_changed":false},"product_brand":[],"product_cat":[400],"product_tag":[],"class_list":{"0":"post-5895","1":"product","2":"type-product","3":"status-publish","4":"has-post-thumbnail","6":"product_cat-tee","7":"pa_package-12-sachets-x-30-g","9":"first","10":"instock","11":"purchasable","12":"product-type-simple"},"acf":[],"_links":{"self":[{"href":"https:\/\/www.dxnwellness.eu\/de\/wp-json\/wp\/v2\/product\/5895","targetHints":{"allow":["GET"]}}],"collection":[{"href":"https:\/\/www.dxnwellness.eu\/de\/wp-json\/wp\/v2\/product"}],"about":[{"href":"https:\/\/www.dxnwellness.eu\/de\/wp-json\/wp\/v2\/types\/product"}],"replies":[{"embeddable":true,"href":"https:\/\/www.dxnwellness.eu\/de\/wp-json\/wp\/v2\/comments?post=5895"}],"wp:featuredmedia":[{"embeddable":true,"href":"https:\/\/www.dxnwellness.eu\/de\/wp-json\/wp\/v2\/media\/296"}],"wp:attachment":[{"href":"https:\/\/www.dxnwellness.eu\/de\/wp-json\/wp\/v2\/media?parent=5895"}],"wp:term":[{"taxonomy":"product_brand","embeddable":true,"href":"https:\/\/www.dxnwellness.eu\/de\/wp-json\/wp\/v2\/product_brand?post=5895"},{"taxonomy":"product_cat","embeddable":true,"href":"https:\/\/www.dxnwellness.eu\/de\/wp-json\/wp\/v2\/product_cat?post=5895"},{"taxonomy":"product_tag","embeddable":true,"href":"https:\/\/www.dxnwellness.eu\/de\/wp-json\/wp\/v2\/product_tag?post=5895"}],"curies":[{"name":"wp","href":"https:\/\/api.w.org\/{rel}","templated":true}]}}