{"id":5893,"date":"2025-05-19T01:47:25","date_gmt":"2025-05-18T22:47:25","guid":{"rendered":"https:\/\/www.dxnwellness.eu\/de\/product\/dxn-zhitea\/"},"modified":"2025-05-23T02:02:18","modified_gmt":"2025-05-22T23:02:18","slug":"dxn-zhitea","status":"publish","type":"product","link":"https:\/\/www.dxnwellness.eu\/de\/product\/dxn-zhitea\/","title":{"rendered":"DXN Zhitea"},"content":{"rendered":"<p>Ein fermentierter, gut fermentierter Schwarztee. DXN Zhitea bietet einen fermentierten, gut fermentierten Schwarztee, der sich perfekt f\u00fcr die Herstellung eines starken, aromatischen Tees mit einer pers\u00f6nlichen Note eignet. Dank des k\u00f6stlichen Aromas und des kr\u00e4ftigen Rauchs ist dieser Tee ein k\u00f6stlicher Genuss f\u00fcr Momente der Entspannung oder zum Teilen mit Freunden und Familie. Nat\u00fcrlich kann man Tee trinken oder mit einer gewissen Menge Alkohol, DXN Zhitea eignet sich hervorragend f\u00fcr ein abwechslungsreiches Teeerlebnis. Zur Linderung einer unterbewussten, erdr\u00fcckenden Verleumdung wird DXN Zhitea Sie mit seinem Kopf bedecken. Ideal zum Entspannen, Abnehmen und Genie\u00dfen eines guten Teeerlebnisses.<\/p>\n<p>Reichhaltiger, knuspriger Rauch: ein fermentierter Schwarztee mit einem starken, unterschwelligen Rauch, perfekt f\u00fcr echte Teebl\u00e4tter. Aromatisch und ungiftig: Das reichhaltige Aroma und der kr\u00e4ftige Rauch machen es ideal f\u00fcr den Langzeitgebrauch oder f\u00fcr diejenigen, die soziale Distanz wahren. Ideal f\u00fcr Teetassenhalter: Diese Teetasse ist eine perfekte L\u00f6sung f\u00fcr instabile Momente oder Momente mit Ihren Lieben. Die Menschen selbst sind brengt.<\/p>\n","protected":false},"excerpt":{"rendered":"<p>Ein fermentierter, gut fermentierter Schwarztee. DXN Zhitea bietet einen fermentierten, gut fermentierten Schwarztee, der sich perfekt f\u00fcr die Herstellung eines starken, aromatischen Tees mit einer pers\u00f6nlichen Note eignet. Dank des k\u00f6stlichen Aromas und des kr\u00e4ftigen Rauchs ist dieser Tee ein k\u00f6stlicher Genuss f\u00fcr Momente der Entspannung oder zum Teilen mit Freunden und Familie. Nat\u00fcrlich kann [&hellip;]<\/p>\n","protected":false},"featured_media":295,"comment_status":"open","ping_status":"closed","template":"","meta":{"_acf_changed":false},"product_brand":[],"product_cat":[400],"product_tag":[],"class_list":{"0":"post-5893","1":"product","2":"type-product","3":"status-publish","4":"has-post-thumbnail","6":"product_cat-tee","7":"pa_package-100-g","9":"first","10":"instock","11":"purchasable","12":"product-type-simple"},"acf":[],"_links":{"self":[{"href":"https:\/\/www.dxnwellness.eu\/de\/wp-json\/wp\/v2\/product\/5893","targetHints":{"allow":["GET"]}}],"collection":[{"href":"https:\/\/www.dxnwellness.eu\/de\/wp-json\/wp\/v2\/product"}],"about":[{"href":"https:\/\/www.dxnwellness.eu\/de\/wp-json\/wp\/v2\/types\/product"}],"replies":[{"embeddable":true,"href":"https:\/\/www.dxnwellness.eu\/de\/wp-json\/wp\/v2\/comments?post=5893"}],"wp:featuredmedia":[{"embeddable":true,"href":"https:\/\/www.dxnwellness.eu\/de\/wp-json\/wp\/v2\/media\/295"}],"wp:attachment":[{"href":"https:\/\/www.dxnwellness.eu\/de\/wp-json\/wp\/v2\/media?parent=5893"}],"wp:term":[{"taxonomy":"product_brand","embeddable":true,"href":"https:\/\/www.dxnwellness.eu\/de\/wp-json\/wp\/v2\/product_brand?post=5893"},{"taxonomy":"product_cat","embeddable":true,"href":"https:\/\/www.dxnwellness.eu\/de\/wp-json\/wp\/v2\/product_cat?post=5893"},{"taxonomy":"product_tag","embeddable":true,"href":"https:\/\/www.dxnwellness.eu\/de\/wp-json\/wp\/v2\/product_tag?post=5893"}],"curies":[{"name":"wp","href":"https:\/\/api.w.org\/{rel}","templated":true}]}}