{"id":5891,"date":"2025-05-19T01:47:25","date_gmt":"2025-05-18T22:47:25","guid":{"rendered":"https:\/\/www.dxnwellness.eu\/de\/product\/dxn-reishi-gano-tea\/"},"modified":"2025-05-23T02:02:18","modified_gmt":"2025-05-22T23:02:18","slug":"dxn-reishi-gano-tea","status":"publish","type":"product","link":"https:\/\/www.dxnwellness.eu\/de\/product\/dxn-reishi-gano-tea\/","title":{"rendered":"DXN Reishi Gano Tea"},"content":{"rendered":"<p>DXN Reishi Ganoderma Tee vereint den reichen, aromatischen Duft von schwarzem Tee (Camellia sinensis) mit den nat\u00fcrlichen Inhaltsstoffen von Ganoderma lucidum (Reishi), \u00fcber einem Glas Wasser getrunken, das auch gut f\u00fcr den K\u00f6rper ist. Die ideale Art der Suche besteht darin, sich einen Moment der Anspannung und Entspannung zu g\u00f6nnen. Dieser Tee ist eine einzigartige Mischung, die den Geschmack und die Aromen des Tees mit dem Geschmack des Tees verbindet. Nehmen Sie sich Zeit zum Entspannen, Abschalten und Erfrischen mit den einzigartigen und heilenden Eigenschaften des DXN Reishi Gano-Tees \u2013 dem perfekten Tee f\u00fcr Entspannung und Wohlbefinden.<\/p>\n<p>Reich, acht Rauch: Der intensive Rauch des schwarzen Tees wird harmonisch mit den T\u00f6nen von Ganoderma lucidum kombiniert, was einen einzelnen, rostigen Rauch hinterl\u00e4sst. Stress und Frust: Dieser Tee eignet sich perfekt zum Stressabbau und ist ideal f\u00fcr Momente, in denen Sie einmal entspannen, Stress abbauen und sich erfrischt f\u00fchlen m\u00f6chten. N\u00e4hrstoffreiche Inhaltsstoffe: Kombiniert mit Reishi-Pilzen, unter Ber\u00fccksichtigung der potenziellen gesundheitlichen Vorteile, die das allgemeine Wohlbefinden unterst\u00fctzen.<\/p>\n","protected":false},"excerpt":{"rendered":"<p>DXN Reishi Ganoderma Tee vereint den reichen, aromatischen Duft von schwarzem Tee (Camellia sinensis) mit den nat\u00fcrlichen Inhaltsstoffen von Ganoderma lucidum (Reishi), \u00fcber einem Glas Wasser getrunken, das auch gut f\u00fcr den K\u00f6rper ist. Die ideale Art der Suche besteht darin, sich einen Moment der Anspannung und Entspannung zu g\u00f6nnen. Dieser Tee ist eine einzigartige [&hellip;]<\/p>\n","protected":false},"featured_media":294,"comment_status":"open","ping_status":"closed","template":"","meta":{"_acf_changed":false},"product_brand":[],"product_cat":[400],"product_tag":[],"class_list":{"0":"post-5891","1":"product","2":"type-product","3":"status-publish","4":"has-post-thumbnail","6":"product_cat-tee","7":"pa_package-20-infusion-bags-x-2-g","9":"first","10":"instock","11":"purchasable","12":"product-type-simple"},"acf":[],"_links":{"self":[{"href":"https:\/\/www.dxnwellness.eu\/de\/wp-json\/wp\/v2\/product\/5891","targetHints":{"allow":["GET"]}}],"collection":[{"href":"https:\/\/www.dxnwellness.eu\/de\/wp-json\/wp\/v2\/product"}],"about":[{"href":"https:\/\/www.dxnwellness.eu\/de\/wp-json\/wp\/v2\/types\/product"}],"replies":[{"embeddable":true,"href":"https:\/\/www.dxnwellness.eu\/de\/wp-json\/wp\/v2\/comments?post=5891"}],"wp:featuredmedia":[{"embeddable":true,"href":"https:\/\/www.dxnwellness.eu\/de\/wp-json\/wp\/v2\/media\/294"}],"wp:attachment":[{"href":"https:\/\/www.dxnwellness.eu\/de\/wp-json\/wp\/v2\/media?parent=5891"}],"wp:term":[{"taxonomy":"product_brand","embeddable":true,"href":"https:\/\/www.dxnwellness.eu\/de\/wp-json\/wp\/v2\/product_brand?post=5891"},{"taxonomy":"product_cat","embeddable":true,"href":"https:\/\/www.dxnwellness.eu\/de\/wp-json\/wp\/v2\/product_cat?post=5891"},{"taxonomy":"product_tag","embeddable":true,"href":"https:\/\/www.dxnwellness.eu\/de\/wp-json\/wp\/v2\/product_tag?post=5891"}],"curies":[{"name":"wp","href":"https:\/\/api.w.org\/{rel}","templated":true}]}}