{"id":5889,"date":"2025-05-19T01:47:25","date_gmt":"2025-05-18T22:47:25","guid":{"rendered":"https:\/\/www.dxnwellness.eu\/de\/product\/dxn-brook-coffee\/"},"modified":"2025-05-23T02:02:18","modified_gmt":"2025-05-22T23:02:18","slug":"dxn-brook-coffee","status":"publish","type":"product","link":"https:\/\/www.dxnwellness.eu\/de\/product\/dxn-brook-coffee\/","title":{"rendered":"DXN Brook Coffee"},"content":{"rendered":"<p>Ein frischer, frischer Kaffee aus \u00c4thiopien wird Sie mit seinem Aroma erf\u00fcllen. DXN Brook Coffee ist eine Kombination aus Vollkornkaffee und Ganoderma-Pulver. Dieser Kaffee eignet sich f\u00fcr Filterkaffee, Espressomaschinen, Jesva-Kaffeemaschinen, Espressomaschinen, Mokkamaschinen und ist auch f\u00fcr Kannenkaffee geeignet. Dank des Rauchs und seines charakteristischen Aromas ist dieser Kaffee ideal f\u00fcr das, was Sie suchen und f\u00fcr ein einzigartiges und leckeres Kaffeeerlebnis. Ideal als Abendgetr\u00e4nk oder als Alltagsgetr\u00e4nk!<\/p>\n<p>Reichhaltiger, aromatischer Vollkaffee: Der Ausweg besteht darin, den Kaffee in der Maschine nach Ihrem eigenen Geschmack zu bringen. Man kann es essen, Milch und Zucker \u2013 zur\u00fcck zum eigenen Geruch. Einfach und schnell: Abends, nachts oder an Feiertagen &#8211; immer Kaffee einschenken<\/p>\n","protected":false},"excerpt":{"rendered":"<p>Ein frischer, frischer Kaffee aus \u00c4thiopien wird Sie mit seinem Aroma erf\u00fcllen. DXN Brook Coffee ist eine Kombination aus Vollkornkaffee und Ganoderma-Pulver. Dieser Kaffee eignet sich f\u00fcr Filterkaffee, Espressomaschinen, Jesva-Kaffeemaschinen, Espressomaschinen, Mokkamaschinen und ist auch f\u00fcr Kannenkaffee geeignet. Dank des Rauchs und seines charakteristischen Aromas ist dieser Kaffee ideal f\u00fcr das, was Sie suchen und [&hellip;]<\/p>\n","protected":false},"featured_media":293,"comment_status":"open","ping_status":"closed","template":"","meta":{"_acf_changed":false},"product_brand":[],"product_cat":[399],"product_tag":[],"class_list":{"0":"post-5889","1":"product","2":"type-product","3":"status-publish","4":"has-post-thumbnail","6":"product_cat-getraenke","7":"pa_package-500-g","9":"first","10":"instock","11":"purchasable","12":"product-type-simple"},"acf":[],"_links":{"self":[{"href":"https:\/\/www.dxnwellness.eu\/de\/wp-json\/wp\/v2\/product\/5889","targetHints":{"allow":["GET"]}}],"collection":[{"href":"https:\/\/www.dxnwellness.eu\/de\/wp-json\/wp\/v2\/product"}],"about":[{"href":"https:\/\/www.dxnwellness.eu\/de\/wp-json\/wp\/v2\/types\/product"}],"replies":[{"embeddable":true,"href":"https:\/\/www.dxnwellness.eu\/de\/wp-json\/wp\/v2\/comments?post=5889"}],"wp:featuredmedia":[{"embeddable":true,"href":"https:\/\/www.dxnwellness.eu\/de\/wp-json\/wp\/v2\/media\/293"}],"wp:attachment":[{"href":"https:\/\/www.dxnwellness.eu\/de\/wp-json\/wp\/v2\/media?parent=5889"}],"wp:term":[{"taxonomy":"product_brand","embeddable":true,"href":"https:\/\/www.dxnwellness.eu\/de\/wp-json\/wp\/v2\/product_brand?post=5889"},{"taxonomy":"product_cat","embeddable":true,"href":"https:\/\/www.dxnwellness.eu\/de\/wp-json\/wp\/v2\/product_cat?post=5889"},{"taxonomy":"product_tag","embeddable":true,"href":"https:\/\/www.dxnwellness.eu\/de\/wp-json\/wp\/v2\/product_tag?post=5889"}],"curies":[{"name":"wp","href":"https:\/\/api.w.org\/{rel}","templated":true}]}}