{"id":5887,"date":"2025-05-19T01:47:25","date_gmt":"2025-05-18T22:47:25","guid":{"rendered":"https:\/\/www.dxnwellness.eu\/de\/product\/dxn-lions-mane-coffee\/"},"modified":"2025-05-23T02:02:18","modified_gmt":"2025-05-22T23:02:18","slug":"dxn-lions-mane-coffee","status":"publish","type":"product","link":"https:\/\/www.dxnwellness.eu\/de\/product\/dxn-lions-mane-coffee\/","title":{"rendered":"DXN Lion&#8217;s Mane Coffee"},"content":{"rendered":"<p>DXN Lion\u2018s Mane Coffee bietet eine k\u00f6stliche Kombination aus kr\u00e4ftigem Kaffee, einem Kaffee auf Pflanzenbasis und den nat\u00fcrlichen Zutaten des Lion\u2018s Mane-Kaffeepulvers (Hericium erinaceus). Dank des k\u00f6stlichen Aromas und des k\u00f6stlichen Rauchs ist dieser Kaffee perfekt f\u00fcr alle, die ein einzigartiges und leckeres Kaffeeerlebnis suchen. Ob Sie abends einen Kaffee oder ein erfrischendes Getr\u00e4nk zum Genie\u00dfen des Tages finden, Lion&#8217;s Mane Coffee ist eine reine Tasse Kaffee.<\/p>\n<p>Reichhaltiger, aromatischer Rauch: eine ausgewogene Mischung aus Kaffeepulver, Reismehl und Kaffeesatz f\u00fcr eine k\u00f6stliche, vollmundige Tasse Kaffee. L\u00f6wenm\u00e4hne: Die Kraft des L\u00f6wenm\u00e4hnen-Paddenstool wird aufgrund seines kognitiven Potenzials als Nahrungsmittel verwendet. Ideal f\u00fcr jeden Moment: Ideal als Energiequelle in der Nacht oder als st\u00e4ndige Trinkwasserquelle am Tag. Bei diesem Kaffee steht der Blick im Vordergrund und der Fokus liegt auf dem Kaffee.<\/p>\n","protected":false},"excerpt":{"rendered":"<p>DXN Lion\u2018s Mane Coffee bietet eine k\u00f6stliche Kombination aus kr\u00e4ftigem Kaffee, einem Kaffee auf Pflanzenbasis und den nat\u00fcrlichen Zutaten des Lion\u2018s Mane-Kaffeepulvers (Hericium erinaceus). Dank des k\u00f6stlichen Aromas und des k\u00f6stlichen Rauchs ist dieser Kaffee perfekt f\u00fcr alle, die ein einzigartiges und leckeres Kaffeeerlebnis suchen. Ob Sie abends einen Kaffee oder ein erfrischendes Getr\u00e4nk zum [&hellip;]<\/p>\n","protected":false},"featured_media":292,"comment_status":"open","ping_status":"closed","template":"","meta":{"_acf_changed":false},"product_brand":[],"product_cat":[399],"product_tag":[],"class_list":{"0":"post-5887","1":"product","2":"type-product","3":"status-publish","4":"has-post-thumbnail","6":"product_cat-getraenke","7":"pa_package-20-sachets-x-21-g","9":"first","10":"instock","11":"purchasable","12":"product-type-simple"},"acf":[],"_links":{"self":[{"href":"https:\/\/www.dxnwellness.eu\/de\/wp-json\/wp\/v2\/product\/5887","targetHints":{"allow":["GET"]}}],"collection":[{"href":"https:\/\/www.dxnwellness.eu\/de\/wp-json\/wp\/v2\/product"}],"about":[{"href":"https:\/\/www.dxnwellness.eu\/de\/wp-json\/wp\/v2\/types\/product"}],"replies":[{"embeddable":true,"href":"https:\/\/www.dxnwellness.eu\/de\/wp-json\/wp\/v2\/comments?post=5887"}],"wp:featuredmedia":[{"embeddable":true,"href":"https:\/\/www.dxnwellness.eu\/de\/wp-json\/wp\/v2\/media\/292"}],"wp:attachment":[{"href":"https:\/\/www.dxnwellness.eu\/de\/wp-json\/wp\/v2\/media?parent=5887"}],"wp:term":[{"taxonomy":"product_brand","embeddable":true,"href":"https:\/\/www.dxnwellness.eu\/de\/wp-json\/wp\/v2\/product_brand?post=5887"},{"taxonomy":"product_cat","embeddable":true,"href":"https:\/\/www.dxnwellness.eu\/de\/wp-json\/wp\/v2\/product_cat?post=5887"},{"taxonomy":"product_tag","embeddable":true,"href":"https:\/\/www.dxnwellness.eu\/de\/wp-json\/wp\/v2\/product_tag?post=5887"}],"curies":[{"name":"wp","href":"https:\/\/api.w.org\/{rel}","templated":true}]}}