{"id":5883,"date":"2025-05-19T01:47:25","date_gmt":"2025-05-18T22:47:25","guid":{"rendered":"https:\/\/www.dxnwellness.eu\/de\/product\/dxn-cordyceps-coffee-3in1\/"},"modified":"2025-05-23T02:02:18","modified_gmt":"2025-05-22T23:02:18","slug":"dxn-cordyceps-coffee-3in1","status":"publish","type":"product","link":"https:\/\/www.dxnwellness.eu\/de\/product\/dxn-cordyceps-coffee-3in1\/","title":{"rendered":"DXN Cordyceps Coffee 3in1"},"content":{"rendered":"<p>DXN Cordyceps Coffee 3in1 sorgt f\u00fcr einen vollen, aromatischen Kaffee, der den Kaffeesatz frisch h\u00e4lt. Diese praktische 3-in-1-Mischung vereint Instantkaffee, eine reichhaltige und cremige Kaffeemischung f\u00fcr eine knackige, reichhaltige Textur und eine zarte Konsistenz. Dieser Kaffee wird mit den nat\u00fcrlichen Inhaltsstoffen von Cordyceps sinensis hergestellt und ist f\u00fcr einen gesunden und energiegeladenen Start in den Tag oder als erfrischenden Kick zwischendurch gedacht. Genie\u00dfe die perfekte Mischung aus Rauch, reichhaltiger Textur und dem Energieschub von Cordyceps mit DXN Cordyceps Coffee 3in1 \u2013 eine k\u00f6stliche Wahl f\u00fcr einen vollen, energiespendenden Kaffee<\/p>\n<p>Rijk und Smear Vol: Ein ausgewogener Kaffeegeschmack, ein k\u00f6chelndes Risotto und eine reichhaltige Textur vereinen sich zu einer herrlichen Tasse Kaffee. Reich an Cordyceps: Reich an Cordyceps sinensis-Pulver f\u00fcr einen zus\u00e4tzlichen Energieschub und mehr Vitalit\u00e4t. Einfach und schnell: Die 3-in-1-Kaffeemischung eignet sich perfekt zum Trinken am Abend oder f\u00fcr Momente, in denen Sie schnell die n\u00f6tige Energie bekommen.<\/p>\n","protected":false},"excerpt":{"rendered":"<p>DXN Cordyceps Coffee 3in1 sorgt f\u00fcr einen vollen, aromatischen Kaffee, der den Kaffeesatz frisch h\u00e4lt. Diese praktische 3-in-1-Mischung vereint Instantkaffee, eine reichhaltige und cremige Kaffeemischung f\u00fcr eine knackige, reichhaltige Textur und eine zarte Konsistenz. Dieser Kaffee wird mit den nat\u00fcrlichen Inhaltsstoffen von Cordyceps sinensis hergestellt und ist f\u00fcr einen gesunden und energiegeladenen Start in den [&hellip;]<\/p>\n","protected":false},"featured_media":291,"comment_status":"open","ping_status":"closed","template":"","meta":{"_acf_changed":false},"product_brand":[],"product_cat":[399],"product_tag":[],"class_list":{"0":"post-5883","1":"product","2":"type-product","3":"status-publish","4":"has-post-thumbnail","6":"product_cat-getraenke","7":"pa_package-20-sachets-x-21-g","9":"first","10":"instock","11":"purchasable","12":"product-type-simple"},"acf":[],"_links":{"self":[{"href":"https:\/\/www.dxnwellness.eu\/de\/wp-json\/wp\/v2\/product\/5883","targetHints":{"allow":["GET"]}}],"collection":[{"href":"https:\/\/www.dxnwellness.eu\/de\/wp-json\/wp\/v2\/product"}],"about":[{"href":"https:\/\/www.dxnwellness.eu\/de\/wp-json\/wp\/v2\/types\/product"}],"replies":[{"embeddable":true,"href":"https:\/\/www.dxnwellness.eu\/de\/wp-json\/wp\/v2\/comments?post=5883"}],"wp:featuredmedia":[{"embeddable":true,"href":"https:\/\/www.dxnwellness.eu\/de\/wp-json\/wp\/v2\/media\/291"}],"wp:attachment":[{"href":"https:\/\/www.dxnwellness.eu\/de\/wp-json\/wp\/v2\/media?parent=5883"}],"wp:term":[{"taxonomy":"product_brand","embeddable":true,"href":"https:\/\/www.dxnwellness.eu\/de\/wp-json\/wp\/v2\/product_brand?post=5883"},{"taxonomy":"product_cat","embeddable":true,"href":"https:\/\/www.dxnwellness.eu\/de\/wp-json\/wp\/v2\/product_cat?post=5883"},{"taxonomy":"product_tag","embeddable":true,"href":"https:\/\/www.dxnwellness.eu\/de\/wp-json\/wp\/v2\/product_tag?post=5883"}],"curies":[{"name":"wp","href":"https:\/\/api.w.org\/{rel}","templated":true}]}}