{"id":5881,"date":"2025-05-19T01:47:25","date_gmt":"2025-05-18T22:47:25","guid":{"rendered":"https:\/\/www.dxnwellness.eu\/de\/product\/dxn-maca-eucafe\/"},"modified":"2025-05-23T02:02:18","modified_gmt":"2025-05-22T23:02:18","slug":"dxn-maca-eucafe","status":"publish","type":"product","link":"https:\/\/www.dxnwellness.eu\/de\/product\/dxn-maca-eucafe\/","title":{"rendered":"DXN Maca EuCafe"},"content":{"rendered":"<p>Entdecken Sie das k\u00f6stliche Aroma von DXN Maca EuCafe \u2013 einer Premium-Kaffeemischung, die die Reichhaltigkeit von Instantkaffee, die Reichhaltigkeit von Kaffeewei\u00dfer auf Pflanzenbasis und die nat\u00fcrliche Gesundheit von Macapod (Lepidium meyenii) vereint. Dieser k\u00f6stliche Kaffee wird mit einem Mixer zubereitet, bei dem sich ein ausgewogener Kaffeekopf in der Mischung befindet, der dazu dient, die Mischung komplexer und einzigartiger Mischungskombinationen zu halten. Kreieren Sie mit DXN Maca EuCafe die perfekte Mischung aus Rauch und Gesundheit in Ihrer Tasse \u2013 einem Kaffee, der Rauch, Geschmack und die nat\u00fcrlichen Zutaten von Maca vereint.<\/p>\n<p>Einzigartiges Geschmacksprofil: Eine perfekte Kombination aus Instantkaffee, Macadamian\u00fcssen und pflanzlichem Kaffeewei\u00dfer f\u00fcr ein herzhaftes und aromatisches Erlebnis. Nat\u00fcrliche Inhaltsstoffe: Hergestellt mit Hilfe von Macadamian\u00fcssen, soll die nat\u00fcrlichen Eigenschaften der Nuss stimulieren. Einfach und leicht in der Anwendung: So bereiten Sie schnell und einfach einen k\u00f6stlichen, leckeren Kaffee mit extra Maca zu.<\/p>\n","protected":false},"excerpt":{"rendered":"<p>Entdecken Sie das k\u00f6stliche Aroma von DXN Maca EuCafe \u2013 einer Premium-Kaffeemischung, die die Reichhaltigkeit von Instantkaffee, die Reichhaltigkeit von Kaffeewei\u00dfer auf Pflanzenbasis und die nat\u00fcrliche Gesundheit von Macapod (Lepidium meyenii) vereint. Dieser k\u00f6stliche Kaffee wird mit einem Mixer zubereitet, bei dem sich ein ausgewogener Kaffeekopf in der Mischung befindet, der dazu dient, die Mischung [&hellip;]<\/p>\n","protected":false},"featured_media":290,"comment_status":"open","ping_status":"closed","template":"","meta":{"_acf_changed":false},"product_brand":[],"product_cat":[399],"product_tag":[],"class_list":{"0":"post-5881","1":"product","2":"type-product","3":"status-publish","4":"has-post-thumbnail","6":"product_cat-getraenke","7":"pa_package-20-sachets-x-21-g","9":"first","10":"instock","11":"purchasable","12":"product-type-simple"},"acf":[],"_links":{"self":[{"href":"https:\/\/www.dxnwellness.eu\/de\/wp-json\/wp\/v2\/product\/5881","targetHints":{"allow":["GET"]}}],"collection":[{"href":"https:\/\/www.dxnwellness.eu\/de\/wp-json\/wp\/v2\/product"}],"about":[{"href":"https:\/\/www.dxnwellness.eu\/de\/wp-json\/wp\/v2\/types\/product"}],"replies":[{"embeddable":true,"href":"https:\/\/www.dxnwellness.eu\/de\/wp-json\/wp\/v2\/comments?post=5881"}],"wp:featuredmedia":[{"embeddable":true,"href":"https:\/\/www.dxnwellness.eu\/de\/wp-json\/wp\/v2\/media\/290"}],"wp:attachment":[{"href":"https:\/\/www.dxnwellness.eu\/de\/wp-json\/wp\/v2\/media?parent=5881"}],"wp:term":[{"taxonomy":"product_brand","embeddable":true,"href":"https:\/\/www.dxnwellness.eu\/de\/wp-json\/wp\/v2\/product_brand?post=5881"},{"taxonomy":"product_cat","embeddable":true,"href":"https:\/\/www.dxnwellness.eu\/de\/wp-json\/wp\/v2\/product_cat?post=5881"},{"taxonomy":"product_tag","embeddable":true,"href":"https:\/\/www.dxnwellness.eu\/de\/wp-json\/wp\/v2\/product_tag?post=5881"}],"curies":[{"name":"wp","href":"https:\/\/api.w.org\/{rel}","templated":true}]}}