{"id":5879,"date":"2025-05-19T01:47:22","date_gmt":"2025-05-18T22:47:22","guid":{"rendered":"https:\/\/www.dxnwellness.eu\/de\/product\/dxn-maca-vita-cafe\/"},"modified":"2025-05-23T02:02:18","modified_gmt":"2025-05-22T23:02:18","slug":"dxn-maca-vita-cafe","status":"publish","type":"product","link":"https:\/\/www.dxnwellness.eu\/de\/product\/dxn-maca-vita-cafe\/","title":{"rendered":"DXN Maca Vita Cafe"},"content":{"rendered":"<p>DXN Maca Vita Cafe ist eine herzhafte, energiegeladene Kaffeemischung, die das reiche Aroma von Kaffee mit den nat\u00fcrlichen Inhaltsstoffen von Maca und Ginseng kombiniert. Dieser Kaffee wird aus Ganoderma lucidum-Pulver, Kr\u00e4uterkaffeesatz und einer reichhaltigen, aromatischen Mischung hergestellt, die gleichzeitig f\u00fcr Vitalit\u00e4t und Wohlbefinden sorgt wie herk\u00f6mmliche Kaffees. Beginnen Sie Ihren Tag mit einem k\u00f6stlichen, nat\u00fcrlichen Kaffee und genie\u00dfen Sie den k\u00f6stlichen Geschmack von DXN Maca Vita Cafe \u2013 die perfekte Balance aus k\u00f6stlichen, nat\u00fcrlichen Zutaten!<\/p>\n<p>Rijk and Smear Vol: Eine hochwertige Mischung aus Kaffeepulver, Risotto und pflanzlichem Kaffeewei\u00dfer f\u00fcr eine gesunde, vollmundige Tasse Kaffee. Kombiniert mit Maca und Ginseng: Kombiniert mit Macapod (Lepidium meyenii) und Ginseng (Panax ginseng) f\u00fcr einen energiesteigernden, nat\u00fcrlichen Schub. Mit Ganoderma angereichert: Der Kopf ist mit Ganoderma lucidum-Pulver gef\u00fcllt, einer einzigartigen, gesundheitsf\u00f6rdernden Zutat f\u00fcr Ihre Kaffeeroutine.<\/p>\n","protected":false},"excerpt":{"rendered":"<p>DXN Maca Vita Cafe ist eine herzhafte, energiegeladene Kaffeemischung, die das reiche Aroma von Kaffee mit den nat\u00fcrlichen Inhaltsstoffen von Maca und Ginseng kombiniert. Dieser Kaffee wird aus Ganoderma lucidum-Pulver, Kr\u00e4uterkaffeesatz und einer reichhaltigen, aromatischen Mischung hergestellt, die gleichzeitig f\u00fcr Vitalit\u00e4t und Wohlbefinden sorgt wie herk\u00f6mmliche Kaffees. Beginnen Sie Ihren Tag mit einem k\u00f6stlichen, nat\u00fcrlichen [&hellip;]<\/p>\n","protected":false},"featured_media":289,"comment_status":"open","ping_status":"closed","template":"","meta":{"_acf_changed":false},"product_brand":[],"product_cat":[399],"product_tag":[],"class_list":{"0":"post-5879","1":"product","2":"type-product","3":"status-publish","4":"has-post-thumbnail","6":"product_cat-getraenke","7":"pa_package-20-sachets-x-21-g","9":"first","10":"instock","11":"purchasable","12":"product-type-simple"},"acf":[],"_links":{"self":[{"href":"https:\/\/www.dxnwellness.eu\/de\/wp-json\/wp\/v2\/product\/5879","targetHints":{"allow":["GET"]}}],"collection":[{"href":"https:\/\/www.dxnwellness.eu\/de\/wp-json\/wp\/v2\/product"}],"about":[{"href":"https:\/\/www.dxnwellness.eu\/de\/wp-json\/wp\/v2\/types\/product"}],"replies":[{"embeddable":true,"href":"https:\/\/www.dxnwellness.eu\/de\/wp-json\/wp\/v2\/comments?post=5879"}],"wp:featuredmedia":[{"embeddable":true,"href":"https:\/\/www.dxnwellness.eu\/de\/wp-json\/wp\/v2\/media\/289"}],"wp:attachment":[{"href":"https:\/\/www.dxnwellness.eu\/de\/wp-json\/wp\/v2\/media?parent=5879"}],"wp:term":[{"taxonomy":"product_brand","embeddable":true,"href":"https:\/\/www.dxnwellness.eu\/de\/wp-json\/wp\/v2\/product_brand?post=5879"},{"taxonomy":"product_cat","embeddable":true,"href":"https:\/\/www.dxnwellness.eu\/de\/wp-json\/wp\/v2\/product_cat?post=5879"},{"taxonomy":"product_tag","embeddable":true,"href":"https:\/\/www.dxnwellness.eu\/de\/wp-json\/wp\/v2\/product_tag?post=5879"}],"curies":[{"name":"wp","href":"https:\/\/api.w.org\/{rel}","templated":true}]}}