{"id":5875,"date":"2025-05-19T01:47:22","date_gmt":"2025-05-18T22:47:22","guid":{"rendered":"https:\/\/www.dxnwellness.eu\/de\/product\/dxn-white-coffee-zhino\/"},"modified":"2025-05-23T02:02:18","modified_gmt":"2025-05-22T23:02:18","slug":"dxn-white-coffee-zhino","status":"publish","type":"product","link":"https:\/\/www.dxnwellness.eu\/de\/product\/dxn-white-coffee-zhino\/","title":{"rendered":"DXN White Coffee Zhino"},"content":{"rendered":"<p>DXN White Coffee Zhino ist der perfekte Genuss f\u00fcr Cappuccino-Liebhaber. Diese reichhaltige Kaffeemischung vereint erstklassiges Kaffeepulver, Ganoderma lucidum-Pulver, pflanzlichen Kaffeesatz und ein reichhaltiges, mildes Getr\u00e4nk. Der reiche Rauch und das Aroma werden durch eine zarte, reichhaltige Jakobsmuschel erg\u00e4nzt. So haben Sie im Moment ein Cappuccino-Erlebnis. Genie\u00dfen Sie einen k\u00f6stlichen Cappuccino mit Ganoderma und DXN White Coffee Zhino \u2013 der perfekte romantische Kaffee f\u00fcr den Start in den Tag oder eine entspannende Pause!<\/p>\n<p>Romantisch und peinlich: Eine Tasse Kaffee mit Grat, romantisch und peinlich, das ist das Erlebnis. Gef\u00fcllt mit Ganoderma: Der Kopf ist mit Ganoderma lucidum gef\u00fcllt, was ihm eine einzigartige, pflegende Note verleiht. Ideal f\u00fcr Cappuccino-Liebhaber: Kombinieren Sie den k\u00f6stlichen Duft eines Cappuccinos mit dem Geschmack einer Instant-Kaffeemischung.<\/p>\n","protected":false},"excerpt":{"rendered":"<p>DXN White Coffee Zhino ist der perfekte Genuss f\u00fcr Cappuccino-Liebhaber. Diese reichhaltige Kaffeemischung vereint erstklassiges Kaffeepulver, Ganoderma lucidum-Pulver, pflanzlichen Kaffeesatz und ein reichhaltiges, mildes Getr\u00e4nk. Der reiche Rauch und das Aroma werden durch eine zarte, reichhaltige Jakobsmuschel erg\u00e4nzt. So haben Sie im Moment ein Cappuccino-Erlebnis. Genie\u00dfen Sie einen k\u00f6stlichen Cappuccino mit Ganoderma und DXN White [&hellip;]<\/p>\n","protected":false},"featured_media":287,"comment_status":"open","ping_status":"closed","template":"","meta":{"_acf_changed":false},"product_brand":[],"product_cat":[399],"product_tag":[],"class_list":{"0":"post-5875","1":"product","2":"type-product","3":"status-publish","4":"has-post-thumbnail","6":"product_cat-getraenke","7":"pa_package-12-sachets-x-28-g","9":"first","10":"instock","11":"purchasable","12":"product-type-simple"},"acf":[],"_links":{"self":[{"href":"https:\/\/www.dxnwellness.eu\/de\/wp-json\/wp\/v2\/product\/5875","targetHints":{"allow":["GET"]}}],"collection":[{"href":"https:\/\/www.dxnwellness.eu\/de\/wp-json\/wp\/v2\/product"}],"about":[{"href":"https:\/\/www.dxnwellness.eu\/de\/wp-json\/wp\/v2\/types\/product"}],"replies":[{"embeddable":true,"href":"https:\/\/www.dxnwellness.eu\/de\/wp-json\/wp\/v2\/comments?post=5875"}],"wp:featuredmedia":[{"embeddable":true,"href":"https:\/\/www.dxnwellness.eu\/de\/wp-json\/wp\/v2\/media\/287"}],"wp:attachment":[{"href":"https:\/\/www.dxnwellness.eu\/de\/wp-json\/wp\/v2\/media?parent=5875"}],"wp:term":[{"taxonomy":"product_brand","embeddable":true,"href":"https:\/\/www.dxnwellness.eu\/de\/wp-json\/wp\/v2\/product_brand?post=5875"},{"taxonomy":"product_cat","embeddable":true,"href":"https:\/\/www.dxnwellness.eu\/de\/wp-json\/wp\/v2\/product_cat?post=5875"},{"taxonomy":"product_tag","embeddable":true,"href":"https:\/\/www.dxnwellness.eu\/de\/wp-json\/wp\/v2\/product_tag?post=5875"}],"curies":[{"name":"wp","href":"https:\/\/api.w.org\/{rel}","templated":true}]}}