{"id":5872,"date":"2025-05-19T01:47:22","date_gmt":"2025-05-18T22:47:22","guid":{"rendered":"https:\/\/www.dxnwellness.eu\/de\/product\/dxn-zhi-mocha\/"},"modified":"2025-05-23T02:02:22","modified_gmt":"2025-05-22T23:02:22","slug":"dxn-zhi-mocha","status":"publish","type":"product","link":"https:\/\/www.dxnwellness.eu\/de\/product\/dxn-zhi-mocha\/","title":{"rendered":"DXN Zhi Mocha"},"content":{"rendered":"<p>DXN Zhi Mocha ist die perfekte Erg\u00e4nzung f\u00fcr Kaffee- und Kakaoliebhaber. Dieser aromatische Mix vereint erstklassiges Kaffeepulver, Ganoderma lucidum Pulver, Kakaopulver, Risotto, Senfextrakt, mildes Milchpulver und eine pflanzliche Mischung zu einem k\u00f6stlichen, lockeren Getr\u00e4nk. F\u00fcr die perfekte Balance aus Kaffee und Kakao mit dem Extra-Kick von Ganoderma ist DXN Zhi Mocha das k\u00f6stliche Getr\u00e4nk, das Sie jeden Tag lieben werden!<\/p>\n<p>Perfekte Mischung: Eine luxuri\u00f6se Mischung aus Kaffee und Kakao, kombiniert mit den reichhaltigen Extrakten von Ganoderma lucidum. Reichhaltig und cremig: Die F\u00fcllung aus Milchpulver und pflanzlicher Sahne sorgt f\u00fcr eine reichhaltige, cremige Textur, die es geschmeidig und cremig macht. Ausgeglichener Schlaf: Schlafen Sie mit nat\u00fcrlichen Schlafmitteln f\u00fcr eine ausgewogene Schlaff\u00f6rderung, die Sie nicht \u00fcberfordert.Anwendung: Den Inhalt von 1 Beutel (21 g) in eine Sch\u00fcssel geben und mit 200 ml hei\u00dfem Wasser \u00fcbergie\u00dfen. Sie m\u00fcssen sich keine Sorgen machen, dass Kaffee und Wasser an der Geb\u00e4udet\u00fcr verwechselt werden.<\/p>\n","protected":false},"excerpt":{"rendered":"<p>DXN Zhi Mocha ist die perfekte Erg\u00e4nzung f\u00fcr Kaffee- und Kakaoliebhaber. Dieser aromatische Mix vereint erstklassiges Kaffeepulver, Ganoderma lucidum Pulver, Kakaopulver, Risotto, Senfextrakt, mildes Milchpulver und eine pflanzliche Mischung zu einem k\u00f6stlichen, lockeren Getr\u00e4nk. F\u00fcr die perfekte Balance aus Kaffee und Kakao mit dem Extra-Kick von Ganoderma ist DXN Zhi Mocha das k\u00f6stliche Getr\u00e4nk, das [&hellip;]<\/p>\n","protected":false},"featured_media":391,"comment_status":"open","ping_status":"closed","template":"","meta":{"_acf_changed":false},"product_brand":[],"product_cat":[399],"product_tag":[],"class_list":{"0":"post-5872","1":"product","2":"type-product","3":"status-publish","4":"has-post-thumbnail","6":"product_cat-getraenke","7":"pa_package-20-sachets-x-21-g","8":"pa_package-mega-pack-1-kg","10":"first","11":"instock","12":"purchasable","13":"product-type-variable"},"acf":[],"_links":{"self":[{"href":"https:\/\/www.dxnwellness.eu\/de\/wp-json\/wp\/v2\/product\/5872","targetHints":{"allow":["GET"]}}],"collection":[{"href":"https:\/\/www.dxnwellness.eu\/de\/wp-json\/wp\/v2\/product"}],"about":[{"href":"https:\/\/www.dxnwellness.eu\/de\/wp-json\/wp\/v2\/types\/product"}],"replies":[{"embeddable":true,"href":"https:\/\/www.dxnwellness.eu\/de\/wp-json\/wp\/v2\/comments?post=5872"}],"wp:featuredmedia":[{"embeddable":true,"href":"https:\/\/www.dxnwellness.eu\/de\/wp-json\/wp\/v2\/media\/391"}],"wp:attachment":[{"href":"https:\/\/www.dxnwellness.eu\/de\/wp-json\/wp\/v2\/media?parent=5872"}],"wp:term":[{"taxonomy":"product_brand","embeddable":true,"href":"https:\/\/www.dxnwellness.eu\/de\/wp-json\/wp\/v2\/product_brand?post=5872"},{"taxonomy":"product_cat","embeddable":true,"href":"https:\/\/www.dxnwellness.eu\/de\/wp-json\/wp\/v2\/product_cat?post=5872"},{"taxonomy":"product_tag","embeddable":true,"href":"https:\/\/www.dxnwellness.eu\/de\/wp-json\/wp\/v2\/product_tag?post=5872"}],"curies":[{"name":"wp","href":"https:\/\/api.w.org\/{rel}","templated":true}]}}