{"id":5869,"date":"2025-05-19T01:47:22","date_gmt":"2025-05-18T22:47:22","guid":{"rendered":"https:\/\/www.dxnwellness.eu\/de\/product\/dxn-lingzhi-3in1-eu-coffee\/"},"modified":"2025-05-23T02:02:21","modified_gmt":"2025-05-22T23:02:21","slug":"dxn-lingzhi-3in1-eu-coffee","status":"publish","type":"product","link":"https:\/\/www.dxnwellness.eu\/de\/product\/dxn-lingzhi-3in1-eu-coffee\/","title":{"rendered":"DXN Lingzhi 3in1 EU Coffee"},"content":{"rendered":"<p>DXN Lingzhi 3in1 EU Coffee bietet die perfekte Mischung aus Kaffeepulver, Kr\u00e4uterkaffee, Roggenmehl und Ganoderma lucidum-Pulver. Diese praktische 3-in-1-Kaffeemischung erzeugt ein reichhaltiges, aromatisches Aroma mit einer cremigen, reichhaltigen Textur, die Sie zu jeder Tageszeit genie\u00dfen k\u00f6nnen. Wenn Sie abends mit dem Mittagessen beginnen, ist dieser Kaffee schnell, lecker und wohlschmeckend. Genie\u00dfen Sie den Genuss des Edelsteins und den k\u00f6stlichen Duft von DXN Lingzhi 3in1 EU Coffee \u2013 Ihr Lieblingskaffee f\u00fcr eine schnelle, k\u00f6stliche Pause, die gut f\u00fcr Sie ist!<\/p>\n<p>Ausgewogene Mischung: eine harmonische Kombination aus Kaffee, Honig und Jojoba\u00f6l, mit der zus\u00e4tzlichen Unterst\u00fctzung von Ganoderma lucidum. Praktisch: Perfekt f\u00fcr den t\u00e4glichen Druck \u2013 gut umr\u00fchren und schon sind nur wenige Sekunden vergangen, als ob es eine gute Tasse Kaffee w\u00e4re. Nat\u00fcrlich lecker: Ein leckerer und wohlschmeckender Kaffee ohne zus\u00e4tzliches Fett. Servieren Sie dazu einen k\u00f6stlichen roten Kaffee mit DXN Cream Coffee \u2013 die perfekte Wahl f\u00fcr einen nat\u00fcrlichen und cremigen Kaffee!<\/p>\n","protected":false},"excerpt":{"rendered":"<p>DXN Lingzhi 3in1 EU Coffee bietet die perfekte Mischung aus Kaffeepulver, Kr\u00e4uterkaffee, Roggenmehl und Ganoderma lucidum-Pulver. Diese praktische 3-in-1-Kaffeemischung erzeugt ein reichhaltiges, aromatisches Aroma mit einer cremigen, reichhaltigen Textur, die Sie zu jeder Tageszeit genie\u00dfen k\u00f6nnen. Wenn Sie abends mit dem Mittagessen beginnen, ist dieser Kaffee schnell, lecker und wohlschmeckend. Genie\u00dfen Sie den Genuss des [&hellip;]<\/p>\n","protected":false},"featured_media":285,"comment_status":"open","ping_status":"closed","template":"","meta":{"_acf_changed":false},"product_brand":[],"product_cat":[399],"product_tag":[],"class_list":{"0":"post-5869","1":"product","2":"type-product","3":"status-publish","4":"has-post-thumbnail","6":"product_cat-getraenke","7":"pa_package-20-sachets-x-21-g","8":"pa_package-mega-pack-1-kg","10":"first","11":"instock","12":"purchasable","13":"product-type-variable"},"acf":[],"_links":{"self":[{"href":"https:\/\/www.dxnwellness.eu\/de\/wp-json\/wp\/v2\/product\/5869","targetHints":{"allow":["GET"]}}],"collection":[{"href":"https:\/\/www.dxnwellness.eu\/de\/wp-json\/wp\/v2\/product"}],"about":[{"href":"https:\/\/www.dxnwellness.eu\/de\/wp-json\/wp\/v2\/types\/product"}],"replies":[{"embeddable":true,"href":"https:\/\/www.dxnwellness.eu\/de\/wp-json\/wp\/v2\/comments?post=5869"}],"wp:featuredmedia":[{"embeddable":true,"href":"https:\/\/www.dxnwellness.eu\/de\/wp-json\/wp\/v2\/media\/285"}],"wp:attachment":[{"href":"https:\/\/www.dxnwellness.eu\/de\/wp-json\/wp\/v2\/media?parent=5869"}],"wp:term":[{"taxonomy":"product_brand","embeddable":true,"href":"https:\/\/www.dxnwellness.eu\/de\/wp-json\/wp\/v2\/product_brand?post=5869"},{"taxonomy":"product_cat","embeddable":true,"href":"https:\/\/www.dxnwellness.eu\/de\/wp-json\/wp\/v2\/product_cat?post=5869"},{"taxonomy":"product_tag","embeddable":true,"href":"https:\/\/www.dxnwellness.eu\/de\/wp-json\/wp\/v2\/product_tag?post=5869"}],"curies":[{"name":"wp","href":"https:\/\/api.w.org\/{rel}","templated":true}]}}