{"id":5867,"date":"2025-05-19T01:47:22","date_gmt":"2025-05-18T22:47:22","guid":{"rendered":"https:\/\/www.dxnwellness.eu\/de\/product\/dxn-cream-coffee\/"},"modified":"2025-05-23T02:02:18","modified_gmt":"2025-05-22T23:02:18","slug":"dxn-cream-coffee","status":"publish","type":"product","link":"https:\/\/www.dxnwellness.eu\/de\/product\/dxn-cream-coffee\/","title":{"rendered":"DXN Cream Coffee"},"content":{"rendered":"<p>DXN Cream Coffee ist eine Premium-Kaffeemischung, die die Vorteile von pflanzlichem Kaffee mit den N\u00e4hrstoffen von Ganoderma lucidum-Pulver kombiniert. Genie\u00dfen Sie einen vollmundigen, roten Kaffee ohne Zucker. Dies ist die perfekte Wahl, um einen leckeren Snack, aber auch eine gro\u00dfe Tasse Kaffee zu finden. Servieren Sie dazu einen k\u00f6stlichen roten Kaffee mit DXN Cream Coffee \u2013 die perfekte Wahl f\u00fcr einen nat\u00fcrlichen und cremigen Kaffee!<\/p>\n<p>Reich und romig: ein kr\u00e4ftiger, voller Kaffee mit einer romigen Textur, dank des zus\u00e4tzlichen Milchk\u00e4nnchens. Gef\u00fcllt mit Ganoderma: Der Kopf ist mit Ganoderma lucidum Pulver gef\u00fcllt, das f\u00fcr ein einzigartiges Kaffeeerlebnis sorgt. Weniger Zucker: Der nat\u00fcrliche Rauch des Kaffees mit einem zuckerfreien Aufbewahrungsfach wird mit traditionellem 3-in-1-Kaffeesatz kombiniert, der einen aktiven Lebensstil unterst\u00fctzen soll. Anwendung: Den Inhalt einer Dose (14 g) in eine Sch\u00fcssel geben und mit 200 ml hei\u00dfem Wasser \u00fcbergie\u00dfen. Egal, um welchen Kaffee\/Wasser es sich handelt, es h\u00e4ngt von Ihren pers\u00f6nlichen Vorlieben ab.<\/p>\n","protected":false},"excerpt":{"rendered":"<p>DXN Cream Coffee ist eine Premium-Kaffeemischung, die die Vorteile von pflanzlichem Kaffee mit den N\u00e4hrstoffen von Ganoderma lucidum-Pulver kombiniert. Genie\u00dfen Sie einen vollmundigen, roten Kaffee ohne Zucker. Dies ist die perfekte Wahl, um einen leckeren Snack, aber auch eine gro\u00dfe Tasse Kaffee zu finden. Servieren Sie dazu einen k\u00f6stlichen roten Kaffee mit DXN Cream Coffee [&hellip;]<\/p>\n","protected":false},"featured_media":284,"comment_status":"open","ping_status":"closed","template":"","meta":{"_acf_changed":false},"product_brand":[],"product_cat":[399],"product_tag":[],"class_list":{"0":"post-5867","1":"product","2":"type-product","3":"status-publish","4":"has-post-thumbnail","6":"product_cat-getraenke","7":"pa_package-20-sachets-x-14-g","9":"first","10":"instock","11":"purchasable","12":"product-type-simple"},"acf":[],"_links":{"self":[{"href":"https:\/\/www.dxnwellness.eu\/de\/wp-json\/wp\/v2\/product\/5867","targetHints":{"allow":["GET"]}}],"collection":[{"href":"https:\/\/www.dxnwellness.eu\/de\/wp-json\/wp\/v2\/product"}],"about":[{"href":"https:\/\/www.dxnwellness.eu\/de\/wp-json\/wp\/v2\/types\/product"}],"replies":[{"embeddable":true,"href":"https:\/\/www.dxnwellness.eu\/de\/wp-json\/wp\/v2\/comments?post=5867"}],"wp:featuredmedia":[{"embeddable":true,"href":"https:\/\/www.dxnwellness.eu\/de\/wp-json\/wp\/v2\/media\/284"}],"wp:attachment":[{"href":"https:\/\/www.dxnwellness.eu\/de\/wp-json\/wp\/v2\/media?parent=5867"}],"wp:term":[{"taxonomy":"product_brand","embeddable":true,"href":"https:\/\/www.dxnwellness.eu\/de\/wp-json\/wp\/v2\/product_brand?post=5867"},{"taxonomy":"product_cat","embeddable":true,"href":"https:\/\/www.dxnwellness.eu\/de\/wp-json\/wp\/v2\/product_cat?post=5867"},{"taxonomy":"product_tag","embeddable":true,"href":"https:\/\/www.dxnwellness.eu\/de\/wp-json\/wp\/v2\/product_tag?post=5867"}],"curies":[{"name":"wp","href":"https:\/\/api.w.org\/{rel}","templated":true}]}}