{"id":5864,"date":"2025-05-19T01:47:22","date_gmt":"2025-05-18T22:47:22","guid":{"rendered":"https:\/\/www.dxnwellness.eu\/de\/product\/dxn-lingzhi-black-coffee\/"},"modified":"2025-05-23T02:02:21","modified_gmt":"2025-05-22T23:02:21","slug":"dxn-lingzhi-black-coffee","status":"publish","type":"product","link":"https:\/\/www.dxnwellness.eu\/de\/product\/dxn-lingzhi-black-coffee\/","title":{"rendered":"DXN Lingzhi Black Coffee"},"content":{"rendered":"<p>DXN Lingzhi Black Coffee ist ein Instantkaffee der Spitzenqualit\u00e4t, gemischt mit Ganoderma lucidum Pulver, der f\u00fcr ein einzigartiges und aromatisches Kaffeeerlebnis geeignet ist. Dieser \u00e4u\u00dferst beliebte Kaffee enth\u00e4lt das frische, w\u00fcrzige Aroma von schwarzem Kaffee, kombiniert mit den subtilen Noten von Ganoderma. Gestern war es ein Favorit unter Kaffeeliebhabern. Beginnen Sie Ihren Tag mit einer Tasse DXN Lingzhi Black Coffee \u2013 der perfekten Mischung aus Premiumkaffee und Ganoderma, die Sie bis zum Abend genie\u00dfen k\u00f6nnen!<\/p>\n<p>Premiumkaffee: Hergestellt aus hochwertigem Kaffee, gut f\u00fcr einen vollen, aromatischen Geschmack. Mit Ganoderma gef\u00fcllt: Der Kopf ist mit Ganoderma lucidum-Pulver gef\u00fcllt, einer einzigartigen Zutat f\u00fcr Ihre t\u00e4gliche Kaffeeroutine. Perfekt f\u00fcr Kaffeeliebhaber: eine ausgewogene Mischung aus starkem Kaffee und Ganoderma-Zutaten.<\/p>\n","protected":false},"excerpt":{"rendered":"<p>DXN Lingzhi Black Coffee ist ein Instantkaffee der Spitzenqualit\u00e4t, gemischt mit Ganoderma lucidum Pulver, der f\u00fcr ein einzigartiges und aromatisches Kaffeeerlebnis geeignet ist. Dieser \u00e4u\u00dferst beliebte Kaffee enth\u00e4lt das frische, w\u00fcrzige Aroma von schwarzem Kaffee, kombiniert mit den subtilen Noten von Ganoderma. Gestern war es ein Favorit unter Kaffeeliebhabern. Beginnen Sie Ihren Tag mit einer [&hellip;]<\/p>\n","protected":false},"featured_media":282,"comment_status":"open","ping_status":"closed","template":"","meta":{"_acf_changed":false},"product_brand":[],"product_cat":[399],"product_tag":[],"class_list":{"0":"post-5864","1":"product","2":"type-product","3":"status-publish","4":"has-post-thumbnail","6":"product_cat-getraenke","7":"pa_package-20-sachets-x-4-5-g","8":"pa_package-mega-pack-400-g","10":"first","11":"instock","12":"purchasable","13":"product-type-variable"},"acf":[],"_links":{"self":[{"href":"https:\/\/www.dxnwellness.eu\/de\/wp-json\/wp\/v2\/product\/5864","targetHints":{"allow":["GET"]}}],"collection":[{"href":"https:\/\/www.dxnwellness.eu\/de\/wp-json\/wp\/v2\/product"}],"about":[{"href":"https:\/\/www.dxnwellness.eu\/de\/wp-json\/wp\/v2\/types\/product"}],"replies":[{"embeddable":true,"href":"https:\/\/www.dxnwellness.eu\/de\/wp-json\/wp\/v2\/comments?post=5864"}],"wp:featuredmedia":[{"embeddable":true,"href":"https:\/\/www.dxnwellness.eu\/de\/wp-json\/wp\/v2\/media\/282"}],"wp:attachment":[{"href":"https:\/\/www.dxnwellness.eu\/de\/wp-json\/wp\/v2\/media?parent=5864"}],"wp:term":[{"taxonomy":"product_brand","embeddable":true,"href":"https:\/\/www.dxnwellness.eu\/de\/wp-json\/wp\/v2\/product_brand?post=5864"},{"taxonomy":"product_cat","embeddable":true,"href":"https:\/\/www.dxnwellness.eu\/de\/wp-json\/wp\/v2\/product_cat?post=5864"},{"taxonomy":"product_tag","embeddable":true,"href":"https:\/\/www.dxnwellness.eu\/de\/wp-json\/wp\/v2\/product_tag?post=5864"}],"curies":[{"name":"wp","href":"https:\/\/api.w.org\/{rel}","templated":true}]}}