{"id":5861,"date":"2025-05-19T01:47:22","date_gmt":"2025-05-18T22:47:22","guid":{"rendered":"https:\/\/www.dxnwellness.eu\/de\/product\/dxn-cocozhi\/"},"modified":"2025-07-31T12:46:36","modified_gmt":"2025-07-31T09:46:36","slug":"dxn-cocozhi","status":"publish","type":"product","link":"https:\/\/www.dxnwellness.eu\/de\/product\/dxn-cocozhi\/","title":{"rendered":"DXN Cocozhi"},"content":{"rendered":"<p>DXN Cocozhi ist eine k\u00f6stliche Kakaomischung, die den reichen Geschmack von Premium-Kakao mit den einzigartigen Eigenschaften von Ganoderma lucidum (Reishi)-Pulver kombiniert. Diese k\u00f6stliche Mischung hat einen k\u00f6stlichen Schokoladengeschmack mit dem reichen Aroma der pflanzlichen Mischung und dem Geschmack der Fr\u00fcchte. Das perfekte Getr\u00e4nk f\u00fcr Kakaoliebhaber. Profitieren Sie von den wesentlichen Zutaten, einschlie\u00dflich DXN COCOZHI \u2013 einer perfekten Mischung aus Kakao und Ganoderma f\u00fcr ein wirklich einzigartiges Erlebnis!<\/p>\n<p>Premium-Kakao: Hergestellt aus hochwertigem Kakao f\u00fcr ein luxuri\u00f6ses Kakaoprodukt. Reich an Ganoderma: Reich an Ganoderma lucidum \u2013 ein nat\u00fcrlicher Nahrungsschub. Wichtig: Es eignet sich hervorragend als Getr\u00e4nk oder als Dessert in allen m\u00f6glichen Gerichten, von Kuchen und Eis bis hin zu Desserts.<\/p>\n","protected":false},"excerpt":{"rendered":"<p>DXN Cocozhi ist eine k\u00f6stliche Kakaomischung, die den reichen Geschmack von Premium-Kakao mit den einzigartigen Eigenschaften von Ganoderma lucidum (Reishi)-Pulver kombiniert. Diese k\u00f6stliche Mischung hat einen k\u00f6stlichen Schokoladengeschmack mit dem reichen Aroma der pflanzlichen Mischung und dem Geschmack der Fr\u00fcchte. Das perfekte Getr\u00e4nk f\u00fcr Kakaoliebhaber. Profitieren Sie von den wesentlichen Zutaten, einschlie\u00dflich DXN COCOZHI \u2013 [&hellip;]<\/p>\n","protected":false},"featured_media":280,"comment_status":"open","ping_status":"closed","template":"","meta":{"_acf_changed":false},"product_brand":[],"product_cat":[399],"product_tag":[],"class_list":{"0":"post-5861","1":"product","2":"type-product","3":"status-publish","4":"has-post-thumbnail","6":"product_cat-getraenke","7":"pa_package-20-sachets-x-32-g","8":"pa_package-mega-pack-1-kg","10":"first","11":"instock","12":"purchasable","13":"product-type-variable"},"acf":[],"_links":{"self":[{"href":"https:\/\/www.dxnwellness.eu\/de\/wp-json\/wp\/v2\/product\/5861","targetHints":{"allow":["GET"]}}],"collection":[{"href":"https:\/\/www.dxnwellness.eu\/de\/wp-json\/wp\/v2\/product"}],"about":[{"href":"https:\/\/www.dxnwellness.eu\/de\/wp-json\/wp\/v2\/types\/product"}],"replies":[{"embeddable":true,"href":"https:\/\/www.dxnwellness.eu\/de\/wp-json\/wp\/v2\/comments?post=5861"}],"wp:featuredmedia":[{"embeddable":true,"href":"https:\/\/www.dxnwellness.eu\/de\/wp-json\/wp\/v2\/media\/280"}],"wp:attachment":[{"href":"https:\/\/www.dxnwellness.eu\/de\/wp-json\/wp\/v2\/media?parent=5861"}],"wp:term":[{"taxonomy":"product_brand","embeddable":true,"href":"https:\/\/www.dxnwellness.eu\/de\/wp-json\/wp\/v2\/product_brand?post=5861"},{"taxonomy":"product_cat","embeddable":true,"href":"https:\/\/www.dxnwellness.eu\/de\/wp-json\/wp\/v2\/product_cat?post=5861"},{"taxonomy":"product_tag","embeddable":true,"href":"https:\/\/www.dxnwellness.eu\/de\/wp-json\/wp\/v2\/product_tag?post=5861"}],"curies":[{"name":"wp","href":"https:\/\/api.w.org\/{rel}","templated":true}]}}