{"id":5859,"date":"2025-05-19T01:47:22","date_gmt":"2025-05-18T22:47:22","guid":{"rendered":"https:\/\/www.dxnwellness.eu\/de\/product\/dxn-apple-fermented-drink\/"},"modified":"2025-05-23T02:02:18","modified_gmt":"2025-05-22T23:02:18","slug":"dxn-apple-fermented-drink","status":"publish","type":"product","link":"https:\/\/www.dxnwellness.eu\/de\/product\/dxn-apple-fermented-drink\/","title":{"rendered":"DXN Apple Fermented Drink"},"content":{"rendered":"<p>DXN Fermented Apple Drink ist ein k\u00f6stliches und erfrischendes Getr\u00e4nk aus fermentierten \u00c4pfeln. Dieses nat\u00fcrliche Getr\u00e4nk vereint die guten Eigenschaften der \u00c4pfel mit einem leichten, angenehmen Duft, perfekt f\u00fcr jede Tageszeit.<\/p>\n<p>Erfrischendes Erlebnis: Geniet dieses Gef\u00fchl der Anziehungskraft, deshalb haben wir von Citro\u00ebn f\u00fcr ein perfekt harmonisches, erfrischendes Erlebnis gesorgt. Nat\u00fcrlich k\u00f6stlich: Ein k\u00f6stliches, fermentiertes Getr\u00e4nk, das am Ende des Tages serviert wird.<\/p>\n","protected":false},"excerpt":{"rendered":"<p>DXN Fermented Apple Drink ist ein k\u00f6stliches und erfrischendes Getr\u00e4nk aus fermentierten \u00c4pfeln. Dieses nat\u00fcrliche Getr\u00e4nk vereint die guten Eigenschaften der \u00c4pfel mit einem leichten, angenehmen Duft, perfekt f\u00fcr jede Tageszeit. Erfrischendes Erlebnis: Geniet dieses Gef\u00fchl der Anziehungskraft, deshalb haben wir von Citro\u00ebn f\u00fcr ein perfekt harmonisches, erfrischendes Erlebnis gesorgt. Nat\u00fcrlich k\u00f6stlich: Ein k\u00f6stliches, fermentiertes [&hellip;]<\/p>\n","protected":false},"featured_media":279,"comment_status":"open","ping_status":"closed","template":"","meta":{"_acf_changed":false},"product_brand":[],"product_cat":[399],"product_tag":[],"class_list":{"0":"post-5859","1":"product","2":"type-product","3":"status-publish","4":"has-post-thumbnail","6":"product_cat-getraenke","7":"pa_package-15-sachets-x-50-ml","9":"first","10":"instock","11":"purchasable","12":"product-type-simple"},"acf":[],"_links":{"self":[{"href":"https:\/\/www.dxnwellness.eu\/de\/wp-json\/wp\/v2\/product\/5859","targetHints":{"allow":["GET"]}}],"collection":[{"href":"https:\/\/www.dxnwellness.eu\/de\/wp-json\/wp\/v2\/product"}],"about":[{"href":"https:\/\/www.dxnwellness.eu\/de\/wp-json\/wp\/v2\/types\/product"}],"replies":[{"embeddable":true,"href":"https:\/\/www.dxnwellness.eu\/de\/wp-json\/wp\/v2\/comments?post=5859"}],"wp:featuredmedia":[{"embeddable":true,"href":"https:\/\/www.dxnwellness.eu\/de\/wp-json\/wp\/v2\/media\/279"}],"wp:attachment":[{"href":"https:\/\/www.dxnwellness.eu\/de\/wp-json\/wp\/v2\/media?parent=5859"}],"wp:term":[{"taxonomy":"product_brand","embeddable":true,"href":"https:\/\/www.dxnwellness.eu\/de\/wp-json\/wp\/v2\/product_brand?post=5859"},{"taxonomy":"product_cat","embeddable":true,"href":"https:\/\/www.dxnwellness.eu\/de\/wp-json\/wp\/v2\/product_cat?post=5859"},{"taxonomy":"product_tag","embeddable":true,"href":"https:\/\/www.dxnwellness.eu\/de\/wp-json\/wp\/v2\/product_tag?post=5859"}],"curies":[{"name":"wp","href":"https:\/\/api.w.org\/{rel}","templated":true}]}}