{"id":5857,"date":"2025-05-19T01:47:22","date_gmt":"2025-05-18T22:47:22","guid":{"rendered":"https:\/\/www.dxnwellness.eu\/de\/product\/dxn-nutrizhi\/"},"modified":"2025-05-23T02:02:18","modified_gmt":"2025-05-22T23:02:18","slug":"dxn-nutrizhi","status":"publish","type":"product","link":"https:\/\/www.dxnwellness.eu\/de\/product\/dxn-nutrizhi\/","title":{"rendered":"DXN Nutrizhi"},"content":{"rendered":"<p>DXN Nutrizhi ist ein herzhaftes Spezialgetr\u00e4nk aus einer Mischung aus Milch und zus\u00e4tzlichen N\u00e4hrstoffen. Dieses Getr\u00e4nk wird aus Sojabohnen hergestellt, mit Senfextrakt vermischt und mit Ganoderma lucidum-Zellulose versetzt. Es gibt einen Grat, und das ist das Einzige, was wirklich z\u00e4hlt. Ihre wunderbare Reise wird Ihnen das beste Essen mit der guten Gesundheit von DXN Nutrizhi bringen \u2013 die perfekte Balance aus Rauch und Essen!<\/p>\n<p>Lebensmittelzusatzstoffe: Eine reichhaltige Quelle essentieller Omega-3- und Omega-6-Fetts\u00e4uren, kombiniert mit der Unterst\u00fctzung Ihrer t\u00e4glichen Nahrung. Ein wundersch\u00f6ner und romantischer Moment: die perfekte Balance zwischen Sch\u00f6nheit und Romantik. Zutaten: Eine Mischung aus Soja, Weizen und Ganoderma, geeignet f\u00fcr eine gesunde Ern\u00e4hrung.<\/p>\n","protected":false},"excerpt":{"rendered":"<p>DXN Nutrizhi ist ein herzhaftes Spezialgetr\u00e4nk aus einer Mischung aus Milch und zus\u00e4tzlichen N\u00e4hrstoffen. Dieses Getr\u00e4nk wird aus Sojabohnen hergestellt, mit Senfextrakt vermischt und mit Ganoderma lucidum-Zellulose versetzt. Es gibt einen Grat, und das ist das Einzige, was wirklich z\u00e4hlt. Ihre wunderbare Reise wird Ihnen das beste Essen mit der guten Gesundheit von DXN Nutrizhi [&hellip;]<\/p>\n","protected":false},"featured_media":278,"comment_status":"open","ping_status":"closed","template":"","meta":{"_acf_changed":false},"product_brand":[],"product_cat":[399],"product_tag":[],"class_list":{"0":"post-5857","1":"product","2":"type-product","3":"status-publish","4":"has-post-thumbnail","6":"product_cat-getraenke","7":"pa_package-20-sachets-x-30-g","9":"first","10":"instock","11":"purchasable","12":"product-type-simple"},"acf":[],"_links":{"self":[{"href":"https:\/\/www.dxnwellness.eu\/de\/wp-json\/wp\/v2\/product\/5857","targetHints":{"allow":["GET"]}}],"collection":[{"href":"https:\/\/www.dxnwellness.eu\/de\/wp-json\/wp\/v2\/product"}],"about":[{"href":"https:\/\/www.dxnwellness.eu\/de\/wp-json\/wp\/v2\/types\/product"}],"replies":[{"embeddable":true,"href":"https:\/\/www.dxnwellness.eu\/de\/wp-json\/wp\/v2\/comments?post=5857"}],"wp:featuredmedia":[{"embeddable":true,"href":"https:\/\/www.dxnwellness.eu\/de\/wp-json\/wp\/v2\/media\/278"}],"wp:attachment":[{"href":"https:\/\/www.dxnwellness.eu\/de\/wp-json\/wp\/v2\/media?parent=5857"}],"wp:term":[{"taxonomy":"product_brand","embeddable":true,"href":"https:\/\/www.dxnwellness.eu\/de\/wp-json\/wp\/v2\/product_brand?post=5857"},{"taxonomy":"product_cat","embeddable":true,"href":"https:\/\/www.dxnwellness.eu\/de\/wp-json\/wp\/v2\/product_cat?post=5857"},{"taxonomy":"product_tag","embeddable":true,"href":"https:\/\/www.dxnwellness.eu\/de\/wp-json\/wp\/v2\/product_tag?post=5857"}],"curies":[{"name":"wp","href":"https:\/\/api.w.org\/{rel}","templated":true}]}}