{"id":5855,"date":"2025-05-19T01:47:22","date_gmt":"2025-05-18T22:47:22","guid":{"rendered":"https:\/\/www.dxnwellness.eu\/de\/product\/dxn-vinaigrette\/"},"modified":"2025-05-23T02:02:18","modified_gmt":"2025-05-22T23:02:18","slug":"dxn-vinaigrette","status":"publish","type":"product","link":"https:\/\/www.dxnwellness.eu\/de\/product\/dxn-vinaigrette\/","title":{"rendered":"DXN Vinaigrette"},"content":{"rendered":"<p>DXN Vinaigrette \u2013 Eine einzigartige Mischung aus traditioneller und w\u00fcrziger DXN Vinaigrette ist eine hochwertige fermentierte Vinaigrette, die mit dem w\u00fcrzigen Ganoderma lucidum-Essig hergestellt wird. Dieses Rezept wird mit traditionellen Fermentationsmethoden kombiniert, wobei der starke Geruch und die au\u00dfergew\u00f6hnliche Qualit\u00e4t erhalten bleiben. Verleihen Sie Ihrem Tag mit DXN Vinaigrette eine Prise Rauch und Essen \u2013 eine einzigartige Art, sich selbst zu verw\u00f6hnen!<\/p>\n<p>Reich an Esswaren: Eine h\u00e4ufige essbare Pflanze &#8230; Es hat au\u00dferdem antiseptische Eigenschaften und hilft Ihnen, die Gesundheitsrisiken zu \u00fcberwinden. Perfekter Geschmack: Eine perfekte Balance aus hell ger\u00f6stetem Ganoderma und der Zartheit von Ganoderma, ideal f\u00fcr Dressings, Marinaden und mehr. Nat\u00fcrliche Qualit\u00e4t: Organisch fermentiert, um starke, authentische Ger\u00fcche und nat\u00fcrliche G\u00fcte zu erzeugen.<\/p>\n","protected":false},"excerpt":{"rendered":"<p>DXN Vinaigrette \u2013 Eine einzigartige Mischung aus traditioneller und w\u00fcrziger DXN Vinaigrette ist eine hochwertige fermentierte Vinaigrette, die mit dem w\u00fcrzigen Ganoderma lucidum-Essig hergestellt wird. Dieses Rezept wird mit traditionellen Fermentationsmethoden kombiniert, wobei der starke Geruch und die au\u00dfergew\u00f6hnliche Qualit\u00e4t erhalten bleiben. Verleihen Sie Ihrem Tag mit DXN Vinaigrette eine Prise Rauch und Essen \u2013 [&hellip;]<\/p>\n","protected":false},"featured_media":277,"comment_status":"open","ping_status":"closed","template":"","meta":{"_acf_changed":false},"product_brand":[],"product_cat":[399],"product_tag":[],"class_list":{"0":"post-5855","1":"product","2":"type-product","3":"status-publish","4":"has-post-thumbnail","6":"product_cat-getraenke","7":"pa_package-700-ml","9":"first","10":"instock","11":"purchasable","12":"product-type-simple"},"acf":[],"_links":{"self":[{"href":"https:\/\/www.dxnwellness.eu\/de\/wp-json\/wp\/v2\/product\/5855","targetHints":{"allow":["GET"]}}],"collection":[{"href":"https:\/\/www.dxnwellness.eu\/de\/wp-json\/wp\/v2\/product"}],"about":[{"href":"https:\/\/www.dxnwellness.eu\/de\/wp-json\/wp\/v2\/types\/product"}],"replies":[{"embeddable":true,"href":"https:\/\/www.dxnwellness.eu\/de\/wp-json\/wp\/v2\/comments?post=5855"}],"wp:featuredmedia":[{"embeddable":true,"href":"https:\/\/www.dxnwellness.eu\/de\/wp-json\/wp\/v2\/media\/277"}],"wp:attachment":[{"href":"https:\/\/www.dxnwellness.eu\/de\/wp-json\/wp\/v2\/media?parent=5855"}],"wp:term":[{"taxonomy":"product_brand","embeddable":true,"href":"https:\/\/www.dxnwellness.eu\/de\/wp-json\/wp\/v2\/product_brand?post=5855"},{"taxonomy":"product_cat","embeddable":true,"href":"https:\/\/www.dxnwellness.eu\/de\/wp-json\/wp\/v2\/product_cat?post=5855"},{"taxonomy":"product_tag","embeddable":true,"href":"https:\/\/www.dxnwellness.eu\/de\/wp-json\/wp\/v2\/product_tag?post=5855"}],"curies":[{"name":"wp","href":"https:\/\/api.w.org\/{rel}","templated":true}]}}