{"id":5853,"date":"2025-05-19T01:47:22","date_gmt":"2025-05-18T22:47:22","guid":{"rendered":"https:\/\/www.dxnwellness.eu\/de\/product\/dxn-cordypine-2\/"},"modified":"2025-05-23T02:02:18","modified_gmt":"2025-05-22T23:02:18","slug":"dxn-cordypine-2","status":"publish","type":"product","link":"https:\/\/www.dxnwellness.eu\/de\/product\/dxn-cordypine-2\/","title":{"rendered":"DXN Cordypine"},"content":{"rendered":"<p>DXN Cordypine \u2013 Eine erfrischende Mischung aus nat\u00fcrlichen Inhaltsstoffen. DXN Cordypine kombiniert die nat\u00fcrlichen Inhaltsstoffe von fermentierter Ananas, Cordyceps sinensis, Rietsuker und einer bl\u00fchenden Limette, um ein einzigartiges Erfrischungsgetr\u00e4nk zu kreieren. Von diesem k\u00f6stlichen Getr\u00e4nk gibt es ein Warmgetr\u00e4nk, wenn es serviert wird, erlebt man ein tropisches Erlebnis. Genial ist die einzigartige Kombination von DXN Cordypine \u2013 ein erfrischendes Getr\u00e4nk als Teil Ihrer t\u00e4glichen Routine!<\/p>\n<p>Nat\u00fcrliche Zutaten: Eine k\u00f6stliche Mischung aus Ananas, Cordyceps und Limette f\u00fcr ein erfrischendes Aroma und einen angenehmen Geschmack. Ein gutes Getr\u00e4nk: ein k\u00fchles Getr\u00e4nk f\u00fcr ein k\u00fchlendes Gef\u00fchl oder ein warmes Getr\u00e4nk f\u00fcr einen rostigen Genuss. Ideal f\u00fcr den t\u00e4glichen Gebrauch: eine leichte M\u00f6glichkeit, den ganzen Tag \u00fcber hydratisiert und frisch zu bleiben.<\/p>\n","protected":false},"excerpt":{"rendered":"<p>DXN Cordypine \u2013 Eine erfrischende Mischung aus nat\u00fcrlichen Inhaltsstoffen. DXN Cordypine kombiniert die nat\u00fcrlichen Inhaltsstoffe von fermentierter Ananas, Cordyceps sinensis, Rietsuker und einer bl\u00fchenden Limette, um ein einzigartiges Erfrischungsgetr\u00e4nk zu kreieren. Von diesem k\u00f6stlichen Getr\u00e4nk gibt es ein Warmgetr\u00e4nk, wenn es serviert wird, erlebt man ein tropisches Erlebnis. Genial ist die einzigartige Kombination von DXN [&hellip;]<\/p>\n","protected":false},"featured_media":276,"comment_status":"open","ping_status":"closed","template":"","meta":{"_acf_changed":false},"product_brand":[],"product_cat":[399],"product_tag":[],"class_list":{"0":"post-5853","1":"product","2":"type-product","3":"status-publish","4":"has-post-thumbnail","6":"product_cat-getraenke","7":"pa_package-700-ml","9":"first","10":"instock","11":"purchasable","12":"product-type-simple"},"acf":[],"_links":{"self":[{"href":"https:\/\/www.dxnwellness.eu\/de\/wp-json\/wp\/v2\/product\/5853","targetHints":{"allow":["GET"]}}],"collection":[{"href":"https:\/\/www.dxnwellness.eu\/de\/wp-json\/wp\/v2\/product"}],"about":[{"href":"https:\/\/www.dxnwellness.eu\/de\/wp-json\/wp\/v2\/types\/product"}],"replies":[{"embeddable":true,"href":"https:\/\/www.dxnwellness.eu\/de\/wp-json\/wp\/v2\/comments?post=5853"}],"wp:featuredmedia":[{"embeddable":true,"href":"https:\/\/www.dxnwellness.eu\/de\/wp-json\/wp\/v2\/media\/276"}],"wp:attachment":[{"href":"https:\/\/www.dxnwellness.eu\/de\/wp-json\/wp\/v2\/media?parent=5853"}],"wp:term":[{"taxonomy":"product_brand","embeddable":true,"href":"https:\/\/www.dxnwellness.eu\/de\/wp-json\/wp\/v2\/product_brand?post=5853"},{"taxonomy":"product_cat","embeddable":true,"href":"https:\/\/www.dxnwellness.eu\/de\/wp-json\/wp\/v2\/product_cat?post=5853"},{"taxonomy":"product_tag","embeddable":true,"href":"https:\/\/www.dxnwellness.eu\/de\/wp-json\/wp\/v2\/product_tag?post=5853"}],"curies":[{"name":"wp","href":"https:\/\/api.w.org\/{rel}","templated":true}]}}