{"id":5846,"date":"2025-05-19T01:47:22","date_gmt":"2025-05-18T22:47:22","guid":{"rendered":"https:\/\/www.dxnwellness.eu\/de\/product\/dxn-roselle-juice\/"},"modified":"2025-05-27T01:52:15","modified_gmt":"2025-05-26T22:52:15","slug":"dxn-roselle-juice","status":"publish","type":"product","link":"https:\/\/www.dxnwellness.eu\/de\/product\/dxn-roselle-juice\/","title":{"rendered":"DXN Roselle Juice"},"content":{"rendered":"<p>Entdecken Sie den erfrischenden Duft der Natur mit DXN Roselle Juice, hergestellt aus dem Extrakt einiger Hibiscus sabdariffa-Bl\u00fcten. Der k\u00f6stliche Duft und das nat\u00fcrliche Erlebnis machen es zu einer herzhaften Wahl f\u00fcr Ihr t\u00e4gliches Getr\u00e4nk. Entdecken Sie die perfekte Balance zwischen Rauch und Genuss. Probieren Sie noch heute DXN Roselle Juice und ein nat\u00fcrliches, k\u00f6stliches Getr\u00e4nk!<\/p>\n<p>Nat\u00fcrliche Gesundheit: Eine Mischung aus Hibiskusbl\u00fctenextrakten, die ihm eine satte und lebendige Farbe verleiht. Cool und freundlich: Genie\u00dfe ein erfrischendes, fruchtiges Getr\u00e4nk, das dir jeden Tag Energie gibt. Handlich und praktisch: Ideal als Getr\u00e4nk zu warmen Trocken- und Nassspeisen.<\/p>\n","protected":false},"excerpt":{"rendered":"<p>Entdecken Sie den erfrischenden Duft der Natur mit DXN Roselle Juice, hergestellt aus dem Extrakt einiger Hibiscus sabdariffa-Bl\u00fcten. Der k\u00f6stliche Duft und das nat\u00fcrliche Erlebnis machen es zu einer herzhaften Wahl f\u00fcr Ihr t\u00e4gliches Getr\u00e4nk. Entdecken Sie die perfekte Balance zwischen Rauch und Genuss. Probieren Sie noch heute DXN Roselle Juice und ein nat\u00fcrliches, k\u00f6stliches [&hellip;]<\/p>\n","protected":false},"featured_media":272,"comment_status":"open","ping_status":"closed","template":"","meta":{"_acf_changed":false},"product_brand":[],"product_cat":[399],"product_tag":[],"class_list":{"0":"post-5846","1":"product","2":"type-product","3":"status-publish","4":"has-post-thumbnail","6":"product_cat-getraenke","7":"pa_package-285-ml","9":"first","10":"instock","11":"purchasable","12":"product-type-simple"},"acf":[],"_links":{"self":[{"href":"https:\/\/www.dxnwellness.eu\/de\/wp-json\/wp\/v2\/product\/5846","targetHints":{"allow":["GET"]}}],"collection":[{"href":"https:\/\/www.dxnwellness.eu\/de\/wp-json\/wp\/v2\/product"}],"about":[{"href":"https:\/\/www.dxnwellness.eu\/de\/wp-json\/wp\/v2\/types\/product"}],"replies":[{"embeddable":true,"href":"https:\/\/www.dxnwellness.eu\/de\/wp-json\/wp\/v2\/comments?post=5846"}],"wp:featuredmedia":[{"embeddable":true,"href":"https:\/\/www.dxnwellness.eu\/de\/wp-json\/wp\/v2\/media\/272"}],"wp:attachment":[{"href":"https:\/\/www.dxnwellness.eu\/de\/wp-json\/wp\/v2\/media?parent=5846"}],"wp:term":[{"taxonomy":"product_brand","embeddable":true,"href":"https:\/\/www.dxnwellness.eu\/de\/wp-json\/wp\/v2\/product_brand?post=5846"},{"taxonomy":"product_cat","embeddable":true,"href":"https:\/\/www.dxnwellness.eu\/de\/wp-json\/wp\/v2\/product_cat?post=5846"},{"taxonomy":"product_tag","embeddable":true,"href":"https:\/\/www.dxnwellness.eu\/de\/wp-json\/wp\/v2\/product_tag?post=5846"}],"curies":[{"name":"wp","href":"https:\/\/api.w.org\/{rel}","templated":true}]}}