{"id":699,"date":"2025-03-19T14:42:16","date_gmt":"2025-03-19T11:42:16","guid":{"rendered":"https:\/\/www.dxnwellness.eu\/sk\/de\/?page_id=699"},"modified":"2025-03-31T12:15:58","modified_gmt":"2025-03-31T09:15:58","slug":"privacy-policy-de","status":"publish","type":"page","link":"https:\/\/www.dxnwellness.eu\/de\/privacy-policy-de\/","title":{"rendered":"Allgemeine Nutzungsbedingungen"},"content":{"rendered":"<h3>1. Haftungsverzicht f\u00fcr Informationen<\/h3>\n<p>Die Website von DXN enth\u00e4lt Informationen, Daten, Dokumente, Richtlinien, Verfahren, Leitlinien und Bilder (&#8220;Informationen&#8221;), die von DXN erstellt wurden. Die \u201eInformationen\u201c k\u00f6nnen Daten von Dritten (\u201eInformationen Dritter\u201c) enthalten, die nicht von DXN unterst\u00fctzt oder gef\u00f6rdert werden und daher nicht notwendigerweise die Politik, die Praktiken, die Standards oder die Richtlinien von DXN widerspiegeln.<br \/>\nDie auf dieser Website enthaltenen Informationen und Informationen Dritter wurden mit der gebotenen Sorgfalt zusammengestellt und zum Zeitpunkt der Ver\u00f6ffentlichung f\u00fcr wahr und richtig gehalten. DXN beh\u00e4lt sich jedoch das Recht vor, die Informationen jederzeit und ohne Vorank\u00fcndigung zu \u00e4ndern, zu korrigieren und zu verbessern.<br \/>\nDie Informationen k\u00f6nnen technische Ungenauigkeiten und typografische Fehler enthalten. Dementsprechend \u00fcbernimmt DXN keine Garantie daf\u00fcr, dass die Informationen oder Informationen Dritter frei von Fehlern oder Auslassungen sind. DXN ist nicht verantwortlich f\u00fcr die Richtigkeit, G\u00fcltigkeit, Zuverl\u00e4ssigkeit oder Genauigkeit der Informationen und der Informationen Dritter, so wie sie von einem Benutzer interpretiert und verwendet werden. Kein Teil der Informationen darf ohne die vorherige schriftliche Zustimmung von DXN so ver\u00e4ndert werden, dass er einer anderen Person oder Organisation zug\u00e4nglich gemacht wird.<br \/>\nSie sind allein daf\u00fcr verantwortlich, dass der Inhalt und die Informationen, die auf der Website ver\u00f6ffentlicht werden, in Ihrem Wohnsitzland gem\u00e4\u00df den dort geltenden Gesetzen angemessen, zul\u00e4ssig und legal sind.<\/p>\n<p><strong>Warenzeichen<\/strong><\/p>\n<p>Alle Handelsnamen, Warenzeichen, Dienstleistungsnamen, Produktnamen, Produktinformationen, URLs, Website-Adressen, Logos, Designs und Symbole sind Eigentum von DXN. DXN genehmigt nicht die Verwendung dieser Gegenst\u00e4nde f\u00fcr irgendeinen Zweck oder durch irgendeine Person ohne die vorherige schriftliche Zustimmung von DXN, au\u00dfer durch autorisierte H\u00e4ndler und Wiederverk\u00e4ufer von DXN. Haftungsausschluss DXN garantiert nicht und ist nicht verantwortlich f\u00fcr die ununterbrochene Verf\u00fcgbarkeit, die ununterbrochene Zug\u00e4nglichkeit und das Fehlen von Fehlern bei der Bereitstellung der Dienste. Verz\u00f6gerungen, Auslassungen, Unterbrechungen und Ungenauigkeiten k\u00f6nnen beim Inhalt, der Verbreitung von Nachrichten, Informationen und anderen Materialien auftreten. DXN ergreift angemessene Ma\u00dfnahmen, um das Eindringen von Viren und anderen zerst\u00f6rerischen Elementen in seine Website zu verhindern. DXN ist jedoch nicht daf\u00fcr verantwortlich und \u00fcbernimmt keine Garantie daf\u00fcr, dass seine Website frei von zerst\u00f6rerischen Elementen wie Computerviren, Hackern oder technischer Sabotage ist.<\/p>\n<h3>2. Links von nicht autorisierten DXN-Websites Nicht autorisierte Websites<\/h3>\n<p>Die nicht im Besitz von DXN sind oder von DXN betrieben werden, k\u00f6nnen Links zur offiziellen Website von DXN enthalten. Die Aufnahme eines Links zu einer offiziellen DXN-Site bedeutet nicht, dass DXN den Inhalt, die Nutzung oder die Produkte und Dienstleistungen, die \u00fcber solche nicht autorisierten Sites angeboten werden, bef\u00fcrwortet oder die Verantwortung daf\u00fcr \u00fcbernimmt.<br \/>\nDurch die Nutzung eines solchen Links erkennen Sie an und erkl\u00e4ren sich damit einverstanden, dass DXN nicht verantwortlich oder haftbar ist f\u00fcr die Aktivit\u00e4ten, den Inhalt, den Zugang, die Datenschutzrichtlinien, die ge\u00e4u\u00dferten Meinungen, die Pr\u00e4sentationen, die angebotenen Dienstleistungen, die zum Verkauf angebotenen Waren oder alle anderen Links, die auf solchen nicht offiziellen DXN-Seiten enthalten sind.<\/p>\n","protected":false},"excerpt":{"rendered":"<p>1. Haftungsverzicht f\u00fcr Informationen Die Website von DXN enth\u00e4lt Informationen, Daten, Dokumente, Richtlinien, Verfahren, Leitlinien und Bilder (&#8220;Informationen&#8221;), die von DXN erstellt wurden. Die \u201eInformationen\u201c k\u00f6nnen Daten von Dritten (\u201eInformationen Dritter\u201c) enthalten, die nicht von DXN unterst\u00fctzt oder gef\u00f6rdert werden und daher nicht notwendigerweise die Politik, die Praktiken, die Standards oder die Richtlinien von DXN [&hellip;]<\/p>\n","protected":false},"author":2,"featured_media":0,"parent":0,"menu_order":0,"comment_status":"closed","ping_status":"closed","template":"terms_privacy.php","meta":{"_acf_changed":false,"footnotes":""},"class_list":["post-699","page","type-page","status-publish","hentry"],"acf":[],"_links":{"self":[{"href":"https:\/\/www.dxnwellness.eu\/de\/wp-json\/wp\/v2\/pages\/699","targetHints":{"allow":["GET"]}}],"collection":[{"href":"https:\/\/www.dxnwellness.eu\/de\/wp-json\/wp\/v2\/pages"}],"about":[{"href":"https:\/\/www.dxnwellness.eu\/de\/wp-json\/wp\/v2\/types\/page"}],"author":[{"embeddable":true,"href":"https:\/\/www.dxnwellness.eu\/de\/wp-json\/wp\/v2\/users\/2"}],"replies":[{"embeddable":true,"href":"https:\/\/www.dxnwellness.eu\/de\/wp-json\/wp\/v2\/comments?post=699"}],"version-history":[{"count":3,"href":"https:\/\/www.dxnwellness.eu\/de\/wp-json\/wp\/v2\/pages\/699\/revisions"}],"predecessor-version":[{"id":1002,"href":"https:\/\/www.dxnwellness.eu\/de\/wp-json\/wp\/v2\/pages\/699\/revisions\/1002"}],"wp:attachment":[{"href":"https:\/\/www.dxnwellness.eu\/de\/wp-json\/wp\/v2\/media?parent=699"}],"curies":[{"name":"wp","href":"https:\/\/api.w.org\/{rel}","templated":true}]}}