{"id":5330,"date":"2025-03-13T07:40:31","date_gmt":"2025-03-13T07:40:31","guid":{"rendered":"https:\/\/www.dxnwellness.eu\/cz\/product\/dxn-chubby-baby-oil\/"},"modified":"2025-05-23T02:02:05","modified_gmt":"2025-05-23T02:02:05","slug":"dxn-chubby-baby-oil","status":"publish","type":"product","link":"https:\/\/www.dxnwellness.eu\/cz\/product\/dxn-chubby-baby-oil\/","title":{"rendered":"DXN Chubby Baby Oil"},"content":{"rendered":"<p>H\u00fd\u010dkejte sv\u00e9 d\u011b\u0165\u00e1tko pomoc\u00ed d\u011btsk\u00e9ho oleje DXN Chubby Baby Oil, kter\u00fd je obohacen o slune\u010dnicov\u00fd olej a sm\u011bs jemn\u00fdch rostlinn\u00fdch slo\u017eek, v\u010detn\u011b extraktu z kv\u011bt\u016f Chrysanthemum indicum, z ko\u0159ene l\u00e9ko\u0159ice, z ko\u0159ene Sophora angustifolia a z ko\u0159ene Angelica gigas. Tento zklid\u0148uj\u00edc\u00ed olej je speci\u00e1ln\u011b vyvinut\u00fd tak, aby udr\u017eoval hydrataci poko\u017eky i v t\u011b\u017eko dostupn\u00fdch m\u00edstech. Je dostate\u010dn\u011b jemn\u00fd pro citlivou d\u011btskou poko\u017eku a z\u00e1rove\u0148 dostate\u010dn\u011b univerz\u00e1ln\u00ed pro mlad\u00e9 i dosp\u011bl\u00e9 na \u010di\u0161t\u011bn\u00ed, odstra\u0148ov\u00e1n\u00ed make-upu nebo zjemn\u011bn\u00ed drsn\u00e9 poko\u017eky na m\u00edstech, jako jsou lokty nebo paty.<\/p>\n<p>Dop\u0159ejte poko\u017ece sv\u00e9ho d\u00edt\u011bte vy\u017eivuj\u00edc\u00ed p\u00e9\u010di, kterou si zaslou\u017e\u00ed s DXN Chubby Baby Oil &#8211; ide\u00e1ln\u00ed pro citlivou poko\u017eku!<\/p>\n","protected":false},"excerpt":{"rendered":"<p>H\u00fd\u010dkejte sv\u00e9 d\u011b\u0165\u00e1tko pomoc\u00ed d\u011btsk\u00e9ho oleje DXN Chubby Baby Oil, kter\u00fd je obohacen o slune\u010dnicov\u00fd olej a sm\u011bs jemn\u00fdch rostlinn\u00fdch slo\u017eek, v\u010detn\u011b extraktu z kv\u011bt\u016f Chrysanthemum indicum, z ko\u0159ene l\u00e9ko\u0159ice, z ko\u0159ene Sophora angustifolia a z ko\u0159ene Angelica gigas. Tento zklid\u0148uj\u00edc\u00ed olej je speci\u00e1ln\u011b vyvinut\u00fd tak, aby udr\u017eoval hydrataci poko\u017eky i v t\u011b\u017eko dostupn\u00fdch m\u00edstech. [&hellip;]<\/p>\n","protected":false},"featured_media":5455,"comment_status":"closed","ping_status":"closed","template":"","meta":{"_acf_changed":false},"product_brand":[],"product_cat":[352],"product_tag":[],"class_list":{"0":"post-5330","1":"product","2":"type-product","3":"status-publish","4":"has-post-thumbnail","6":"product_cat-osobni-pece","7":"pa_package-200-ml","8":"pa_package-200ml","10":"first","11":"instock","12":"purchasable","13":"product-type-simple"},"acf":[],"_links":{"self":[{"href":"https:\/\/www.dxnwellness.eu\/cz\/wp-json\/wp\/v2\/product\/5330","targetHints":{"allow":["GET"]}}],"collection":[{"href":"https:\/\/www.dxnwellness.eu\/cz\/wp-json\/wp\/v2\/product"}],"about":[{"href":"https:\/\/www.dxnwellness.eu\/cz\/wp-json\/wp\/v2\/types\/product"}],"replies":[{"embeddable":true,"href":"https:\/\/www.dxnwellness.eu\/cz\/wp-json\/wp\/v2\/comments?post=5330"}],"wp:featuredmedia":[{"embeddable":true,"href":"https:\/\/www.dxnwellness.eu\/cz\/wp-json\/wp\/v2\/media\/5455"}],"wp:attachment":[{"href":"https:\/\/www.dxnwellness.eu\/cz\/wp-json\/wp\/v2\/media?parent=5330"}],"wp:term":[{"taxonomy":"product_brand","embeddable":true,"href":"https:\/\/www.dxnwellness.eu\/cz\/wp-json\/wp\/v2\/product_brand?post=5330"},{"taxonomy":"product_cat","embeddable":true,"href":"https:\/\/www.dxnwellness.eu\/cz\/wp-json\/wp\/v2\/product_cat?post=5330"},{"taxonomy":"product_tag","embeddable":true,"href":"https:\/\/www.dxnwellness.eu\/cz\/wp-json\/wp\/v2\/product_tag?post=5330"}],"curies":[{"name":"wp","href":"https:\/\/api.w.org\/{rel}","templated":true}]}}