{"id":5328,"date":"2025-03-13T07:40:27","date_gmt":"2025-03-13T07:40:27","guid":{"rendered":"https:\/\/www.dxnwellness.eu\/cz\/product\/dxn-gano-massage-oil\/"},"modified":"2025-05-23T02:02:05","modified_gmt":"2025-05-23T02:02:05","slug":"dxn-gano-massage-oil","status":"publish","type":"product","link":"https:\/\/www.dxnwellness.eu\/cz\/product\/dxn-gano-massage-oil\/","title":{"rendered":"DXN Gano Massage Oil"},"content":{"rendered":"<p>Dop\u0159ejte si uklid\u0148uj\u00edc\u00ed \u00fa\u010dinky mas\u00e1\u017en\u00edho oleje DXN Gano, luxusn\u00ed sm\u011bsi prvot\u0159\u00eddn\u00edho palmov\u00e9ho oleje a extraktu z houby Ganoderma lucidum. Tento vy\u017eivuj\u00edc\u00ed olej pom\u00e1h\u00e1 uvolnit svaly, hydratuje poko\u017eku a poskytuje osv\u011b\u017euj\u00edc\u00ed a omlazuj\u00edc\u00ed pocit. Je ide\u00e1ln\u00ed pro celkovou p\u00e9\u010di o poko\u017eku a p\u0159edstavuje p\u0159irozen\u00fd zp\u016fsob, jak h\u00fd\u010dkat sv\u00e9 t\u011blo a dop\u0159\u00e1t mu relax.<\/p>\n<p>Omla\u010fte sv\u00e9 t\u011blo zklid\u0148uj\u00edc\u00ed a vy\u017eivuj\u00edc\u00ed silou mas\u00e1\u017en\u00edho oleje DXN Gano!<\/p>\n","protected":false},"excerpt":{"rendered":"<p>Dop\u0159ejte si uklid\u0148uj\u00edc\u00ed \u00fa\u010dinky mas\u00e1\u017en\u00edho oleje DXN Gano, luxusn\u00ed sm\u011bsi prvot\u0159\u00eddn\u00edho palmov\u00e9ho oleje a extraktu z houby Ganoderma lucidum. Tento vy\u017eivuj\u00edc\u00ed olej pom\u00e1h\u00e1 uvolnit svaly, hydratuje poko\u017eku a poskytuje osv\u011b\u017euj\u00edc\u00ed a omlazuj\u00edc\u00ed pocit. Je ide\u00e1ln\u00ed pro celkovou p\u00e9\u010di o poko\u017eku a p\u0159edstavuje p\u0159irozen\u00fd zp\u016fsob, jak h\u00fd\u010dkat sv\u00e9 t\u011blo a dop\u0159\u00e1t mu relax. Omla\u010fte sv\u00e9 t\u011blo [&hellip;]<\/p>\n","protected":false},"featured_media":5454,"comment_status":"closed","ping_status":"closed","template":"","meta":{"_acf_changed":false},"product_brand":[],"product_cat":[352],"product_tag":[],"class_list":{"0":"post-5328","1":"product","2":"type-product","3":"status-publish","4":"has-post-thumbnail","6":"product_cat-osobni-pece","7":"pa_package-75-ml","8":"pa_package-75ml","10":"first","11":"instock","12":"purchasable","13":"product-type-simple"},"acf":[],"_links":{"self":[{"href":"https:\/\/www.dxnwellness.eu\/cz\/wp-json\/wp\/v2\/product\/5328","targetHints":{"allow":["GET"]}}],"collection":[{"href":"https:\/\/www.dxnwellness.eu\/cz\/wp-json\/wp\/v2\/product"}],"about":[{"href":"https:\/\/www.dxnwellness.eu\/cz\/wp-json\/wp\/v2\/types\/product"}],"replies":[{"embeddable":true,"href":"https:\/\/www.dxnwellness.eu\/cz\/wp-json\/wp\/v2\/comments?post=5328"}],"wp:featuredmedia":[{"embeddable":true,"href":"https:\/\/www.dxnwellness.eu\/cz\/wp-json\/wp\/v2\/media\/5454"}],"wp:attachment":[{"href":"https:\/\/www.dxnwellness.eu\/cz\/wp-json\/wp\/v2\/media?parent=5328"}],"wp:term":[{"taxonomy":"product_brand","embeddable":true,"href":"https:\/\/www.dxnwellness.eu\/cz\/wp-json\/wp\/v2\/product_brand?post=5328"},{"taxonomy":"product_cat","embeddable":true,"href":"https:\/\/www.dxnwellness.eu\/cz\/wp-json\/wp\/v2\/product_cat?post=5328"},{"taxonomy":"product_tag","embeddable":true,"href":"https:\/\/www.dxnwellness.eu\/cz\/wp-json\/wp\/v2\/product_tag?post=5328"}],"curies":[{"name":"wp","href":"https:\/\/api.w.org\/{rel}","templated":true}]}}