{"id":5326,"date":"2025-03-13T07:40:27","date_gmt":"2025-03-13T07:40:27","guid":{"rendered":"https:\/\/www.dxnwellness.eu\/cz\/product\/dxn-ganozhi-soap\/"},"modified":"2025-05-23T02:02:05","modified_gmt":"2025-05-23T02:02:05","slug":"dxn-ganozhi-soap","status":"publish","type":"product","link":"https:\/\/www.dxnwellness.eu\/cz\/product\/dxn-ganozhi-soap\/","title":{"rendered":"DXN Ganozhi Soap"},"content":{"rendered":"<p>O\u017eivte svou poko\u017eku m\u00fddlem DXN Ganozhi obohacen\u00fdm o extrakt z houby Ganoderma lucidum. Toto jemn\u00e9 m\u00fddlo \u010dist\u00ed poko\u017eku a z\u00e1rove\u0148 pom\u00e1h\u00e1 udr\u017eovat jej\u00ed p\u0159irozenou vlhkost. V\u00fd\u017eivn\u00e9 vlastnosti Ganodermy zanech\u00e1vaj\u00ed va\u0161i poko\u017eku osv\u011b\u017eenou, hladkou a omlazenou po ka\u017ed\u00e9m pou\u017eit\u00ed.<\/p>\n<p>Vyzkou\u0161ejte osv\u011b\u017euj\u00edc\u00ed a omlazuj\u00edc\u00ed p\u00e9\u010di m\u00fddla DXN Ganozhi &#8211; va\u0161\u00ed dokonal\u00e9 volby pro p\u0159irozen\u011b vy\u017eivovanou poko\u017eku!<\/p>\n","protected":false},"excerpt":{"rendered":"<p>O\u017eivte svou poko\u017eku m\u00fddlem DXN Ganozhi obohacen\u00fdm o extrakt z houby Ganoderma lucidum. Toto jemn\u00e9 m\u00fddlo \u010dist\u00ed poko\u017eku a z\u00e1rove\u0148 pom\u00e1h\u00e1 udr\u017eovat jej\u00ed p\u0159irozenou vlhkost. V\u00fd\u017eivn\u00e9 vlastnosti Ganodermy zanech\u00e1vaj\u00ed va\u0161i poko\u017eku osv\u011b\u017eenou, hladkou a omlazenou po ka\u017ed\u00e9m pou\u017eit\u00ed. Vyzkou\u0161ejte osv\u011b\u017euj\u00edc\u00ed a omlazuj\u00edc\u00ed p\u00e9\u010di m\u00fddla DXN Ganozhi &#8211; va\u0161\u00ed dokonal\u00e9 volby pro p\u0159irozen\u011b vy\u017eivovanou poko\u017eku!<\/p>\n","protected":false},"featured_media":5453,"comment_status":"closed","ping_status":"closed","template":"","meta":{"_acf_changed":false},"product_brand":[],"product_cat":[352],"product_tag":[],"class_list":{"0":"post-5326","1":"product","2":"type-product","3":"status-publish","4":"has-post-thumbnail","6":"product_cat-osobni-pece","7":"pa_package-80-g","8":"pa_package-80g","10":"first","11":"instock","12":"purchasable","13":"product-type-simple"},"acf":[],"_links":{"self":[{"href":"https:\/\/www.dxnwellness.eu\/cz\/wp-json\/wp\/v2\/product\/5326","targetHints":{"allow":["GET"]}}],"collection":[{"href":"https:\/\/www.dxnwellness.eu\/cz\/wp-json\/wp\/v2\/product"}],"about":[{"href":"https:\/\/www.dxnwellness.eu\/cz\/wp-json\/wp\/v2\/types\/product"}],"replies":[{"embeddable":true,"href":"https:\/\/www.dxnwellness.eu\/cz\/wp-json\/wp\/v2\/comments?post=5326"}],"wp:featuredmedia":[{"embeddable":true,"href":"https:\/\/www.dxnwellness.eu\/cz\/wp-json\/wp\/v2\/media\/5453"}],"wp:attachment":[{"href":"https:\/\/www.dxnwellness.eu\/cz\/wp-json\/wp\/v2\/media?parent=5326"}],"wp:term":[{"taxonomy":"product_brand","embeddable":true,"href":"https:\/\/www.dxnwellness.eu\/cz\/wp-json\/wp\/v2\/product_brand?post=5326"},{"taxonomy":"product_cat","embeddable":true,"href":"https:\/\/www.dxnwellness.eu\/cz\/wp-json\/wp\/v2\/product_cat?post=5326"},{"taxonomy":"product_tag","embeddable":true,"href":"https:\/\/www.dxnwellness.eu\/cz\/wp-json\/wp\/v2\/product_tag?post=5326"}],"curies":[{"name":"wp","href":"https:\/\/api.w.org\/{rel}","templated":true}]}}