{"id":5324,"date":"2025-03-13T07:40:27","date_gmt":"2025-03-13T07:40:27","guid":{"rendered":"https:\/\/www.dxnwellness.eu\/cz\/product\/dxn-zhicare-toothpaste\/"},"modified":"2025-05-23T02:02:05","modified_gmt":"2025-05-23T02:02:05","slug":"dxn-zhicare-toothpaste","status":"publish","type":"product","link":"https:\/\/www.dxnwellness.eu\/cz\/product\/dxn-zhicare-toothpaste\/","title":{"rendered":"DXN Zhicare Toothpaste"},"content":{"rendered":"<p>Za\u017eijte jedine\u010dn\u00fd z\u00e1\u017eitek p\u0159i \u010di\u0161t\u011bn\u00ed zub\u016f se zubn\u00ed pastou DXN Zhicare, kter\u00e1 obsahuje sm\u011bs mentolu, st\u00e9vie, h\u0159eb\u00ed\u010dku, extraktu z Ganodermy, sko\u0159ice, tea tree oleje a aloe vera. Tato v\u00fdrazn\u00e1 zubn\u00ed pasta pom\u00e1h\u00e1 \u010distit zuby a osv\u011b\u017eovat dech a z\u00e1rove\u0148 nab\u00edz\u00ed osv\u011b\u017euj\u00edc\u00ed nep\u011bniv\u00fd z\u00e1\u017eitek z \u010di\u0161t\u011bn\u00ed zub\u016f s jedine\u010dnou slanou chut\u00ed. Je navr\u017eena tak, aby byla \u0161etrn\u00e1 k d\u00e1sn\u00edm a poskytovala ka\u017edodenn\u00ed p\u00e9\u010di o \u00fastn\u00ed dutinu s n\u00e1dechem p\u0159\u00edrody.<\/p>\n<p>Dop\u0159ejte sv\u00fdm zub\u016fm p\u00e9\u010di, kterou si zaslou\u017e\u00ed, d\u00edky s\u00edle p\u0159\u00edrodn\u00edch ingredienc\u00ed v zubn\u00ed past\u011b DXN Zhicare!<\/p>\n","protected":false},"excerpt":{"rendered":"<p>Za\u017eijte jedine\u010dn\u00fd z\u00e1\u017eitek p\u0159i \u010di\u0161t\u011bn\u00ed zub\u016f se zubn\u00ed pastou DXN Zhicare, kter\u00e1 obsahuje sm\u011bs mentolu, st\u00e9vie, h\u0159eb\u00ed\u010dku, extraktu z Ganodermy, sko\u0159ice, tea tree oleje a aloe vera. Tato v\u00fdrazn\u00e1 zubn\u00ed pasta pom\u00e1h\u00e1 \u010distit zuby a osv\u011b\u017eovat dech a z\u00e1rove\u0148 nab\u00edz\u00ed osv\u011b\u017euj\u00edc\u00ed nep\u011bniv\u00fd z\u00e1\u017eitek z \u010di\u0161t\u011bn\u00ed zub\u016f s jedine\u010dnou slanou chut\u00ed. Je navr\u017eena tak, aby byla [&hellip;]<\/p>\n","protected":false},"featured_media":5452,"comment_status":"closed","ping_status":"closed","template":"","meta":{"_acf_changed":false},"product_brand":[],"product_cat":[352],"product_tag":[],"class_list":{"0":"post-5324","1":"product","2":"type-product","3":"status-publish","4":"has-post-thumbnail","6":"product_cat-osobni-pece","7":"pa_package-100-g","8":"pa_package-100g","10":"first","11":"instock","12":"purchasable","13":"product-type-simple"},"acf":[],"_links":{"self":[{"href":"https:\/\/www.dxnwellness.eu\/cz\/wp-json\/wp\/v2\/product\/5324","targetHints":{"allow":["GET"]}}],"collection":[{"href":"https:\/\/www.dxnwellness.eu\/cz\/wp-json\/wp\/v2\/product"}],"about":[{"href":"https:\/\/www.dxnwellness.eu\/cz\/wp-json\/wp\/v2\/types\/product"}],"replies":[{"embeddable":true,"href":"https:\/\/www.dxnwellness.eu\/cz\/wp-json\/wp\/v2\/comments?post=5324"}],"wp:featuredmedia":[{"embeddable":true,"href":"https:\/\/www.dxnwellness.eu\/cz\/wp-json\/wp\/v2\/media\/5452"}],"wp:attachment":[{"href":"https:\/\/www.dxnwellness.eu\/cz\/wp-json\/wp\/v2\/media?parent=5324"}],"wp:term":[{"taxonomy":"product_brand","embeddable":true,"href":"https:\/\/www.dxnwellness.eu\/cz\/wp-json\/wp\/v2\/product_brand?post=5324"},{"taxonomy":"product_cat","embeddable":true,"href":"https:\/\/www.dxnwellness.eu\/cz\/wp-json\/wp\/v2\/product_cat?post=5324"},{"taxonomy":"product_tag","embeddable":true,"href":"https:\/\/www.dxnwellness.eu\/cz\/wp-json\/wp\/v2\/product_tag?post=5324"}],"curies":[{"name":"wp","href":"https:\/\/api.w.org\/{rel}","templated":true}]}}