{"id":5319,"date":"2025-03-13T07:40:27","date_gmt":"2025-03-13T07:40:27","guid":{"rendered":"https:\/\/www.dxnwellness.eu\/cz\/product\/dxn-ganozhi-toothpaste\/"},"modified":"2025-05-23T02:02:07","modified_gmt":"2025-05-23T02:02:07","slug":"dxn-ganozhi-toothpaste","status":"publish","type":"product","link":"https:\/\/www.dxnwellness.eu\/cz\/product\/dxn-ganozhi-toothpaste\/","title":{"rendered":"DXN Ganozhi Toothpaste"},"content":{"rendered":"<p>Osv\u011b\u017ete sv\u016fj \u00fasm\u011bv zubn\u00ed pastou DXN Ganozhi, kter\u00e1 je obohacena o v\u00fdta\u017eek z houby Ganoderma lucidum pro vynikaj\u00edc\u00ed p\u00e9\u010di o \u00fastn\u00ed dutinu. Tato jemn\u00e1 zubn\u00ed pasta \u010dist\u00ed zuby a podporuje zdrav\u00ed d\u00e1sn\u00ed a zanech\u00e1v\u00e1 v \u00fastech pocit sv\u011b\u017eesti. Jej\u00ed jedine\u010dn\u00e9 slo\u017een\u00ed neobsahuje barviva ani sacharin a nab\u00edz\u00ed p\u0159\u00edrodn\u00ed p\u0159\u00edstup k udr\u017eov\u00e1n\u00ed \u00fastn\u00ed hygieny.<\/p>\n<p>Udr\u017eujte si sv\u011b\u017e\u00ed dech a z\u00e1\u0159iv\u00fd \u00fasm\u011bv s jemnou p\u00e9\u010d\u00ed zubn\u00ed pasty DXN Ganozhi!<\/p>\n","protected":false},"excerpt":{"rendered":"<p>Osv\u011b\u017ete sv\u016fj \u00fasm\u011bv zubn\u00ed pastou DXN Ganozhi, kter\u00e1 je obohacena o v\u00fdta\u017eek z houby Ganoderma lucidum pro vynikaj\u00edc\u00ed p\u00e9\u010di o \u00fastn\u00ed dutinu. Tato jemn\u00e1 zubn\u00ed pasta \u010dist\u00ed zuby a podporuje zdrav\u00ed d\u00e1sn\u00ed a zanech\u00e1v\u00e1 v \u00fastech pocit sv\u011b\u017eesti. Jej\u00ed jedine\u010dn\u00e9 slo\u017een\u00ed neobsahuje barviva ani sacharin a nab\u00edz\u00ed p\u0159\u00edrodn\u00ed p\u0159\u00edstup k udr\u017eov\u00e1n\u00ed \u00fastn\u00ed hygieny. Udr\u017eujte si [&hellip;]<\/p>\n","protected":false},"featured_media":5449,"comment_status":"closed","ping_status":"closed","template":"","meta":{"_acf_changed":false},"product_brand":[],"product_cat":[352],"product_tag":[],"class_list":{"0":"post-5319","1":"product","2":"type-product","3":"status-publish","4":"has-post-thumbnail","6":"product_cat-osobni-pece","7":"pa_package-150-g","8":"pa_package-150g","9":"pa_package-4-x-40g","10":"pa_package-4x40-g","12":"first","13":"instock","14":"purchasable","15":"product-type-variable"},"acf":[],"_links":{"self":[{"href":"https:\/\/www.dxnwellness.eu\/cz\/wp-json\/wp\/v2\/product\/5319","targetHints":{"allow":["GET"]}}],"collection":[{"href":"https:\/\/www.dxnwellness.eu\/cz\/wp-json\/wp\/v2\/product"}],"about":[{"href":"https:\/\/www.dxnwellness.eu\/cz\/wp-json\/wp\/v2\/types\/product"}],"replies":[{"embeddable":true,"href":"https:\/\/www.dxnwellness.eu\/cz\/wp-json\/wp\/v2\/comments?post=5319"}],"wp:featuredmedia":[{"embeddable":true,"href":"https:\/\/www.dxnwellness.eu\/cz\/wp-json\/wp\/v2\/media\/5449"}],"wp:attachment":[{"href":"https:\/\/www.dxnwellness.eu\/cz\/wp-json\/wp\/v2\/media?parent=5319"}],"wp:term":[{"taxonomy":"product_brand","embeddable":true,"href":"https:\/\/www.dxnwellness.eu\/cz\/wp-json\/wp\/v2\/product_brand?post=5319"},{"taxonomy":"product_cat","embeddable":true,"href":"https:\/\/www.dxnwellness.eu\/cz\/wp-json\/wp\/v2\/product_cat?post=5319"},{"taxonomy":"product_tag","embeddable":true,"href":"https:\/\/www.dxnwellness.eu\/cz\/wp-json\/wp\/v2\/product_tag?post=5319"}],"curies":[{"name":"wp","href":"https:\/\/api.w.org\/{rel}","templated":true}]}}