{"id":5317,"date":"2025-03-13T07:40:27","date_gmt":"2025-03-13T07:40:27","guid":{"rendered":"https:\/\/www.dxnwellness.eu\/cz\/product\/dxn-ganozhi-body-foam\/"},"modified":"2025-05-23T02:02:05","modified_gmt":"2025-05-23T02:02:05","slug":"dxn-ganozhi-body-foam","status":"publish","type":"product","link":"https:\/\/www.dxnwellness.eu\/cz\/product\/dxn-ganozhi-body-foam\/","title":{"rendered":"DXN Ganozhi Body Foam"},"content":{"rendered":"<p>H\u00fd\u010dkejte svou poko\u017eku t\u011blovou p\u011bnou DXN Ganozhi, jej\u00ed\u017e slo\u017een\u00ed obsahuje pr\u00e1\u0161ek z houby Ganoderma lucidum a vitamin E. Tato jemn\u00e1 t\u011blov\u00e1 p\u011bna \u00fa\u010dinn\u011b \u010dist\u00ed a z\u00e1rove\u0148 udr\u017euje p\u0159irozenou rovnov\u00e1hu vlhkosti poko\u017eky. D\u00edky jedine\u010dn\u00e9 hn\u011bd\u00e9 barv\u011b a p\u0159\u00edrodn\u00ed v\u016fni nab\u00edz\u00ed osv\u011b\u017euj\u00edc\u00ed pocit, tak\u017ee je ide\u00e1ln\u00ed pro pou\u017eit\u00ed po pobytu na slunci, zejm\u00e9na v l\u00e9t\u011b.<\/p>\n<p>Dop\u0159ejte sv\u00e9 poko\u017ece jemn\u00e9, osv\u011b\u017euj\u00edc\u00ed \u010di\u0161t\u011bn\u00ed t\u011blovou p\u011bnou DXN Ganozhi a u\u017e\u00edvejte si jemnou a vy\u017eivovanou poko\u017eku ka\u017ed\u00fd den!<\/p>\n","protected":false},"excerpt":{"rendered":"<p>H\u00fd\u010dkejte svou poko\u017eku t\u011blovou p\u011bnou DXN Ganozhi, jej\u00ed\u017e slo\u017een\u00ed obsahuje pr\u00e1\u0161ek z houby Ganoderma lucidum a vitamin E. Tato jemn\u00e1 t\u011blov\u00e1 p\u011bna \u00fa\u010dinn\u011b \u010dist\u00ed a z\u00e1rove\u0148 udr\u017euje p\u0159irozenou rovnov\u00e1hu vlhkosti poko\u017eky. D\u00edky jedine\u010dn\u00e9 hn\u011bd\u00e9 barv\u011b a p\u0159\u00edrodn\u00ed v\u016fni nab\u00edz\u00ed osv\u011b\u017euj\u00edc\u00ed pocit, tak\u017ee je ide\u00e1ln\u00ed pro pou\u017eit\u00ed po pobytu na slunci, zejm\u00e9na v l\u00e9t\u011b. Dop\u0159ejte sv\u00e9 [&hellip;]<\/p>\n","protected":false},"featured_media":5448,"comment_status":"closed","ping_status":"closed","template":"","meta":{"_acf_changed":false},"product_brand":[],"product_cat":[352],"product_tag":[],"class_list":{"0":"post-5317","1":"product","2":"type-product","3":"status-publish","4":"has-post-thumbnail","6":"product_cat-osobni-pece","7":"pa_package-250-ml","8":"pa_package-250ml","10":"first","11":"instock","12":"purchasable","13":"product-type-simple"},"acf":[],"_links":{"self":[{"href":"https:\/\/www.dxnwellness.eu\/cz\/wp-json\/wp\/v2\/product\/5317","targetHints":{"allow":["GET"]}}],"collection":[{"href":"https:\/\/www.dxnwellness.eu\/cz\/wp-json\/wp\/v2\/product"}],"about":[{"href":"https:\/\/www.dxnwellness.eu\/cz\/wp-json\/wp\/v2\/types\/product"}],"replies":[{"embeddable":true,"href":"https:\/\/www.dxnwellness.eu\/cz\/wp-json\/wp\/v2\/comments?post=5317"}],"wp:featuredmedia":[{"embeddable":true,"href":"https:\/\/www.dxnwellness.eu\/cz\/wp-json\/wp\/v2\/media\/5448"}],"wp:attachment":[{"href":"https:\/\/www.dxnwellness.eu\/cz\/wp-json\/wp\/v2\/media?parent=5317"}],"wp:term":[{"taxonomy":"product_brand","embeddable":true,"href":"https:\/\/www.dxnwellness.eu\/cz\/wp-json\/wp\/v2\/product_brand?post=5317"},{"taxonomy":"product_cat","embeddable":true,"href":"https:\/\/www.dxnwellness.eu\/cz\/wp-json\/wp\/v2\/product_cat?post=5317"},{"taxonomy":"product_tag","embeddable":true,"href":"https:\/\/www.dxnwellness.eu\/cz\/wp-json\/wp\/v2\/product_tag?post=5317"}],"curies":[{"name":"wp","href":"https:\/\/api.w.org\/{rel}","templated":true}]}}